{"id":7954,"date":"2024-07-04T15:46:49","date_gmt":"2024-07-04T15:46:49","guid":{"rendered":"https:\/\/susistemapruebas.com\/grapi\/?post_type=product&#038;p=7954"},"modified":"2025-08-01T15:51:23","modified_gmt":"2025-08-01T15:51:23","slug":"abc-ensarta","status":"publish","type":"product","link":"https:\/\/susistemapruebas.com\/grapi\/producto\/abc-ensarta\/","title":{"rendered":"ABC ENSARTA"},"content":{"rendered":"<p>El uso de este material permite trabajar con la motricidad del ni\u00f1o puesto que deber\u00e1 unirlas por medio de un hilo y al mismo tiempo podr\u00e1 familiarizarse con las letras del abecedario, podr\u00e1 formar diferentes palabras e incluso separar por silabas, tambi\u00e9n podr\u00e1 hacer actividades de seriaci\u00f3n y clasificaci\u00f3n siguiendo el orden del alfabeto o bien por colores.<\/p>\n<p>Presentaci\u00f3n:\u00a0 192 pzas.\u00a0\u00a0 Tama\u00f1o Aproximado: 5 cm.<\/p>\n<p><a href=\"https:\/\/susistemapruebas.com\/grapi\/wp-content\/uploads\/2025\/05\/Catalogo_DOIT-2025-2.pdf\">Cat\u00e1logo_DOIT 2025-2<\/a><\/p>\n","protected":false},"excerpt":{"rendered":"<h4><strong>ABC ENSARTA<\/strong><\/h4>\n","protected":false},"featured_media":7955,"template":"","meta":[],"product_brand":[],"product_cat":[94],"product_tag":[],"class_list":{"0":"post-7954","1":"product","2":"type-product","3":"status-publish","4":"has-post-thumbnail","6":"product_cat-material-didactico","8":"first","9":"instock","10":"shipping-taxable","11":"product-type-simple"},"_links":{"self":[{"href":"https:\/\/susistemapruebas.com\/grapi\/wp-json\/wp\/v2\/product\/7954","targetHints":{"allow":["GET"]}}],"collection":[{"href":"https:\/\/susistemapruebas.com\/grapi\/wp-json\/wp\/v2\/product"}],"about":[{"href":"https:\/\/susistemapruebas.com\/grapi\/wp-json\/wp\/v2\/types\/product"}],"wp:featuredmedia":[{"embeddable":true,"href":"https:\/\/susistemapruebas.com\/grapi\/wp-json\/wp\/v2\/media\/7955"}],"wp:attachment":[{"href":"https:\/\/susistemapruebas.com\/grapi\/wp-json\/wp\/v2\/media?parent=7954"}],"wp:term":[{"taxonomy":"product_brand","embeddable":true,"href":"https:\/\/susistemapruebas.com\/grapi\/wp-json\/wp\/v2\/product_brand?post=7954"},{"taxonomy":"product_cat","embeddable":true,"href":"https:\/\/susistemapruebas.com\/grapi\/wp-json\/wp\/v2\/product_cat?post=7954"},{"taxonomy":"product_tag","embeddable":true,"href":"https:\/\/susistemapruebas.com\/grapi\/wp-json\/wp\/v2\/product_tag?post=7954"}],"curies":[{"name":"wp","href":"https:\/\/api.w.org\/{rel}","templated":true}]}}