{"id":7952,"date":"2024-07-02T18:42:14","date_gmt":"2024-07-02T18:42:14","guid":{"rendered":"https:\/\/susistemapruebas.com\/grapi\/?post_type=product&#038;p=7952"},"modified":"2024-07-02T18:42:14","modified_gmt":"2024-07-02T18:42:14","slug":"proyector-interactivo","status":"publish","type":"product","link":"https:\/\/susistemapruebas.com\/grapi\/producto\/proyector-interactivo\/","title":{"rendered":"PROYECTOR INTERACTIVO"},"content":{"rendered":"<p>El proyector interactivo DOIT Air crea una proyecci\u00f3n colorida y atractiva en cualquier parte de la habitaci\u00f3n que interacciona con el movimiento corporal.<\/p>\n<p>Adem\u00e1s, con el DOIT Air puedes crear salas inmersivas \u00fanicas de alta tecnolog\u00eda para estimular y mejorar todos los efectos cognitivos de tu sala snoezelen o multisensorial. Por lo tanto, podr\u00e1s plasmar cualquier medio ambiente, y del mismo modo proyectar juegos muy divertidos e interactivos. Entre ellos granjas de animales, pinchar globos, partidos de futbol, dispersar flores entre muchos otros m\u00e1s.<\/p>\n<p><strong>CARACTER\u00cdSTICAS DEL PROYECTOR INTERACTIVO DOIT AIR PARA SALAS INMERSIVAS:<\/strong><\/p>\n<ul>\n<li>El proyector tiene un alto brillo para crear la mejor experiencia interactiva posible.<\/li>\n<li>Sus medidas de proyecci\u00f3n aproximadamente son de 2,2 m x 1,7 m dependiendo de la altura de instalaci\u00f3n<\/li>\n<li>Permite a los usuarios con movimientos muy limitados modificar muchos aspectos de su entorno inmediato.<\/li>\n<li>Gracias a su c\u00e1mara detecta y responde al movimiento corporal.<\/li>\n<li>Para finalizar puede agregar cualquier archivo de imagen, video y audio para adaptar las Necesidades que desee de su sala multisensorial.<\/li>\n<li>Convierta cualquier \u00e1rea en una zona divertida y 100% \u00fatil para ni\u00f1os con problemas motoras.<\/li>\n<\/ul>\n<p>\u00bfQuieres conocer mas sobre estos productos? Cont\u00e1ctanos ahora.<\/p>\n<p>Solicita mas informaci\u00f3n.<\/p>\n","protected":false},"excerpt":{"rendered":"<p>El proyector interactivo DOIT Air crea una proyecci\u00f3n colorida y atractiva en cualquier parte de la habitaci\u00f3n que interacciona con el movimiento corporal. Adem\u00e1s, con el DOIT Air puedes crear salas inmersivas \u00fanicas de alta tecnolog\u00eda para estimular y mejorar todos los efectos cognitivos de tu sala snoezelen o multisensorial. Por lo tanto, podr\u00e1s plasmar [&hellip;]<\/p>\n","protected":false},"featured_media":7951,"template":"","meta":[],"product_brand":[],"product_cat":[68],"product_tag":[],"class_list":{"0":"post-7952","1":"product","2":"type-product","3":"status-publish","4":"has-post-thumbnail","6":"product_cat-piso-interactivo","8":"first","9":"instock","10":"shipping-taxable","11":"product-type-simple"},"_links":{"self":[{"href":"https:\/\/susistemapruebas.com\/grapi\/wp-json\/wp\/v2\/product\/7952","targetHints":{"allow":["GET"]}}],"collection":[{"href":"https:\/\/susistemapruebas.com\/grapi\/wp-json\/wp\/v2\/product"}],"about":[{"href":"https:\/\/susistemapruebas.com\/grapi\/wp-json\/wp\/v2\/types\/product"}],"wp:featuredmedia":[{"embeddable":true,"href":"https:\/\/susistemapruebas.com\/grapi\/wp-json\/wp\/v2\/media\/7951"}],"wp:attachment":[{"href":"https:\/\/susistemapruebas.com\/grapi\/wp-json\/wp\/v2\/media?parent=7952"}],"wp:term":[{"taxonomy":"product_brand","embeddable":true,"href":"https:\/\/susistemapruebas.com\/grapi\/wp-json\/wp\/v2\/product_brand?post=7952"},{"taxonomy":"product_cat","embeddable":true,"href":"https:\/\/susistemapruebas.com\/grapi\/wp-json\/wp\/v2\/product_cat?post=7952"},{"taxonomy":"product_tag","embeddable":true,"href":"https:\/\/susistemapruebas.com\/grapi\/wp-json\/wp\/v2\/product_tag?post=7952"}],"curies":[{"name":"wp","href":"https:\/\/api.w.org\/{rel}","templated":true}]}}