{"id":7948,"date":"2024-07-02T18:22:28","date_gmt":"2024-07-02T18:22:28","guid":{"rendered":"https:\/\/susistemapruebas.com\/grapi\/?post_type=product&#038;p=7948"},"modified":"2024-07-02T18:22:28","modified_gmt":"2024-07-02T18:22:28","slug":"piso-interactivo-proyector-doit-air","status":"publish","type":"product","link":"https:\/\/susistemapruebas.com\/grapi\/producto\/piso-interactivo-proyector-doit-air\/","title":{"rendered":"PISO INTERACTIVO. PROYECTOR DOIT AIR"},"content":{"rendered":"<p>SUPERFICIE INTERACTIVA. Proyecci\u00f3n interactiva en el suelo, el proyector necesita la instalaci\u00f3n en el techo, este sistema integra un proyector, la c\u00e1mara con iluminaci\u00f3n IR para reconocer los movimientos en la superficie, se instalan varios escenarios con diferentes actividades con el movimiento.<\/p>\n<p>Transforman tu propia sala en cualquier bosque, oc\u00e9ano o mini-juegos interactivos. Este sistema, compacto y de f\u00e1cil montaje, proyecta escenarios con el piso interactivo, con la capacidad de reaccionar y responder a los movimientos de los usuarios, permitiendo que jueguen y desarrollen su sistema cognitivo.<\/p>\n<p>Solicita mas informaci\u00f3n.<\/p>\n","protected":false},"excerpt":{"rendered":"<p>SUPERFICIE INTERACTIVA. Proyecci\u00f3n interactiva en el suelo, el proyector necesita la instalaci\u00f3n en el techo, este sistema integra un proyector, la c\u00e1mara con iluminaci\u00f3n IR para reconocer los movimientos en la superficie, se instalan varios escenarios con diferentes actividades con el movimiento. Transforman tu propia sala en cualquier bosque, oc\u00e9ano o mini-juegos interactivos. Este sistema, [&hellip;]<\/p>\n","protected":false},"featured_media":7949,"template":"","meta":[],"product_brand":[],"product_cat":[68],"product_tag":[],"class_list":{"0":"post-7948","1":"product","2":"type-product","3":"status-publish","4":"has-post-thumbnail","6":"product_cat-piso-interactivo","8":"first","9":"instock","10":"shipping-taxable","11":"product-type-simple"},"_links":{"self":[{"href":"https:\/\/susistemapruebas.com\/grapi\/wp-json\/wp\/v2\/product\/7948","targetHints":{"allow":["GET"]}}],"collection":[{"href":"https:\/\/susistemapruebas.com\/grapi\/wp-json\/wp\/v2\/product"}],"about":[{"href":"https:\/\/susistemapruebas.com\/grapi\/wp-json\/wp\/v2\/types\/product"}],"wp:featuredmedia":[{"embeddable":true,"href":"https:\/\/susistemapruebas.com\/grapi\/wp-json\/wp\/v2\/media\/7949"}],"wp:attachment":[{"href":"https:\/\/susistemapruebas.com\/grapi\/wp-json\/wp\/v2\/media?parent=7948"}],"wp:term":[{"taxonomy":"product_brand","embeddable":true,"href":"https:\/\/susistemapruebas.com\/grapi\/wp-json\/wp\/v2\/product_brand?post=7948"},{"taxonomy":"product_cat","embeddable":true,"href":"https:\/\/susistemapruebas.com\/grapi\/wp-json\/wp\/v2\/product_cat?post=7948"},{"taxonomy":"product_tag","embeddable":true,"href":"https:\/\/susistemapruebas.com\/grapi\/wp-json\/wp\/v2\/product_tag?post=7948"}],"curies":[{"name":"wp","href":"https:\/\/api.w.org\/{rel}","templated":true}]}}