{"id":7945,"date":"2024-07-02T18:05:55","date_gmt":"2024-07-02T18:05:55","guid":{"rendered":"https:\/\/susistemapruebas.com\/grapi\/?post_type=product&#038;p=7945"},"modified":"2024-07-02T18:15:16","modified_gmt":"2024-07-02T18:15:16","slug":"muro-interactivo-o-pared-de-burbujas-interactivo","status":"publish","type":"product","link":"https:\/\/susistemapruebas.com\/grapi\/producto\/muro-interactivo-o-pared-de-burbujas-interactivo\/","title":{"rendered":"Muro Interactivo O Pared De Burbujas Interactivo"},"content":{"rendered":"<p>El Muro Interactivo es una fuente de estimulaci\u00f3n visual en dos sentidos. Por un lado, realiza cambios de color que se extienden por todas las ESFERAS ubicadas ESPACIADAMENTE por toda su longitud, por otro, se puede crear una corriente de burbujas o esferas que es ideal para realizar actividades de seguimiento visual. Ideal para el desarrollo de habilidades controlando el color del muro de burbujas con el controlador inal\u00e1mbrico de 8 BOTONES<\/p>\n<p>Medidas: 180 X 120 X 05 CMS.<\/p>\n<p>Es una herramienta vers\u00e1til para trabajar la estimulaci\u00f3n visual y auditiva, y realizar tareas de seguimiento. permite al usuario interactuar con la luz, aporta relajaci\u00f3n, estimulaci\u00f3n visual y t\u00e1ctil. Este muro o PARED est\u00e1 dise\u00f1ada para que los m\u00e1s peque\u00f1os puedan interactuar y relajarse, ya que los cambios de COLOR producen y provocan estos efector en los ni\u00f1os. En psicomotricidad sensorial se busca la estimulaci\u00f3n sensorial de los m\u00e1s peque\u00f1os, para que aprendan colores y sensaciones.<\/p>\n<p>Proporcionan suaves cambios de color a trav\u00e9s del sonido y podr\u00e1n recrear ambientes donde los colores, y la interactividad abren un sinf\u00edn de posibilidades para el seguimiento visual, la motricidad y la relaci\u00f3n causa-efecto.<\/p>\n<p>Iluminadas por luces LED que van cambiando de color. La podr\u00e1s controlar sus cambios con sonido o voz (audio r\u00edtmico), con un control remoto con el que se puede controlar los cambios de color para la iluminaci\u00f3n.\u00a0 El usuario tambi\u00e9n podr\u00e1 activar\/desactivar las burbujas mediante la CONSOLA DOIT.<\/p>\n","protected":false},"excerpt":{"rendered":"<p>El Muro Interactivo es una fuente de estimulaci\u00f3n visual en dos sentidos. Por un lado, realiza cambios de color que se extienden por todas las ESFERAS ubicadas ESPACIADAMENTE por toda su longitud, por otro, se puede crear una corriente de burbujas o esferas que es ideal para realizar actividades de seguimiento visual. Ideal para el [&hellip;]<\/p>\n","protected":false},"featured_media":7138,"template":"","meta":[],"product_brand":[],"product_cat":[67],"product_tag":[],"class_list":{"0":"post-7945","1":"product","2":"type-product","3":"status-publish","4":"has-post-thumbnail","6":"product_cat-muro-interactivo","8":"first","9":"instock","10":"shipping-taxable","11":"product-type-simple"},"_links":{"self":[{"href":"https:\/\/susistemapruebas.com\/grapi\/wp-json\/wp\/v2\/product\/7945","targetHints":{"allow":["GET"]}}],"collection":[{"href":"https:\/\/susistemapruebas.com\/grapi\/wp-json\/wp\/v2\/product"}],"about":[{"href":"https:\/\/susistemapruebas.com\/grapi\/wp-json\/wp\/v2\/types\/product"}],"wp:featuredmedia":[{"embeddable":true,"href":"https:\/\/susistemapruebas.com\/grapi\/wp-json\/wp\/v2\/media\/7138"}],"wp:attachment":[{"href":"https:\/\/susistemapruebas.com\/grapi\/wp-json\/wp\/v2\/media?parent=7945"}],"wp:term":[{"taxonomy":"product_brand","embeddable":true,"href":"https:\/\/susistemapruebas.com\/grapi\/wp-json\/wp\/v2\/product_brand?post=7945"},{"taxonomy":"product_cat","embeddable":true,"href":"https:\/\/susistemapruebas.com\/grapi\/wp-json\/wp\/v2\/product_cat?post=7945"},{"taxonomy":"product_tag","embeddable":true,"href":"https:\/\/susistemapruebas.com\/grapi\/wp-json\/wp\/v2\/product_tag?post=7945"}],"curies":[{"name":"wp","href":"https:\/\/api.w.org\/{rel}","templated":true}]}}