{"id":7944,"date":"2024-07-02T18:01:42","date_gmt":"2024-07-02T18:01:42","guid":{"rendered":"https:\/\/susistemapruebas.com\/grapi\/?post_type=product&#038;p=7944"},"modified":"2024-07-02T18:01:42","modified_gmt":"2024-07-02T18:01:42","slug":"unidad-movil-de-estimulacion-sensorial","status":"publish","type":"product","link":"https:\/\/susistemapruebas.com\/grapi\/producto\/unidad-movil-de-estimulacion-sensorial\/","title":{"rendered":"UNIDAD MOVIL DE ESTIMULACION SENSORIAL"},"content":{"rendered":"<p><strong>UNIDAD MOVIL DE ESTIMULACION SENSORIAL<\/strong><\/p>\n<p>PORTABLE SNOEZELEN ROOM DOIT3<\/p>\n<p>Este carro sensorial es compacto, m\u00f3vil gracias a sus ruedas e ideal para usar en m\u00faltiples ubicaciones.<\/p>\n<p>Pr\u00e1ctico carro sensorial peque\u00f1o para almacenar materiales y de f\u00e1cil manejo. Presenta un orificio para un haz de fibras \u00f3pticas donde la fuente de luz se puede introducir de forma segura dentro del armario. El resto de art\u00edculos sensoriales se pueden colocar en la parte superior.<\/p>\n<p>El carro sensorial es m\u00f3vil gracias a sus ruedas y viene equipado con dos cajones, dos armarios con cerradura y una zona abierta. Est\u00e1 fabricado en MADERA\u00a0 de pino acabado pintura laca.<\/p>\n<p>Medidas 80 X40 X 75.<\/p>\n<p>Este sistema port\u00e1til integra:<\/p>\n<ol>\n<li>Equipo de audio.<\/li>\n<li>Fibras \u00f3pticas 200 tiras de 2 metros con fuente de luz.<\/li>\n<li>-Aromaterapia con caja de 6 esencias.<\/li>\n<li>-Tubo Columna de agua interactiva DOIT<\/li>\n<li>Caja de 8 pulsadores para cambio color de la columna.<\/li>\n<li>Lampara de luz negra UV<\/li>\n<\/ol>\n","protected":false},"excerpt":{"rendered":"<p>PORTABLE SNOEZELEN ROOM DOIT3<\/p>\n","protected":false},"featured_media":7111,"template":"","meta":[],"product_brand":[],"product_cat":[66],"product_tag":[],"class_list":{"0":"post-7944","1":"product","2":"type-product","3":"status-publish","4":"has-post-thumbnail","6":"product_cat-unidad-movil","8":"first","9":"instock","10":"shipping-taxable","11":"product-type-simple"},"_links":{"self":[{"href":"https:\/\/susistemapruebas.com\/grapi\/wp-json\/wp\/v2\/product\/7944","targetHints":{"allow":["GET"]}}],"collection":[{"href":"https:\/\/susistemapruebas.com\/grapi\/wp-json\/wp\/v2\/product"}],"about":[{"href":"https:\/\/susistemapruebas.com\/grapi\/wp-json\/wp\/v2\/types\/product"}],"wp:featuredmedia":[{"embeddable":true,"href":"https:\/\/susistemapruebas.com\/grapi\/wp-json\/wp\/v2\/media\/7111"}],"wp:attachment":[{"href":"https:\/\/susistemapruebas.com\/grapi\/wp-json\/wp\/v2\/media?parent=7944"}],"wp:term":[{"taxonomy":"product_brand","embeddable":true,"href":"https:\/\/susistemapruebas.com\/grapi\/wp-json\/wp\/v2\/product_brand?post=7944"},{"taxonomy":"product_cat","embeddable":true,"href":"https:\/\/susistemapruebas.com\/grapi\/wp-json\/wp\/v2\/product_cat?post=7944"},{"taxonomy":"product_tag","embeddable":true,"href":"https:\/\/susistemapruebas.com\/grapi\/wp-json\/wp\/v2\/product_tag?post=7944"}],"curies":[{"name":"wp","href":"https:\/\/api.w.org\/{rel}","templated":true}]}}