{"id":7937,"date":"2024-07-02T17:55:36","date_gmt":"2024-07-02T17:55:36","guid":{"rendered":"https:\/\/susistemapruebas.com\/grapi\/?post_type=product&#038;p=7937"},"modified":"2024-07-02T17:55:36","modified_gmt":"2024-07-02T17:55:36","slug":"tubo-de-burbujas-pasivas-doit","status":"publish","type":"product","link":"https:\/\/susistemapruebas.com\/grapi\/producto\/tubo-de-burbujas-pasivas-doit\/","title":{"rendered":"TUBO DE BURBUJAS PASIVAS DOIT"},"content":{"rendered":"<h4><strong>LAS COLUMNAS DE BURBUJAS PASIVAS<\/strong><\/h4>\n<p>( NO INTERACTUAN CON ELEMENTOS DOIT )<\/p>\n<p>Est\u00e1n exactamente dise\u00f1adas con la misma tecnolog\u00eda LED\u00a0 realizan sus cambios de color de forma pre determinada, sin poder controlar los cambios, ofreciendo una luz de alto brillo y tecnolog\u00eda de larga duraci\u00f3n.<\/p>\n<p>Ofrece un cambio de color autom\u00e1tico muy suave y relajante con colores\u00a0vibrantes hasta lo alto de su tubo. Funciona a bajo voltaje con una fuente de alimentaci\u00f3n incluida.<\/p>\n","protected":false},"excerpt":{"rendered":"<h4><strong>LAS COLUMNAS DE BURBUJAS PASIVAS<\/strong><\/h4>\n","protected":false},"featured_media":7938,"template":"","meta":[],"product_brand":[],"product_cat":[65],"product_tag":[],"class_list":{"0":"post-7937","1":"product","2":"type-product","3":"status-publish","4":"has-post-thumbnail","6":"product_cat-tubos-de-burbujas","8":"first","9":"instock","10":"shipping-taxable","11":"product-type-simple"},"_links":{"self":[{"href":"https:\/\/susistemapruebas.com\/grapi\/wp-json\/wp\/v2\/product\/7937","targetHints":{"allow":["GET"]}}],"collection":[{"href":"https:\/\/susistemapruebas.com\/grapi\/wp-json\/wp\/v2\/product"}],"about":[{"href":"https:\/\/susistemapruebas.com\/grapi\/wp-json\/wp\/v2\/types\/product"}],"wp:featuredmedia":[{"embeddable":true,"href":"https:\/\/susistemapruebas.com\/grapi\/wp-json\/wp\/v2\/media\/7938"}],"wp:attachment":[{"href":"https:\/\/susistemapruebas.com\/grapi\/wp-json\/wp\/v2\/media?parent=7937"}],"wp:term":[{"taxonomy":"product_brand","embeddable":true,"href":"https:\/\/susistemapruebas.com\/grapi\/wp-json\/wp\/v2\/product_brand?post=7937"},{"taxonomy":"product_cat","embeddable":true,"href":"https:\/\/susistemapruebas.com\/grapi\/wp-json\/wp\/v2\/product_cat?post=7937"},{"taxonomy":"product_tag","embeddable":true,"href":"https:\/\/susistemapruebas.com\/grapi\/wp-json\/wp\/v2\/product_tag?post=7937"}],"curies":[{"name":"wp","href":"https:\/\/api.w.org\/{rel}","templated":true}]}}