{"id":7927,"date":"2024-07-02T17:51:18","date_gmt":"2024-07-02T17:51:18","guid":{"rendered":"https:\/\/susistemapruebas.com\/grapi\/?post_type=product&#038;p=7927"},"modified":"2024-07-02T17:51:18","modified_gmt":"2024-07-02T17:51:18","slug":"tubo-de-burbujas-interactivos-doit","status":"publish","type":"product","link":"https:\/\/susistemapruebas.com\/grapi\/producto\/tubo-de-burbujas-interactivos-doit\/","title":{"rendered":"TUBO DE BURBUJAS INTERACTIVOS DOIT"},"content":{"rendered":"<p>Columnas de burbujas DOIT, los receptores DOIT por excelencia. Estas columnas funcionan con cualquier emisor DOIT. Cambian de color dependiendo del estado de cada uno de los emisores. Est\u00e1n fabricadas con metacrilato de alto impacto y con el \u00edndice m\u00e1s elevado de transparencia del mercado.\u00a0 Ayuda a desarrollar las habilidades de causa\/efecto y de reconocimiento de los colores.<\/p>\n<p>Dise\u00f1ada en base a los beneficios de la relaci\u00f3n causa-efecto, con las columnas de burbujas super interactivas DOIT puede interactuar a trav\u00e9s de<\/p>\n<p>nuestros comunicadores de la gama DOITLink por ejemplo el Dado DOIT.<\/p>\n<p>Nuestras Columnas de Burbujas Super interactivas se puede usar con nuestra<\/p>\n<p>DOIT Sensory Console y la APP Doit Remote Control donde podr\u00e1 cambiar el<\/p>\n<p>color con la caja de pulsadores virtual y no necesitar\u00e1 ning\u00fan otro comunicador.<\/p>\n<p>Funciona con bajo voltaje desde una fuente de alimentaci\u00f3n externa (incluida)<\/p>\n<p>funciona a 100-240VAC transformados a 12VCC<\/p>\n<p>OPCIONES:<\/p>\n<ol>\n<li>15 CMS DI\u00c1METRO 180 CMS ALTO<\/li>\n<li>20 CMS DI\u00c1METRO 180 CMS ALTO<\/li>\n<\/ol>\n","protected":false},"excerpt":{"rendered":"<p>TUBO DE BURBUJAS INTERACTIVOS<\/p>\n","protected":false},"featured_media":7928,"template":"","meta":[],"product_brand":[],"product_cat":[65],"product_tag":[],"class_list":{"0":"post-7927","1":"product","2":"type-product","3":"status-publish","4":"has-post-thumbnail","6":"product_cat-tubos-de-burbujas","8":"first","9":"instock","10":"shipping-taxable","11":"product-type-simple"},"_links":{"self":[{"href":"https:\/\/susistemapruebas.com\/grapi\/wp-json\/wp\/v2\/product\/7927","targetHints":{"allow":["GET"]}}],"collection":[{"href":"https:\/\/susistemapruebas.com\/grapi\/wp-json\/wp\/v2\/product"}],"about":[{"href":"https:\/\/susistemapruebas.com\/grapi\/wp-json\/wp\/v2\/types\/product"}],"wp:featuredmedia":[{"embeddable":true,"href":"https:\/\/susistemapruebas.com\/grapi\/wp-json\/wp\/v2\/media\/7928"}],"wp:attachment":[{"href":"https:\/\/susistemapruebas.com\/grapi\/wp-json\/wp\/v2\/media?parent=7927"}],"wp:term":[{"taxonomy":"product_brand","embeddable":true,"href":"https:\/\/susistemapruebas.com\/grapi\/wp-json\/wp\/v2\/product_brand?post=7927"},{"taxonomy":"product_cat","embeddable":true,"href":"https:\/\/susistemapruebas.com\/grapi\/wp-json\/wp\/v2\/product_cat?post=7927"},{"taxonomy":"product_tag","embeddable":true,"href":"https:\/\/susistemapruebas.com\/grapi\/wp-json\/wp\/v2\/product_tag?post=7927"}],"curies":[{"name":"wp","href":"https:\/\/api.w.org\/{rel}","templated":true}]}}