{"id":7920,"date":"2024-07-02T17:45:16","date_gmt":"2024-07-02T17:45:16","guid":{"rendered":"https:\/\/susistemapruebas.com\/grapi\/?post_type=product&#038;p=7920"},"modified":"2024-07-02T17:45:16","modified_gmt":"2024-07-02T17:45:16","slug":"proyector-solar-250","status":"publish","type":"product","link":"https:\/\/susistemapruebas.com\/grapi\/producto\/proyector-solar-250\/","title":{"rendered":"PROYECTOR SOLAR 250"},"content":{"rendered":"<h4><strong>EL PROYECTOR DE EFECTOS LED [OPTI] SOLAR 250 LED<\/strong><\/h4>\n<p>Es un proyector silencioso, de funcionamiento fr\u00edo y bajo ahorro de energ\u00eda con una salida de luz m\u00e1s brillante y m\u00e1s blanca que el proyector hal\u00f3geno Solar 250 original.<\/p>\n<p>Utilizado principalmente en instalaciones de entretenimiento, el proyector [250] Solar 250 LED es f\u00e1cil de configurar y puede ser operado f\u00e1cilmente por cualquier persona que no tenga conocimiento previo o experiencia en proyectores de efectos. El [OPTI] Solar 250 LED es compatible con todos los efectos, incluidas ruedas, casetes y gobos. Se pueden agregar diferentes lentes y accesorios adicionales a este proyector para crear efectos adicionales. Se requiere una rueda o un rotador de casete con el proyector [250] Solar 250 LED<\/p>\n","protected":false},"excerpt":{"rendered":"<h4><strong>PROYECTOR DE LED SOLAR 250<\/strong><\/h4>\n","protected":false},"featured_media":7921,"template":"","meta":[],"product_brand":[],"product_cat":[64],"product_tag":[],"class_list":{"0":"post-7920","1":"product","2":"type-product","3":"status-publish","4":"has-post-thumbnail","6":"product_cat-proyector-de-imagen","8":"first","9":"instock","10":"shipping-taxable","11":"product-type-simple"},"_links":{"self":[{"href":"https:\/\/susistemapruebas.com\/grapi\/wp-json\/wp\/v2\/product\/7920","targetHints":{"allow":["GET"]}}],"collection":[{"href":"https:\/\/susistemapruebas.com\/grapi\/wp-json\/wp\/v2\/product"}],"about":[{"href":"https:\/\/susistemapruebas.com\/grapi\/wp-json\/wp\/v2\/types\/product"}],"wp:featuredmedia":[{"embeddable":true,"href":"https:\/\/susistemapruebas.com\/grapi\/wp-json\/wp\/v2\/media\/7921"}],"wp:attachment":[{"href":"https:\/\/susistemapruebas.com\/grapi\/wp-json\/wp\/v2\/media?parent=7920"}],"wp:term":[{"taxonomy":"product_brand","embeddable":true,"href":"https:\/\/susistemapruebas.com\/grapi\/wp-json\/wp\/v2\/product_brand?post=7920"},{"taxonomy":"product_cat","embeddable":true,"href":"https:\/\/susistemapruebas.com\/grapi\/wp-json\/wp\/v2\/product_cat?post=7920"},{"taxonomy":"product_tag","embeddable":true,"href":"https:\/\/susistemapruebas.com\/grapi\/wp-json\/wp\/v2\/product_tag?post=7920"}],"curies":[{"name":"wp","href":"https:\/\/api.w.org\/{rel}","templated":true}]}}