{"id":7913,"date":"2024-07-02T17:41:10","date_gmt":"2024-07-02T17:41:10","guid":{"rendered":"https:\/\/susistemapruebas.com\/grapi\/?post_type=product&#038;p=7913"},"modified":"2024-07-02T17:41:10","modified_gmt":"2024-07-02T17:41:10","slug":"proyector-solar-100","status":"publish","type":"product","link":"https:\/\/susistemapruebas.com\/grapi\/producto\/proyector-solar-100\/","title":{"rendered":"PROYECTOR SOLAR 100"},"content":{"rendered":"<p><strong>EL PROYECTOR DE EFECTOS LED [OPTI] SOLAR 100<\/strong><\/p>\n<p>Es un proyector compacto, ligero y potente. Es perfecto para habitaciones peque\u00f1as y tiene una l\u00e1mpara LED de larga duraci\u00f3n sin mantenimiento. Fresco y pr\u00e1cticamente silencioso<\/p>\n<p>El [OPTI] Solar 100 LED es de bajo voltaje, fr\u00edo y de funcionamiento pr\u00e1cticamente silencioso y tiene un adaptador de red externo que permite a los usuarios usar el proyector de forma segura en entornos de hidroterapia. El [OPTI] Solar 100 LED es compatible con todos los efectos, incluidas ruedas, casetes y gobos. Se pueden agregar diferentes lentes y accesorios adicionales a este proyector para crear efectos adicionales. Se requiere una rueda o un rotador de cassette con el proyector [100] LED Solar 100 [OPTI]. Dise\u00f1ado para la proyecci\u00f3n de efectos multisensoriales en salas de terapia, este proyector silencioso de 12V funciona por encima de su peso y tambi\u00e9n se puede usar para la proyecci\u00f3n para establecer el estado de \u00e1nimo, informar o promover.<\/p>\n<p>Una verdadera proyecci\u00f3n de color y mejor claridad de imagen.<\/p>\n<p>La luz para el Solar 100 LED es suministrada por un m\u00f3dulo LED de 20 W de 1400 l\u00famenes con eficiencia energ\u00e9tica que dura m\u00e1s de 10,000 horas con una temperatura de color alta, concentrada a trav\u00e9s del exclusivo sistema \u00f3ptico de Optikinetics y lente de 85 mm ajustada, para una proyecci\u00f3n de color m\u00e1s real y una mejor claridad de imagen que cualquier otro proyector comparable en el mercado. El compacto y atractivo LED Solar 100 se fabrica con los mismos est\u00e1ndares el\u00e9ctricos y \u00f3pticos que todos los proyectores Optikinetics. La seguridad, durabilidad y calidad de la imagen proyectada son primordiales.<\/p>\n<p><strong><u>* Tenga en cuenta que a partir de 2017, todos los proyectores y accesorios solares [OPTI] se fabrican con un accesorio Active Gate. Todos los accesorios fabricados antes de 2017 no funcionar\u00e1n en proyectores nuevos.<\/u><\/strong><\/p>\n","protected":false},"excerpt":{"rendered":"<p>PROYECTOR SOLAR 100<\/p>\n","protected":false},"featured_media":7914,"template":"","meta":[],"product_brand":[],"product_cat":[64],"product_tag":[],"class_list":{"0":"post-7913","1":"product","2":"type-product","3":"status-publish","4":"has-post-thumbnail","6":"product_cat-proyector-de-imagen","8":"first","9":"instock","10":"shipping-taxable","11":"product-type-simple"},"_links":{"self":[{"href":"https:\/\/susistemapruebas.com\/grapi\/wp-json\/wp\/v2\/product\/7913","targetHints":{"allow":["GET"]}}],"collection":[{"href":"https:\/\/susistemapruebas.com\/grapi\/wp-json\/wp\/v2\/product"}],"about":[{"href":"https:\/\/susistemapruebas.com\/grapi\/wp-json\/wp\/v2\/types\/product"}],"wp:featuredmedia":[{"embeddable":true,"href":"https:\/\/susistemapruebas.com\/grapi\/wp-json\/wp\/v2\/media\/7914"}],"wp:attachment":[{"href":"https:\/\/susistemapruebas.com\/grapi\/wp-json\/wp\/v2\/media?parent=7913"}],"wp:term":[{"taxonomy":"product_brand","embeddable":true,"href":"https:\/\/susistemapruebas.com\/grapi\/wp-json\/wp\/v2\/product_brand?post=7913"},{"taxonomy":"product_cat","embeddable":true,"href":"https:\/\/susistemapruebas.com\/grapi\/wp-json\/wp\/v2\/product_cat?post=7913"},{"taxonomy":"product_tag","embeddable":true,"href":"https:\/\/susistemapruebas.com\/grapi\/wp-json\/wp\/v2\/product_tag?post=7913"}],"curies":[{"name":"wp","href":"https:\/\/api.w.org\/{rel}","templated":true}]}}