{"id":7906,"date":"2024-07-02T17:37:12","date_gmt":"2024-07-02T17:37:12","guid":{"rendered":"https:\/\/susistemapruebas.com\/grapi\/?post_type=product&#038;p=7906"},"modified":"2024-07-02T17:37:12","modified_gmt":"2024-07-02T17:37:12","slug":"proyector-laser-star","status":"publish","type":"product","link":"https:\/\/susistemapruebas.com\/grapi\/producto\/proyector-laser-star\/","title":{"rendered":"PROYECTOR LASER STAR"},"content":{"rendered":"<p>El\u00a0<strong>PROYECTOR DE ESTRELLAS LASER STAR<\/strong>\u00a0crea un espect\u00e1culo de luces verdaderamente impresionante, tan s\u00f3lo con conectarlo.<\/p>\n<p>El sistema l\u00e1ser junto con la tecnolog\u00eda hologr\u00e1fica transforma la sala en una galaxia que abarca miles de estrellas con o sin formaciones de nubes.<\/p>\n<p>Incorpora dos lentes de cristal de precisi\u00f3n. Totalmente ajustable.<\/p>\n<p>Caracter\u00edsticas:<\/p>\n<p>\u2013 Utiliza todos los nuevos l\u00e1ser verde y tecnolog\u00eda hologr\u00e1fica<\/p>\n<p>\u2013 Transforma habitaciones grandes o peque\u00f1as en su propio cielo nocturno personal.<\/p>\n<p>\u2013 Cree miles de estrellas, adaptador de CA incluido: f\u00e1cil de usar<\/p>\n<p>\u2013 Producto l\u00e1ser de clase II \u2013 CW &lt;1 mW<\/p>\n<p>\u2013 Con temporizador de 4 horas<\/p>\n<p>Descripcion:<\/p>\n<p>\u00a1Laser Star Indoor Light Show es muy f\u00e1cil y divertido de usar! Llena la sala con miles de estrellas con una nueva tecnolog\u00eda l\u00e1ser verde. Producto l\u00e1ser de clase II: este proyector es ajustable, pivota e incluye un temporizador de 4 horas.<\/p>\n<p>Dimensiones:<\/p>\n<p>31.7 x 27.4 x 24.1 cent\u00edmetros<\/p>\n<p>Peso:<\/p>\n<p>1.56 kilogramos<\/p>\n<p>Incluido en la caja:<\/p>\n<p>Proyector L\u00e1ser Star<\/p>\n<p>Adaptador AC<\/p>\n","protected":false},"excerpt":{"rendered":"<p><strong>PROYECTOR DE ESTRELLAS LASER STAR<\/strong><\/p>\n","protected":false},"featured_media":7907,"template":"","meta":[],"product_brand":[],"product_cat":[64],"product_tag":[],"class_list":{"0":"post-7906","1":"product","2":"type-product","3":"status-publish","4":"has-post-thumbnail","6":"product_cat-proyector-de-imagen","8":"first","9":"instock","10":"shipping-taxable","11":"product-type-simple"},"_links":{"self":[{"href":"https:\/\/susistemapruebas.com\/grapi\/wp-json\/wp\/v2\/product\/7906","targetHints":{"allow":["GET"]}}],"collection":[{"href":"https:\/\/susistemapruebas.com\/grapi\/wp-json\/wp\/v2\/product"}],"about":[{"href":"https:\/\/susistemapruebas.com\/grapi\/wp-json\/wp\/v2\/types\/product"}],"wp:featuredmedia":[{"embeddable":true,"href":"https:\/\/susistemapruebas.com\/grapi\/wp-json\/wp\/v2\/media\/7907"}],"wp:attachment":[{"href":"https:\/\/susistemapruebas.com\/grapi\/wp-json\/wp\/v2\/media?parent=7906"}],"wp:term":[{"taxonomy":"product_brand","embeddable":true,"href":"https:\/\/susistemapruebas.com\/grapi\/wp-json\/wp\/v2\/product_brand?post=7906"},{"taxonomy":"product_cat","embeddable":true,"href":"https:\/\/susistemapruebas.com\/grapi\/wp-json\/wp\/v2\/product_cat?post=7906"},{"taxonomy":"product_tag","embeddable":true,"href":"https:\/\/susistemapruebas.com\/grapi\/wp-json\/wp\/v2\/product_tag?post=7906"}],"curies":[{"name":"wp","href":"https:\/\/api.w.org\/{rel}","templated":true}]}}