{"id":7891,"date":"2024-07-02T17:04:34","date_gmt":"2024-07-02T17:04:34","guid":{"rendered":"https:\/\/susistemapruebas.com\/grapi\/?post_type=product&#038;p=7891"},"modified":"2024-07-02T17:04:34","modified_gmt":"2024-07-02T17:04:34","slug":"tapete-de-foamy","status":"publish","type":"product","link":"https:\/\/susistemapruebas.com\/grapi\/producto\/tapete-de-foamy\/","title":{"rendered":"TAPETE DE FOAMY"},"content":{"rendered":"<p>El piso que colocamos en los ESPACIOS SENSORIALES, proporcionan un espacio seguro y colorido, adem\u00e1s de colores llamativos, ofrecen beneficios importantes para desarrollar habilidades de motricidad, el desarrollo visual sensorial y la coordinaci\u00f3n.<\/p>\n<p>Los colores brillantes y una variedad de superficies con textura para comprometer a un ni\u00f1o durante horas de descubrimiento y juego. Estas caracter\u00edsticas proporcionan a un peque\u00f1o con importantes experiencias sensoriales.<\/p>\n<p><strong>PISO DE FOAMY SOFT PLUS<\/strong>\u00a0tipo rompecabezas con bordes. NO REVERSIBLE<\/p>\n<p>Colores: Amarillo, Azul, Rojo y Verde<\/p>\n<p>Dimensiones: 50 cm x 50 cm x 11 mm<\/p>\n","protected":false},"excerpt":{"rendered":"<p>TAPETE DE FOAMY<\/p>\n","protected":false},"featured_media":7892,"template":"","meta":[],"product_brand":[],"product_cat":[63],"product_tag":[],"class_list":{"0":"post-7891","1":"product","2":"type-product","3":"status-publish","4":"has-post-thumbnail","6":"product_cat-tapete-de-foamy","8":"first","9":"instock","10":"shipping-taxable","11":"product-type-simple"},"_links":{"self":[{"href":"https:\/\/susistemapruebas.com\/grapi\/wp-json\/wp\/v2\/product\/7891","targetHints":{"allow":["GET"]}}],"collection":[{"href":"https:\/\/susistemapruebas.com\/grapi\/wp-json\/wp\/v2\/product"}],"about":[{"href":"https:\/\/susistemapruebas.com\/grapi\/wp-json\/wp\/v2\/types\/product"}],"wp:featuredmedia":[{"embeddable":true,"href":"https:\/\/susistemapruebas.com\/grapi\/wp-json\/wp\/v2\/media\/7892"}],"wp:attachment":[{"href":"https:\/\/susistemapruebas.com\/grapi\/wp-json\/wp\/v2\/media?parent=7891"}],"wp:term":[{"taxonomy":"product_brand","embeddable":true,"href":"https:\/\/susistemapruebas.com\/grapi\/wp-json\/wp\/v2\/product_brand?post=7891"},{"taxonomy":"product_cat","embeddable":true,"href":"https:\/\/susistemapruebas.com\/grapi\/wp-json\/wp\/v2\/product_cat?post=7891"},{"taxonomy":"product_tag","embeddable":true,"href":"https:\/\/susistemapruebas.com\/grapi\/wp-json\/wp\/v2\/product_tag?post=7891"}],"curies":[{"name":"wp","href":"https:\/\/api.w.org\/{rel}","templated":true}]}}