{"id":7880,"date":"2024-07-02T16:53:36","date_gmt":"2024-07-02T16:53:36","guid":{"rendered":"https:\/\/susistemapruebas.com\/grapi\/?post_type=product&#038;p=7880"},"modified":"2024-07-02T16:53:36","modified_gmt":"2024-07-02T16:53:36","slug":"tunel-infinito-interactivo-doit","status":"publish","type":"product","link":"https:\/\/susistemapruebas.com\/grapi\/producto\/tunel-infinito-interactivo-doit\/","title":{"rendered":"TUNEL INFINITO INTERACTIVO DOIT"},"content":{"rendered":"<p>Nuestro t\u00fanel infinito DOIT da una sensaci\u00f3n de profundidad infinita. Promueve la comunicaci\u00f3n para ver c\u00f3mo su voz hace cambiar el\u00a0 color de las luces. Use el micr\u00f3fono interno para ver c\u00f3mo el T\u00fanel Infinito Doit responde a los sonidos, la voz, las palmadas, los instrumentos musicales, etc. Tambi\u00e9n se incluye un micr\u00f3fono de mano. Los colores sensibles al sonido giran a diferentes velocidades dependiendo del sonido. Controla la sensibilidad seg\u00fan la intensidad del sonido, ideal para actividades de causa-efecto. Tiene un programa para controlar el color a trav\u00e9s de nuestros comunicadores DOIT (DOIT Link). RESPONDE Y\u00a0 AL DADO.<\/p>\n<p>El panel est\u00e1 repleto de efectos \u00a0VISUAL lo que lo convierte en una experiencia multisensorial verdaderamente emocionante. \u00a0Fomenta la interacci\u00f3n, el seguimiento visual, la coordinaci\u00f3n ojo-mano y la comprensi\u00f3n de causa y efecto. Una ilusi\u00f3n infinita de luces LED. Crea un efecto sorprendente que atraiga al usuario. El efecto infinito agrega el ambiente perfecto a cualquier habitaci\u00f3n sensorial o ambiente. El panel de pared infinito pasar\u00e1 por diferentes colores cuando est\u00e9 en modo pasivo.<\/p>\n<p><strong>DIMENSIONES: 70X70X15 CMS<\/strong><\/p>\n","protected":false},"excerpt":{"rendered":"<p>TUNEL INTERACTIVO INFINITO DOIT<\/p>\n","protected":false},"featured_media":7881,"template":"","meta":[],"product_brand":[],"product_cat":[62],"product_tag":[],"class_list":{"0":"post-7880","1":"product","2":"type-product","3":"status-publish","4":"has-post-thumbnail","6":"product_cat-paneles-interactivos","8":"first","9":"instock","10":"shipping-taxable","11":"product-type-simple"},"_links":{"self":[{"href":"https:\/\/susistemapruebas.com\/grapi\/wp-json\/wp\/v2\/product\/7880","targetHints":{"allow":["GET"]}}],"collection":[{"href":"https:\/\/susistemapruebas.com\/grapi\/wp-json\/wp\/v2\/product"}],"about":[{"href":"https:\/\/susistemapruebas.com\/grapi\/wp-json\/wp\/v2\/types\/product"}],"wp:featuredmedia":[{"embeddable":true,"href":"https:\/\/susistemapruebas.com\/grapi\/wp-json\/wp\/v2\/media\/7881"}],"wp:attachment":[{"href":"https:\/\/susistemapruebas.com\/grapi\/wp-json\/wp\/v2\/media?parent=7880"}],"wp:term":[{"taxonomy":"product_brand","embeddable":true,"href":"https:\/\/susistemapruebas.com\/grapi\/wp-json\/wp\/v2\/product_brand?post=7880"},{"taxonomy":"product_cat","embeddable":true,"href":"https:\/\/susistemapruebas.com\/grapi\/wp-json\/wp\/v2\/product_cat?post=7880"},{"taxonomy":"product_tag","embeddable":true,"href":"https:\/\/susistemapruebas.com\/grapi\/wp-json\/wp\/v2\/product_tag?post=7880"}],"curies":[{"name":"wp","href":"https:\/\/api.w.org\/{rel}","templated":true}]}}