{"id":7873,"date":"2024-07-02T16:42:52","date_gmt":"2024-07-02T16:42:52","guid":{"rendered":"https:\/\/susistemapruebas.com\/grapi\/?post_type=product&#038;p=7873"},"modified":"2024-07-02T16:42:52","modified_gmt":"2024-07-02T16:42:52","slug":"panel-musical","status":"publish","type":"product","link":"https:\/\/susistemapruebas.com\/grapi\/producto\/panel-musical\/","title":{"rendered":"PANEL MUSICAL"},"content":{"rendered":"<p>Panel de sonido de actividad de pared t\u00e1ctil de sonido, visual y una experiencia de sonido.\u00a0 En la superficie del panel hay una variedad de instrumentos musicales que incluyen una pandereta, xil\u00f3fono, campanas, claves, maracas, as\u00ed como juguetes educativos y elementos t\u00e1ctiles de diferentes formas y colores. Los paneles est\u00e1n hechos de diferentes materiales texturizados: Al tocar el panel, el ni\u00f1o descubre nuevas sensaciones y se encuentra con una variedad de sonidos. Se instala f\u00e1cilmente en la pared.<\/p>\n","protected":false},"excerpt":{"rendered":"<h4><strong>PANEL DE SONIDO<\/strong><\/h4>\n","protected":false},"featured_media":7874,"template":"","meta":[],"product_brand":[],"product_cat":[62],"product_tag":[],"class_list":{"0":"post-7873","1":"product","2":"type-product","3":"status-publish","4":"has-post-thumbnail","6":"product_cat-paneles-interactivos","8":"first","9":"instock","10":"shipping-taxable","11":"product-type-simple"},"_links":{"self":[{"href":"https:\/\/susistemapruebas.com\/grapi\/wp-json\/wp\/v2\/product\/7873","targetHints":{"allow":["GET"]}}],"collection":[{"href":"https:\/\/susistemapruebas.com\/grapi\/wp-json\/wp\/v2\/product"}],"about":[{"href":"https:\/\/susistemapruebas.com\/grapi\/wp-json\/wp\/v2\/types\/product"}],"wp:featuredmedia":[{"embeddable":true,"href":"https:\/\/susistemapruebas.com\/grapi\/wp-json\/wp\/v2\/media\/7874"}],"wp:attachment":[{"href":"https:\/\/susistemapruebas.com\/grapi\/wp-json\/wp\/v2\/media?parent=7873"}],"wp:term":[{"taxonomy":"product_brand","embeddable":true,"href":"https:\/\/susistemapruebas.com\/grapi\/wp-json\/wp\/v2\/product_brand?post=7873"},{"taxonomy":"product_cat","embeddable":true,"href":"https:\/\/susistemapruebas.com\/grapi\/wp-json\/wp\/v2\/product_cat?post=7873"},{"taxonomy":"product_tag","embeddable":true,"href":"https:\/\/susistemapruebas.com\/grapi\/wp-json\/wp\/v2\/product_tag?post=7873"}],"curies":[{"name":"wp","href":"https:\/\/api.w.org\/{rel}","templated":true}]}}