{"id":7865,"date":"2024-07-02T16:28:44","date_gmt":"2024-07-02T16:28:44","guid":{"rendered":"https:\/\/susistemapruebas.com\/grapi\/?post_type=product&#038;p=7865"},"modified":"2024-07-02T16:28:44","modified_gmt":"2024-07-02T16:28:44","slug":"panel-de-sonidos","status":"publish","type":"product","link":"https:\/\/susistemapruebas.com\/grapi\/producto\/panel-de-sonidos\/","title":{"rendered":"PANEL DE SONIDOS"},"content":{"rendered":"<p>Pintura de color blanco. Con 5\u00a0\u00a0 diferentes formas geom\u00e9tricas resaltadas, cada una tiene una imagen y sonidos caracter\u00edsticos de 5 diferentes animales ( perro, gato, elefante, le\u00f3n y pato ).<\/p>\n","protected":false},"excerpt":{"rendered":"<h4><strong>PANEL DE SONIDOS DE ANIMALES<\/strong><\/h4>\n","protected":false},"featured_media":7866,"template":"","meta":[],"product_brand":[],"product_cat":[62],"product_tag":[],"class_list":{"0":"post-7865","1":"product","2":"type-product","3":"status-publish","4":"has-post-thumbnail","6":"product_cat-paneles-interactivos","8":"first","9":"instock","10":"shipping-taxable","11":"product-type-simple"},"_links":{"self":[{"href":"https:\/\/susistemapruebas.com\/grapi\/wp-json\/wp\/v2\/product\/7865","targetHints":{"allow":["GET"]}}],"collection":[{"href":"https:\/\/susistemapruebas.com\/grapi\/wp-json\/wp\/v2\/product"}],"about":[{"href":"https:\/\/susistemapruebas.com\/grapi\/wp-json\/wp\/v2\/types\/product"}],"wp:featuredmedia":[{"embeddable":true,"href":"https:\/\/susistemapruebas.com\/grapi\/wp-json\/wp\/v2\/media\/7866"}],"wp:attachment":[{"href":"https:\/\/susistemapruebas.com\/grapi\/wp-json\/wp\/v2\/media?parent=7865"}],"wp:term":[{"taxonomy":"product_brand","embeddable":true,"href":"https:\/\/susistemapruebas.com\/grapi\/wp-json\/wp\/v2\/product_brand?post=7865"},{"taxonomy":"product_cat","embeddable":true,"href":"https:\/\/susistemapruebas.com\/grapi\/wp-json\/wp\/v2\/product_cat?post=7865"},{"taxonomy":"product_tag","embeddable":true,"href":"https:\/\/susistemapruebas.com\/grapi\/wp-json\/wp\/v2\/product_tag?post=7865"}],"curies":[{"name":"wp","href":"https:\/\/api.w.org\/{rel}","templated":true}]}}