{"id":7859,"date":"2024-07-02T16:26:46","date_gmt":"2024-07-02T16:26:46","guid":{"rendered":"https:\/\/susistemapruebas.com\/grapi\/?post_type=product&#038;p=7859"},"modified":"2024-07-02T16:26:47","modified_gmt":"2024-07-02T16:26:47","slug":"panel-de-relieves","status":"publish","type":"product","link":"https:\/\/susistemapruebas.com\/grapi\/producto\/panel-de-relieves\/","title":{"rendered":"PANEL DE RELIEVES"},"content":{"rendered":"<p>Este panel de pared interactivo ofrece elementos sensoriales t\u00e1ctiles y visuales y es ideal para aquellos que requieren m\u00faltiples entradas sensoriales. Fomenta diferentes agarres, movimientos y el uso de la funci\u00f3n motora fina. Refuerza la coordinaci\u00f3n ojo \/ mano, concentraci\u00f3n, reconocimiento de color, percepci\u00f3n visual. Se proporciona una selecci\u00f3n de texturas contrastantes, formas fluidas, \u00e1reas elevadas y empotradas y elementos interactivos para una experiencia divertida de aprendizaje y exploraci\u00f3n. Diferentes texturas, formas y elementos sentir, interactuar y explorar.\u00a0\u00a0 Base en madera MDF. Color blanco con relieves y aplicaciones de texturas, cadenas forradas, anti derraparte, pelotas suaves, etc. Figuras de diferentes. Sistema de luz LED distribuidas por el panel, con eliminador a 110 volts.<\/p>\n<p>DIMENSIONES TOTALES. 1.20 X 1.20 Mts.<\/p>\n","protected":false},"excerpt":{"rendered":"<h4><strong>PANEL DE RELIEVES CON LUZ<\/strong><\/h4>\n","protected":false},"featured_media":7860,"template":"","meta":[],"product_brand":[],"product_cat":[62],"product_tag":[],"class_list":{"0":"post-7859","1":"product","2":"type-product","3":"status-publish","4":"has-post-thumbnail","6":"product_cat-paneles-interactivos","8":"first","9":"instock","10":"shipping-taxable","11":"product-type-simple"},"_links":{"self":[{"href":"https:\/\/susistemapruebas.com\/grapi\/wp-json\/wp\/v2\/product\/7859","targetHints":{"allow":["GET"]}}],"collection":[{"href":"https:\/\/susistemapruebas.com\/grapi\/wp-json\/wp\/v2\/product"}],"about":[{"href":"https:\/\/susistemapruebas.com\/grapi\/wp-json\/wp\/v2\/types\/product"}],"wp:featuredmedia":[{"embeddable":true,"href":"https:\/\/susistemapruebas.com\/grapi\/wp-json\/wp\/v2\/media\/7860"}],"wp:attachment":[{"href":"https:\/\/susistemapruebas.com\/grapi\/wp-json\/wp\/v2\/media?parent=7859"}],"wp:term":[{"taxonomy":"product_brand","embeddable":true,"href":"https:\/\/susistemapruebas.com\/grapi\/wp-json\/wp\/v2\/product_brand?post=7859"},{"taxonomy":"product_cat","embeddable":true,"href":"https:\/\/susistemapruebas.com\/grapi\/wp-json\/wp\/v2\/product_cat?post=7859"},{"taxonomy":"product_tag","embeddable":true,"href":"https:\/\/susistemapruebas.com\/grapi\/wp-json\/wp\/v2\/product_tag?post=7859"}],"curies":[{"name":"wp","href":"https:\/\/api.w.org\/{rel}","templated":true}]}}