{"id":7857,"date":"2024-07-02T16:21:38","date_gmt":"2024-07-02T16:21:38","guid":{"rendered":"https:\/\/susistemapruebas.com\/grapi\/?post_type=product&#038;p=7857"},"modified":"2024-07-02T16:23:32","modified_gmt":"2024-07-02T16:23:32","slug":"panel-de-olas","status":"publish","type":"product","link":"https:\/\/susistemapruebas.com\/grapi\/producto\/panel-de-olas\/","title":{"rendered":"PANEL DE OLAS"},"content":{"rendered":"<p>Base en madera triplay de pino 12mm Con diferentes\u00a0 formas, relieves cada una tiene una diferente propiedad t\u00e1ctil. \u00c1spero y liso, suave y duro, c\u00e1lido y fr\u00edo, angular y curvado, grabado en relieve e impreso, r\u00edgido y flexible, fino y grueso, lineal y serpenteante, regular y aleatorio, absorbente y reflectante.\u00a0 Estas son todas las propiedades as\u00ed como el color, la seguridad de los materiales utilizados y el flujo de movimiento a medida que se explora. \u00a0\u00a0haz que los ni\u00f1os practiquen y mejoren sus habilidades motoras finas y de coordinaci\u00f3n. F\u00e1ciles de agarrar permiten un movimiento suave a lo largo de caminos curvos.<\/p>\n<p>DIMENSIONES TOTALES:. 1.20 x 1. 20 cms.<\/p>\n","protected":false},"excerpt":{"rendered":"<p><strong>PANEL DE OLAS<\/strong><\/p>\n","protected":false},"featured_media":7858,"template":"","meta":[],"product_brand":[],"product_cat":[62],"product_tag":[],"class_list":{"0":"post-7857","1":"product","2":"type-product","3":"status-publish","4":"has-post-thumbnail","6":"product_cat-paneles-interactivos","8":"first","9":"instock","10":"shipping-taxable","11":"product-type-simple"},"_links":{"self":[{"href":"https:\/\/susistemapruebas.com\/grapi\/wp-json\/wp\/v2\/product\/7857","targetHints":{"allow":["GET"]}}],"collection":[{"href":"https:\/\/susistemapruebas.com\/grapi\/wp-json\/wp\/v2\/product"}],"about":[{"href":"https:\/\/susistemapruebas.com\/grapi\/wp-json\/wp\/v2\/types\/product"}],"wp:featuredmedia":[{"embeddable":true,"href":"https:\/\/susistemapruebas.com\/grapi\/wp-json\/wp\/v2\/media\/7858"}],"wp:attachment":[{"href":"https:\/\/susistemapruebas.com\/grapi\/wp-json\/wp\/v2\/media?parent=7857"}],"wp:term":[{"taxonomy":"product_brand","embeddable":true,"href":"https:\/\/susistemapruebas.com\/grapi\/wp-json\/wp\/v2\/product_brand?post=7857"},{"taxonomy":"product_cat","embeddable":true,"href":"https:\/\/susistemapruebas.com\/grapi\/wp-json\/wp\/v2\/product_cat?post=7857"},{"taxonomy":"product_tag","embeddable":true,"href":"https:\/\/susistemapruebas.com\/grapi\/wp-json\/wp\/v2\/product_tag?post=7857"}],"curies":[{"name":"wp","href":"https:\/\/api.w.org\/{rel}","templated":true}]}}