{"id":7844,"date":"2024-07-02T16:08:39","date_gmt":"2024-07-02T16:08:39","guid":{"rendered":"https:\/\/susistemapruebas.com\/grapi\/?post_type=product&#038;p=7844"},"modified":"2024-07-02T16:08:39","modified_gmt":"2024-07-02T16:08:39","slug":"panel-abstracto","status":"publish","type":"product","link":"https:\/\/susistemapruebas.com\/grapi\/producto\/panel-abstracto\/","title":{"rendered":"PANEL ABSTRACTO"},"content":{"rendered":"<p>Diferentes texturas, formas y elementos a sentir, interactuar y explorar. \u00a0Base en madera MDF. Color blanco con y aplicaciones que ofrecen elementos sensoriales, t\u00e1ctiles y visuales y es ideal para aquellos que requieren m\u00faltiples entradas sensoriales. Fomenta diferentes agarres, movimientos y el uso de la funci\u00f3n motora fina. Refuerza la coordinaci\u00f3n ojo \/ mano, concentraci\u00f3n, reconocimiento de color, percepci\u00f3n visual y proporciona recompensas audibles y visuales. Se proporciona una selecci\u00f3n de texturas contrastantes, formas fluidas, \u00e1reas elevadas y empotradas y elementos interactivos para una experiencia divertida de aprendizaje y exploraci\u00f3n. Est\u00e9ticamente encantador y muy t\u00e1ctil. Una gran variedad de formas fluidas, \u00e1reas elevadas y empotradas, as\u00ed como texturas contrastantes, hacen que este panel de aspecto contempor\u00e1neo sea tan agradable al tacto como a la vista. Las texturas se han elegido cuidadosamente para ofrecer un rango de temperaturas, suavidad \/ dureza, suavidad \/ aspereza e incluyen tela, baldosas, alfombras, c\u00e9sped sint\u00e9tico y espejos de seguridad. \u00datil para el reconocimiento de colores, la percepci\u00f3n visual y la discriminaci\u00f3n, el panel permite diferentes movimientos y el uso de la funci\u00f3n motora fina. Se debe montar en la pared a una altura adecuada para el usuario. Marco de madera Los colores y las caracter\u00edsticas pueden variar.<\/p>\n<p>DIMENSIONES TOTALES: 1.20 x 1. 20 Mts<\/p>\n","protected":false},"excerpt":{"rendered":"<p><strong>PANEL ABSTRACTO<\/strong><\/p>\n","protected":false},"featured_media":7845,"template":"","meta":[],"product_brand":[],"product_cat":[62],"product_tag":[],"class_list":{"0":"post-7844","1":"product","2":"type-product","3":"status-publish","4":"has-post-thumbnail","6":"product_cat-paneles-interactivos","8":"first","9":"instock","10":"shipping-taxable","11":"product-type-simple"},"_links":{"self":[{"href":"https:\/\/susistemapruebas.com\/grapi\/wp-json\/wp\/v2\/product\/7844","targetHints":{"allow":["GET"]}}],"collection":[{"href":"https:\/\/susistemapruebas.com\/grapi\/wp-json\/wp\/v2\/product"}],"about":[{"href":"https:\/\/susistemapruebas.com\/grapi\/wp-json\/wp\/v2\/types\/product"}],"wp:featuredmedia":[{"embeddable":true,"href":"https:\/\/susistemapruebas.com\/grapi\/wp-json\/wp\/v2\/media\/7845"}],"wp:attachment":[{"href":"https:\/\/susistemapruebas.com\/grapi\/wp-json\/wp\/v2\/media?parent=7844"}],"wp:term":[{"taxonomy":"product_brand","embeddable":true,"href":"https:\/\/susistemapruebas.com\/grapi\/wp-json\/wp\/v2\/product_brand?post=7844"},{"taxonomy":"product_cat","embeddable":true,"href":"https:\/\/susistemapruebas.com\/grapi\/wp-json\/wp\/v2\/product_cat?post=7844"},{"taxonomy":"product_tag","embeddable":true,"href":"https:\/\/susistemapruebas.com\/grapi\/wp-json\/wp\/v2\/product_tag?post=7844"}],"curies":[{"name":"wp","href":"https:\/\/api.w.org\/{rel}","templated":true}]}}