{"id":7843,"date":"2024-07-02T16:04:28","date_gmt":"2024-07-02T16:04:28","guid":{"rendered":"https:\/\/susistemapruebas.com\/grapi\/?post_type=product&#038;p=7843"},"modified":"2024-07-02T16:04:28","modified_gmt":"2024-07-02T16:04:28","slug":"escalera-de-colores-doit","status":"publish","type":"product","link":"https:\/\/susistemapruebas.com\/grapi\/producto\/escalera-de-colores-doit\/","title":{"rendered":"ESCALERA DE COLORES DOIT"},"content":{"rendered":"<p>Las Escalera de Colores DOIT tienen 10 pelda\u00f1os de colores y 8 modos diferentes de uso. Uno de los elementos favoritos entre los terapeutas para fomentar el habla, la vocalizaci\u00f3n, el control de la respiraci\u00f3n y el volumen regulado, utilizando un efecto visual simple y espectacular. Tiene un programa para controlar el color a trav\u00e9s de nuestros comunicadores DOIT (DOIT Link). \u00a1Interact\u00faa con este panel de sonido aplaudiendo, pisando fuerte y m\u00e1s! Las luces se mueven seg\u00fan el nivel de sonido que haces. Una caracter\u00edstica llamativa que los ni\u00f1os adorar\u00e1n hace que sea imprescindible en cualquier habitaci\u00f3n sensorial.<\/p>\n<p>El panel se monta f\u00e1cilmente en una superficie de pared adecuada. La superficie de limpieza f\u00e1cil y sin necesidad de mantenimiento adicional hacen que el panel de sonido interactivo sea una caracter\u00edstica popular en entornos sensoriales.<\/p>\n","protected":false},"excerpt":{"rendered":"<h4><strong>ESCALERA DE COLORES DOITLINK<\/strong><\/h4>\n","protected":false},"featured_media":7842,"template":"","meta":[],"product_brand":[],"product_cat":[62],"product_tag":[],"class_list":{"0":"post-7843","1":"product","2":"type-product","3":"status-publish","4":"has-post-thumbnail","6":"product_cat-paneles-interactivos","8":"first","9":"instock","10":"shipping-taxable","11":"product-type-simple"},"_links":{"self":[{"href":"https:\/\/susistemapruebas.com\/grapi\/wp-json\/wp\/v2\/product\/7843","targetHints":{"allow":["GET"]}}],"collection":[{"href":"https:\/\/susistemapruebas.com\/grapi\/wp-json\/wp\/v2\/product"}],"about":[{"href":"https:\/\/susistemapruebas.com\/grapi\/wp-json\/wp\/v2\/types\/product"}],"wp:featuredmedia":[{"embeddable":true,"href":"https:\/\/susistemapruebas.com\/grapi\/wp-json\/wp\/v2\/media\/7842"}],"wp:attachment":[{"href":"https:\/\/susistemapruebas.com\/grapi\/wp-json\/wp\/v2\/media?parent=7843"}],"wp:term":[{"taxonomy":"product_brand","embeddable":true,"href":"https:\/\/susistemapruebas.com\/grapi\/wp-json\/wp\/v2\/product_brand?post=7843"},{"taxonomy":"product_cat","embeddable":true,"href":"https:\/\/susistemapruebas.com\/grapi\/wp-json\/wp\/v2\/product_cat?post=7843"},{"taxonomy":"product_tag","embeddable":true,"href":"https:\/\/susistemapruebas.com\/grapi\/wp-json\/wp\/v2\/product_tag?post=7843"}],"curies":[{"name":"wp","href":"https:\/\/api.w.org\/{rel}","templated":true}]}}