{"id":7823,"date":"2024-07-02T00:09:08","date_gmt":"2024-07-02T00:09:08","guid":{"rendered":"https:\/\/susistemapruebas.com\/grapi\/?post_type=product&#038;p=7823"},"modified":"2024-07-02T00:09:08","modified_gmt":"2024-07-02T00:09:08","slug":"columpio","status":"publish","type":"product","link":"https:\/\/susistemapruebas.com\/grapi\/producto\/columpio\/","title":{"rendered":"COLUMPIO"},"content":{"rendered":"<p>Estructura fabricada en tubo, acabado pintura epoxica color negro, c\u00f3moda, con arneses de seguridad para el paciente. Cuenta con un asiento abrazo profundo y amplio, los ajustadores de \u00e1ngulo vertical y horizontal, y un sistema de arn\u00e9s de cinco puntos para una mayor seguridad y comodidad* cuenta con un reposapi\u00e9s ajustable. Capacidad de carga:\u00a0 350 libras.<\/p>\n","protected":false},"excerpt":{"rendered":"<h4><strong>COLUMPIO O HAMACA DE RELAJACI\u00d3N<\/strong><\/h4>\n","protected":false},"featured_media":7824,"template":"","meta":[],"product_brand":[],"product_cat":[61],"product_tag":[],"class_list":{"0":"post-7823","1":"product","2":"type-product","3":"status-publish","4":"has-post-thumbnail","6":"product_cat-mobiliario","8":"first","9":"instock","10":"shipping-taxable","11":"product-type-simple"},"_links":{"self":[{"href":"https:\/\/susistemapruebas.com\/grapi\/wp-json\/wp\/v2\/product\/7823","targetHints":{"allow":["GET"]}}],"collection":[{"href":"https:\/\/susistemapruebas.com\/grapi\/wp-json\/wp\/v2\/product"}],"about":[{"href":"https:\/\/susistemapruebas.com\/grapi\/wp-json\/wp\/v2\/types\/product"}],"wp:featuredmedia":[{"embeddable":true,"href":"https:\/\/susistemapruebas.com\/grapi\/wp-json\/wp\/v2\/media\/7824"}],"wp:attachment":[{"href":"https:\/\/susistemapruebas.com\/grapi\/wp-json\/wp\/v2\/media?parent=7823"}],"wp:term":[{"taxonomy":"product_brand","embeddable":true,"href":"https:\/\/susistemapruebas.com\/grapi\/wp-json\/wp\/v2\/product_brand?post=7823"},{"taxonomy":"product_cat","embeddable":true,"href":"https:\/\/susistemapruebas.com\/grapi\/wp-json\/wp\/v2\/product_cat?post=7823"},{"taxonomy":"product_tag","embeddable":true,"href":"https:\/\/susistemapruebas.com\/grapi\/wp-json\/wp\/v2\/product_tag?post=7823"}],"curies":[{"name":"wp","href":"https:\/\/api.w.org\/{rel}","templated":true}]}}