{"id":7815,"date":"2024-07-02T00:03:03","date_gmt":"2024-07-02T00:03:03","guid":{"rendered":"https:\/\/susistemapruebas.com\/grapi\/?post_type=product&#038;p=7815"},"modified":"2024-07-02T00:03:03","modified_gmt":"2024-07-02T00:03:03","slug":"base-para-colchon-de-agua","status":"publish","type":"product","link":"https:\/\/susistemapruebas.com\/grapi\/producto\/base-para-colchon-de-agua\/","title":{"rendered":"BASE PARA COLCHON DE AGUA"},"content":{"rendered":"<p>Mobiliario con calidad y seguridad Fabricada en madera de MDF de 12mm, acolchado con hule espuma, cubierto con vinil blanco.<\/p>\n<p>Dimensiones, seg\u00fan tama\u00f1o del colch\u00f3n.<\/p>\n","protected":false},"excerpt":{"rendered":"<p><strong>BASE PARA COLCHON<\/strong><\/p>\n","protected":false},"featured_media":7816,"template":"","meta":[],"product_brand":[],"product_cat":[61],"product_tag":[],"class_list":{"0":"post-7815","1":"product","2":"type-product","3":"status-publish","4":"has-post-thumbnail","6":"product_cat-mobiliario","8":"first","9":"instock","10":"shipping-taxable","11":"product-type-simple"},"_links":{"self":[{"href":"https:\/\/susistemapruebas.com\/grapi\/wp-json\/wp\/v2\/product\/7815","targetHints":{"allow":["GET"]}}],"collection":[{"href":"https:\/\/susistemapruebas.com\/grapi\/wp-json\/wp\/v2\/product"}],"about":[{"href":"https:\/\/susistemapruebas.com\/grapi\/wp-json\/wp\/v2\/types\/product"}],"wp:featuredmedia":[{"embeddable":true,"href":"https:\/\/susistemapruebas.com\/grapi\/wp-json\/wp\/v2\/media\/7816"}],"wp:attachment":[{"href":"https:\/\/susistemapruebas.com\/grapi\/wp-json\/wp\/v2\/media?parent=7815"}],"wp:term":[{"taxonomy":"product_brand","embeddable":true,"href":"https:\/\/susistemapruebas.com\/grapi\/wp-json\/wp\/v2\/product_brand?post=7815"},{"taxonomy":"product_cat","embeddable":true,"href":"https:\/\/susistemapruebas.com\/grapi\/wp-json\/wp\/v2\/product_cat?post=7815"},{"taxonomy":"product_tag","embeddable":true,"href":"https:\/\/susistemapruebas.com\/grapi\/wp-json\/wp\/v2\/product_tag?post=7815"}],"curies":[{"name":"wp","href":"https:\/\/api.w.org\/{rel}","templated":true}]}}