{"id":7812,"date":"2024-07-02T00:01:01","date_gmt":"2024-07-02T00:01:01","guid":{"rendered":"https:\/\/susistemapruebas.com\/grapi\/?post_type=product&#038;p=7812"},"modified":"2024-07-02T00:01:01","modified_gmt":"2024-07-02T00:01:01","slug":"base-curva","status":"publish","type":"product","link":"https:\/\/susistemapruebas.com\/grapi\/producto\/base-curva\/","title":{"rendered":"BASE CURVA"},"content":{"rendered":"<p>Plataforma o base curva para tubo de burbujas.\u00a0 Base curva para alojar un tubo de burbujas de 15 cms de di\u00e1metro que permite al usuario sentarse cerca del tubo y sentir su vibraci\u00f3n la base esta tapizada en vinilo suave, duradero y de f\u00e1cil limpieza y se puede suministrar en cualquiera de los colores est\u00e1ndar de DOIT \u2013 por favor especifiquen el color al realizar el pedido.<\/p>\n","protected":false},"excerpt":{"rendered":"<h4><strong>BASE CURVA PARA TUBO<\/strong><\/h4>\n","protected":false},"featured_media":7813,"template":"","meta":[],"product_brand":[],"product_cat":[61],"product_tag":[],"class_list":{"0":"post-7812","1":"product","2":"type-product","3":"status-publish","4":"has-post-thumbnail","6":"product_cat-mobiliario","8":"first","9":"instock","10":"shipping-taxable","11":"product-type-simple"},"_links":{"self":[{"href":"https:\/\/susistemapruebas.com\/grapi\/wp-json\/wp\/v2\/product\/7812","targetHints":{"allow":["GET"]}}],"collection":[{"href":"https:\/\/susistemapruebas.com\/grapi\/wp-json\/wp\/v2\/product"}],"about":[{"href":"https:\/\/susistemapruebas.com\/grapi\/wp-json\/wp\/v2\/types\/product"}],"wp:featuredmedia":[{"embeddable":true,"href":"https:\/\/susistemapruebas.com\/grapi\/wp-json\/wp\/v2\/media\/7813"}],"wp:attachment":[{"href":"https:\/\/susistemapruebas.com\/grapi\/wp-json\/wp\/v2\/media?parent=7812"}],"wp:term":[{"taxonomy":"product_brand","embeddable":true,"href":"https:\/\/susistemapruebas.com\/grapi\/wp-json\/wp\/v2\/product_brand?post=7812"},{"taxonomy":"product_cat","embeddable":true,"href":"https:\/\/susistemapruebas.com\/grapi\/wp-json\/wp\/v2\/product_cat?post=7812"},{"taxonomy":"product_tag","embeddable":true,"href":"https:\/\/susistemapruebas.com\/grapi\/wp-json\/wp\/v2\/product_tag?post=7812"}],"curies":[{"name":"wp","href":"https:\/\/api.w.org\/{rel}","templated":true}]}}