{"id":7810,"date":"2024-06-27T22:26:42","date_gmt":"2024-06-27T22:26:42","guid":{"rendered":"https:\/\/susistemapruebas.com\/grapi\/?post_type=product&#038;p=7810"},"modified":"2024-06-27T22:26:42","modified_gmt":"2024-06-27T22:26:42","slug":"varitas-fluorecentes","status":"publish","type":"product","link":"https:\/\/susistemapruebas.com\/grapi\/producto\/varitas-fluorecentes\/","title":{"rendered":"VARITAS FLUORECENTES"},"content":{"rendered":"<p>Las varitas m\u00e1gicas acr\u00edlicas vibrantes brillan en colores ne\u00f3n bajo la luz\u00a0 ultravioleta negra, tan brillantes que tienes que alcanzarlas y agarrarlas. Mu\u00e9velos debajo del U.V. luz para colores brillantes; alejarlos, y el brillo se detiene. Simple y f\u00e1cil: nada que romper, ning\u00fan l\u00edquido que se escape. El juego incluye 8 varillas<\/p>\n<p>Dimensiones:<\/p>\n<ul>\n<li>4 de tama\u00f1o para adaptarse al agarre de un ni\u00f1o, 20 x 1.3 cm.<\/li>\n<li>4 para adaptarse a una mano adulta, 20 x 1.9 cm<\/li>\n<\/ul>\n<p>La luz negra se vende por separado<\/p>\n","protected":false},"excerpt":{"rendered":"<p><strong>VARITAS FLUORECENTES<\/strong><\/p>\n","protected":false},"featured_media":7811,"template":"","meta":[],"product_brand":[],"product_cat":[60],"product_tag":[],"class_list":{"0":"post-7810","1":"product","2":"type-product","3":"status-publish","4":"has-post-thumbnail","6":"product_cat-iluminacion","8":"first","9":"instock","10":"shipping-taxable","11":"product-type-simple"},"_links":{"self":[{"href":"https:\/\/susistemapruebas.com\/grapi\/wp-json\/wp\/v2\/product\/7810","targetHints":{"allow":["GET"]}}],"collection":[{"href":"https:\/\/susistemapruebas.com\/grapi\/wp-json\/wp\/v2\/product"}],"about":[{"href":"https:\/\/susistemapruebas.com\/grapi\/wp-json\/wp\/v2\/types\/product"}],"wp:featuredmedia":[{"embeddable":true,"href":"https:\/\/susistemapruebas.com\/grapi\/wp-json\/wp\/v2\/media\/7811"}],"wp:attachment":[{"href":"https:\/\/susistemapruebas.com\/grapi\/wp-json\/wp\/v2\/media?parent=7810"}],"wp:term":[{"taxonomy":"product_brand","embeddable":true,"href":"https:\/\/susistemapruebas.com\/grapi\/wp-json\/wp\/v2\/product_brand?post=7810"},{"taxonomy":"product_cat","embeddable":true,"href":"https:\/\/susistemapruebas.com\/grapi\/wp-json\/wp\/v2\/product_cat?post=7810"},{"taxonomy":"product_tag","embeddable":true,"href":"https:\/\/susistemapruebas.com\/grapi\/wp-json\/wp\/v2\/product_tag?post=7810"}],"curies":[{"name":"wp","href":"https:\/\/api.w.org\/{rel}","templated":true}]}}