{"id":7808,"date":"2024-06-27T22:21:42","date_gmt":"2024-06-27T22:21:42","guid":{"rendered":"https:\/\/susistemapruebas.com\/grapi\/?post_type=product&#038;p=7808"},"modified":"2024-06-27T22:21:42","modified_gmt":"2024-06-27T22:21:42","slug":"tira-manguera-led-rgb-por-metro","status":"publish","type":"product","link":"https:\/\/susistemapruebas.com\/grapi\/producto\/tira-manguera-led-rgb-por-metro\/","title":{"rendered":"TIRA MANGUERA LED RGB POR METRO"},"content":{"rendered":"<p>La tira manguera LED RGB se vende por metro (precio publicado por metro), se puede conectar a corriente directa a trav\u00e9s de un rectificador de voltaje -de venta por separado Soportan el uso rudo, son ideales para lugares h\u00famedos o calurosos. Gracias a su composici\u00f3n son flexibles y se pueden cortar y reutilizar cada medio metro. Cada metro incluye LEDs tipo RGB 5050, con un muy bajo consumo de watts por metro. Puedes adquirir hasta 50m juntos (un rollo completo). Sustituyen a las tradicionales mangueras tibo iluminando hasta 4 veces m\u00e1s con una duraci\u00f3n de hasta 10 veces m\u00e1s, adem\u00e1s producen menos calor. INCLUYE CONTROL REMOTO<\/p>\n<p>Consumo: 150W<\/p>\n<p>Voltaje 127V~ 60Hz<\/p>\n<p>Vida \u00datil: 50,000 hrs.<\/p>\n<p>Se conecta directo a 110v.<\/p>\n","protected":false},"excerpt":{"rendered":"<p><strong>TIRA MANGUERA LED<\/strong><\/p>\n","protected":false},"featured_media":7809,"template":"","meta":[],"product_brand":[],"product_cat":[60],"product_tag":[],"class_list":{"0":"post-7808","1":"product","2":"type-product","3":"status-publish","4":"has-post-thumbnail","6":"product_cat-iluminacion","8":"first","9":"instock","10":"shipping-taxable","11":"product-type-simple"},"_links":{"self":[{"href":"https:\/\/susistemapruebas.com\/grapi\/wp-json\/wp\/v2\/product\/7808","targetHints":{"allow":["GET"]}}],"collection":[{"href":"https:\/\/susistemapruebas.com\/grapi\/wp-json\/wp\/v2\/product"}],"about":[{"href":"https:\/\/susistemapruebas.com\/grapi\/wp-json\/wp\/v2\/types\/product"}],"wp:featuredmedia":[{"embeddable":true,"href":"https:\/\/susistemapruebas.com\/grapi\/wp-json\/wp\/v2\/media\/7809"}],"wp:attachment":[{"href":"https:\/\/susistemapruebas.com\/grapi\/wp-json\/wp\/v2\/media?parent=7808"}],"wp:term":[{"taxonomy":"product_brand","embeddable":true,"href":"https:\/\/susistemapruebas.com\/grapi\/wp-json\/wp\/v2\/product_brand?post=7808"},{"taxonomy":"product_cat","embeddable":true,"href":"https:\/\/susistemapruebas.com\/grapi\/wp-json\/wp\/v2\/product_cat?post=7808"},{"taxonomy":"product_tag","embeddable":true,"href":"https:\/\/susistemapruebas.com\/grapi\/wp-json\/wp\/v2\/product_tag?post=7808"}],"curies":[{"name":"wp","href":"https:\/\/api.w.org\/{rel}","templated":true}]}}