{"id":7805,"date":"2024-06-27T22:11:15","date_gmt":"2024-06-27T22:11:15","guid":{"rendered":"https:\/\/susistemapruebas.com\/grapi\/?post_type=product&#038;p=7805"},"modified":"2024-06-27T22:14:00","modified_gmt":"2024-06-27T22:14:00","slug":"tira-led-smd3528-aksi","status":"publish","type":"product","link":"https:\/\/susistemapruebas.com\/grapi\/producto\/tira-led-smd3528-aksi\/","title":{"rendered":"TIRA LED SMD3528 AKSI"},"content":{"rendered":"<ul>\n<li>Incluye control remoto con programa para 16 colores.<\/li>\n<li>4 modos de iluminaci\u00f3n e intensidad.<\/li>\n<li>Flexible y f\u00e1cil de instalar.<\/li>\n<li>Resistente al agua.<\/li>\n<li>Para uso en interiores y exteriores.<\/li>\n<li>Puede cortarse cada 50 cm.<\/li>\n<li>Incluye cinta adhesiva para montaje.<\/li>\n<li>Incluye adaptador 100 V~ \u2013 240 V~.<\/li>\n<li>20000 Horas de Vida.<\/li>\n<\/ul>\n<p>Las tiras LED son perfectas para diferentes usos como iluminaci\u00f3n. Esta tira cuenta con 60 LED\u00b4s. Puede ser colocada pr\u00e1cticamente en cualquier lugar gracias a su flexibilidad, practicidad de corte, uni\u00f3n, f\u00e1cil colocaci\u00f3n y un m\u00ednimo consumo.<\/p>\n","protected":false},"excerpt":{"rendered":"<h4><strong>TIRA LED SMD3528 AKSI MULTICOLOR RGB 5 METROS<\/strong><\/h4>\n","protected":false},"featured_media":7806,"template":"","meta":[],"product_brand":[],"product_cat":[60],"product_tag":[],"class_list":{"0":"post-7805","1":"product","2":"type-product","3":"status-publish","4":"has-post-thumbnail","6":"product_cat-iluminacion","8":"first","9":"instock","10":"shipping-taxable","11":"product-type-simple"},"_links":{"self":[{"href":"https:\/\/susistemapruebas.com\/grapi\/wp-json\/wp\/v2\/product\/7805","targetHints":{"allow":["GET"]}}],"collection":[{"href":"https:\/\/susistemapruebas.com\/grapi\/wp-json\/wp\/v2\/product"}],"about":[{"href":"https:\/\/susistemapruebas.com\/grapi\/wp-json\/wp\/v2\/types\/product"}],"wp:featuredmedia":[{"embeddable":true,"href":"https:\/\/susistemapruebas.com\/grapi\/wp-json\/wp\/v2\/media\/7806"}],"wp:attachment":[{"href":"https:\/\/susistemapruebas.com\/grapi\/wp-json\/wp\/v2\/media?parent=7805"}],"wp:term":[{"taxonomy":"product_brand","embeddable":true,"href":"https:\/\/susistemapruebas.com\/grapi\/wp-json\/wp\/v2\/product_brand?post=7805"},{"taxonomy":"product_cat","embeddable":true,"href":"https:\/\/susistemapruebas.com\/grapi\/wp-json\/wp\/v2\/product_cat?post=7805"},{"taxonomy":"product_tag","embeddable":true,"href":"https:\/\/susistemapruebas.com\/grapi\/wp-json\/wp\/v2\/product_tag?post=7805"}],"curies":[{"name":"wp","href":"https:\/\/api.w.org\/{rel}","templated":true}]}}