{"id":7803,"date":"2024-06-27T21:35:52","date_gmt":"2024-06-27T21:35:52","guid":{"rendered":"https:\/\/susistemapruebas.com\/grapi\/?post_type=product&#038;p=7803"},"modified":"2024-06-27T21:35:52","modified_gmt":"2024-06-27T21:35:52","slug":"set-esfera-de-espejos-de-techo","status":"publish","type":"product","link":"https:\/\/susistemapruebas.com\/grapi\/producto\/set-esfera-de-espejos-de-techo\/","title":{"rendered":"SET ESFERA DE ESPEJOS DE TECHO"},"content":{"rendered":"<p><strong>CON MOTOR Y PROYECTOR DE LUZ.\u00a0<\/strong><\/p>\n<p>Paquete incluye: esfera con motor y proyector reflector LED RGB full.<\/p>\n<p>ESFERA O BOLA DE ESPEJOS. Cubierta con cuadrados de espejos sobre la superficie reflectante, espect\u00e1culo brillante y una impresi\u00f3n incre\u00edble cuando se utiliza con motor que la har\u00e1 que gire lentamente, espere que se proyecte un reflejo brillante en cada pulgada cuadrada del piso de cualquier tama\u00f1o. Dirija brillantes luces de diferentes colores hacia la bola de espejo para producir una mezcla espectacular de manchas de colores por toda la habitaci\u00f3n. Ideal para promover actividades de seguimiento dentro de la sala sensorial. Su finalidad es la relajaci\u00f3n, estimulaci\u00f3n visual y equilibrio. Fijada en el techo, la bola gira lentamente mediante motor.<\/p>\n<p>CARACTER\u00cdSTICAS:<\/p>\n<ul>\n<li>Construcci\u00f3n de espuma s\u00f3lida.<\/li>\n<li>Cubierto con peque\u00f1os cuadrados de espejo, superficie reflectante.<\/li>\n<li>Muestra una impresi\u00f3n brillante y sorprendente cuando se usa con motor giratorio.<\/li>\n<li>El gancho de metal en la parte superior hace que se cuelgue f\u00e1cilmente.<\/li>\n<\/ul>\n<p>ESPECIFICACIONES:<\/p>\n<ul>\n<li>Tama\u00f1o: 30 cm<\/li>\n<li>Material: espuma y vidrio.<\/li>\n<li>Color plata.<\/li>\n<\/ul>\n<p>Motor:<\/p>\n<ul>\n<li>Material: pol\u00edmero ABS.<\/li>\n<li>Color negro.<\/li>\n<li>Velocidad de rotaci\u00f3n: 2 \u2013 3 rpm.<\/li>\n<li>Peso Neto: 0.74 kg.<\/li>\n<li>Alimentaci\u00f3n: 110 V<\/li>\n<li>Frecuencia: 50\/60 Hz<\/li>\n<li>Consumo: 5 W<\/li>\n<\/ul>\n","protected":false},"excerpt":{"rendered":"<p><strong>SET ESFERA DE ESPEJOS DE TECHO<\/strong><\/p>\n","protected":false},"featured_media":6939,"template":"","meta":[],"product_brand":[],"product_cat":[60],"product_tag":[],"class_list":{"0":"post-7803","1":"product","2":"type-product","3":"status-publish","4":"has-post-thumbnail","6":"product_cat-iluminacion","8":"first","9":"instock","10":"shipping-taxable","11":"product-type-simple"},"_links":{"self":[{"href":"https:\/\/susistemapruebas.com\/grapi\/wp-json\/wp\/v2\/product\/7803","targetHints":{"allow":["GET"]}}],"collection":[{"href":"https:\/\/susistemapruebas.com\/grapi\/wp-json\/wp\/v2\/product"}],"about":[{"href":"https:\/\/susistemapruebas.com\/grapi\/wp-json\/wp\/v2\/types\/product"}],"wp:featuredmedia":[{"embeddable":true,"href":"https:\/\/susistemapruebas.com\/grapi\/wp-json\/wp\/v2\/media\/6939"}],"wp:attachment":[{"href":"https:\/\/susistemapruebas.com\/grapi\/wp-json\/wp\/v2\/media?parent=7803"}],"wp:term":[{"taxonomy":"product_brand","embeddable":true,"href":"https:\/\/susistemapruebas.com\/grapi\/wp-json\/wp\/v2\/product_brand?post=7803"},{"taxonomy":"product_cat","embeddable":true,"href":"https:\/\/susistemapruebas.com\/grapi\/wp-json\/wp\/v2\/product_cat?post=7803"},{"taxonomy":"product_tag","embeddable":true,"href":"https:\/\/susistemapruebas.com\/grapi\/wp-json\/wp\/v2\/product_tag?post=7803"}],"curies":[{"name":"wp","href":"https:\/\/api.w.org\/{rel}","templated":true}]}}