{"id":7798,"date":"2024-06-27T21:19:35","date_gmt":"2024-06-27T21:19:35","guid":{"rendered":"https:\/\/susistemapruebas.com\/grapi\/?post_type=product&#038;p=7798"},"modified":"2024-06-27T21:19:36","modified_gmt":"2024-06-27T21:19:36","slug":"parachute-blanco","status":"publish","type":"product","link":"https:\/\/susistemapruebas.com\/grapi\/producto\/parachute-blanco\/","title":{"rendered":"PARACHUTE BLANCO"},"content":{"rendered":"<p>Tama\u00f1o: di\u00e1metro 2.00 mts. Fluorescente al ser usado con la luz negra. Este paraca\u00eddas multiprop\u00f3sito esta construido de suave, pero resistente nylon.<\/p>\n","protected":false},"excerpt":{"rendered":"<p>PARACHUTE BLANCO<\/p>\n","protected":false},"featured_media":7266,"template":"","meta":[],"product_brand":[],"product_cat":[60],"product_tag":[],"class_list":{"0":"post-7798","1":"product","2":"type-product","3":"status-publish","4":"has-post-thumbnail","6":"product_cat-iluminacion","8":"first","9":"instock","10":"shipping-taxable","11":"product-type-simple"},"_links":{"self":[{"href":"https:\/\/susistemapruebas.com\/grapi\/wp-json\/wp\/v2\/product\/7798","targetHints":{"allow":["GET"]}}],"collection":[{"href":"https:\/\/susistemapruebas.com\/grapi\/wp-json\/wp\/v2\/product"}],"about":[{"href":"https:\/\/susistemapruebas.com\/grapi\/wp-json\/wp\/v2\/types\/product"}],"wp:featuredmedia":[{"embeddable":true,"href":"https:\/\/susistemapruebas.com\/grapi\/wp-json\/wp\/v2\/media\/7266"}],"wp:attachment":[{"href":"https:\/\/susistemapruebas.com\/grapi\/wp-json\/wp\/v2\/media?parent=7798"}],"wp:term":[{"taxonomy":"product_brand","embeddable":true,"href":"https:\/\/susistemapruebas.com\/grapi\/wp-json\/wp\/v2\/product_brand?post=7798"},{"taxonomy":"product_cat","embeddable":true,"href":"https:\/\/susistemapruebas.com\/grapi\/wp-json\/wp\/v2\/product_cat?post=7798"},{"taxonomy":"product_tag","embeddable":true,"href":"https:\/\/susistemapruebas.com\/grapi\/wp-json\/wp\/v2\/product_tag?post=7798"}],"curies":[{"name":"wp","href":"https:\/\/api.w.org\/{rel}","templated":true}]}}