{"id":7797,"date":"2024-06-27T21:05:25","date_gmt":"2024-06-27T21:05:25","guid":{"rendered":"https:\/\/susistemapruebas.com\/grapi\/?post_type=product&#038;p=7797"},"modified":"2024-06-27T21:05:25","modified_gmt":"2024-06-27T21:05:25","slug":"paracaidas-fluorecente","status":"publish","type":"product","link":"https:\/\/susistemapruebas.com\/grapi\/producto\/paracaidas-fluorecente\/","title":{"rendered":"PARACAIDAS FLUORECENTE"},"content":{"rendered":"<p>El fondo azul marino muestra una lluvia de estrellas fluorescentes sensibles a los rayos UV cuando se usa con luz negra. Ideal para proporcionar estimulaci\u00f3n visual, as\u00ed como actividad social e interacci\u00f3n. Seguro y apropiado para todas las edades. Viene con una bolsa de almacenamiento.<\/p>\n<p>Luz negra no incluida.<\/p>\n<p>TAMA\u00d1O: \u00a04.00 Y 6.00 MTS. Di\u00e1metro.<\/p>\n","protected":false},"excerpt":{"rendered":"<p><strong>PARACAIDAS FLUORECENTE<\/strong><\/p>\n","protected":false},"featured_media":7264,"template":"","meta":[],"product_brand":[],"product_cat":[60],"product_tag":[],"class_list":{"0":"post-7797","1":"product","2":"type-product","3":"status-publish","4":"has-post-thumbnail","6":"product_cat-iluminacion","8":"first","9":"instock","10":"shipping-taxable","11":"product-type-simple"},"_links":{"self":[{"href":"https:\/\/susistemapruebas.com\/grapi\/wp-json\/wp\/v2\/product\/7797","targetHints":{"allow":["GET"]}}],"collection":[{"href":"https:\/\/susistemapruebas.com\/grapi\/wp-json\/wp\/v2\/product"}],"about":[{"href":"https:\/\/susistemapruebas.com\/grapi\/wp-json\/wp\/v2\/types\/product"}],"wp:featuredmedia":[{"embeddable":true,"href":"https:\/\/susistemapruebas.com\/grapi\/wp-json\/wp\/v2\/media\/7264"}],"wp:attachment":[{"href":"https:\/\/susistemapruebas.com\/grapi\/wp-json\/wp\/v2\/media?parent=7797"}],"wp:term":[{"taxonomy":"product_brand","embeddable":true,"href":"https:\/\/susistemapruebas.com\/grapi\/wp-json\/wp\/v2\/product_brand?post=7797"},{"taxonomy":"product_cat","embeddable":true,"href":"https:\/\/susistemapruebas.com\/grapi\/wp-json\/wp\/v2\/product_cat?post=7797"},{"taxonomy":"product_tag","embeddable":true,"href":"https:\/\/susistemapruebas.com\/grapi\/wp-json\/wp\/v2\/product_tag?post=7797"}],"curies":[{"name":"wp","href":"https:\/\/api.w.org\/{rel}","templated":true}]}}