{"id":7796,"date":"2024-06-27T21:01:25","date_gmt":"2024-06-27T21:01:25","guid":{"rendered":"https:\/\/susistemapruebas.com\/grapi\/?post_type=product&#038;p=7796"},"modified":"2024-06-27T21:01:25","modified_gmt":"2024-06-27T21:01:25","slug":"panel-uv","status":"publish","type":"product","link":"https:\/\/susistemapruebas.com\/grapi\/producto\/panel-uv\/","title":{"rendered":"PANEL UV"},"content":{"rendered":"<p>Una combinaci\u00f3n atractiva de texturas, experiencias t\u00e1ctiles, contrastes de temperatura y puntos focales llamativos. Instalar en un entorno oscuro con una luz UV cerca. Para ser montado en la pared. Base de madera MDF laqueado en color negro y aplicaciones de\u00a0\u00a0 figuras geom\u00e9tricas con pintura fluorescente en color verde amarillo y naranja, instrumentos y tubos de silic\u00f3n y tapete con efectos fluorescentes. \u00a1Una experiencia t\u00e1ctil con un toque visual!<\/p>\n<p>todo el atractivo t\u00e1ctil de este panel popular con el mayor atractivo visual de las caracter\u00edsticas de respuesta ultravioleta. Una atractiva combinaci\u00f3n de texturas, experiencias t\u00e1ctiles, contrastes de temperatura y puntos focales llamativos. Instale en un ambiente oscuro con una luz UV cercana. Marco de madera.<\/p>\n<p>DIMENSIONES TOTALES: 1.20 x 1. 20 Mts.<\/p>\n","protected":false},"excerpt":{"rendered":"<p><strong>PANEL UV<\/strong><\/p>\n","protected":false},"featured_media":7263,"template":"","meta":[],"product_brand":[],"product_cat":[60],"product_tag":[],"class_list":{"0":"post-7796","1":"product","2":"type-product","3":"status-publish","4":"has-post-thumbnail","6":"product_cat-iluminacion","8":"first","9":"instock","10":"shipping-taxable","11":"product-type-simple"},"_links":{"self":[{"href":"https:\/\/susistemapruebas.com\/grapi\/wp-json\/wp\/v2\/product\/7796","targetHints":{"allow":["GET"]}}],"collection":[{"href":"https:\/\/susistemapruebas.com\/grapi\/wp-json\/wp\/v2\/product"}],"about":[{"href":"https:\/\/susistemapruebas.com\/grapi\/wp-json\/wp\/v2\/types\/product"}],"wp:featuredmedia":[{"embeddable":true,"href":"https:\/\/susistemapruebas.com\/grapi\/wp-json\/wp\/v2\/media\/7263"}],"wp:attachment":[{"href":"https:\/\/susistemapruebas.com\/grapi\/wp-json\/wp\/v2\/media?parent=7796"}],"wp:term":[{"taxonomy":"product_brand","embeddable":true,"href":"https:\/\/susistemapruebas.com\/grapi\/wp-json\/wp\/v2\/product_brand?post=7796"},{"taxonomy":"product_cat","embeddable":true,"href":"https:\/\/susistemapruebas.com\/grapi\/wp-json\/wp\/v2\/product_cat?post=7796"},{"taxonomy":"product_tag","embeddable":true,"href":"https:\/\/susistemapruebas.com\/grapi\/wp-json\/wp\/v2\/product_tag?post=7796"}],"curies":[{"name":"wp","href":"https:\/\/api.w.org\/{rel}","templated":true}]}}