{"id":7794,"date":"2024-06-27T20:55:55","date_gmt":"2024-06-27T20:55:55","guid":{"rendered":"https:\/\/susistemapruebas.com\/grapi\/?post_type=product&#038;p=7794"},"modified":"2024-06-27T20:55:55","modified_gmt":"2024-06-27T20:55:55","slug":"iluminacion-led-interactiva","status":"publish","type":"product","link":"https:\/\/susistemapruebas.com\/grapi\/producto\/iluminacion-led-interactiva\/","title":{"rendered":"ILUMINACI\u00d3N LED INTERACTIVA"},"content":{"rendered":"<p>Una atm\u00f3sfera donde podemos cambiar el color de nuestro entorno para focalizar nuestra atenci\u00f3n. Funciona con tecnolog\u00eda LED de alto brillo, Se instala en la pared o techo de la sala multisensorial. Incluya el comunicador de 8 colores DOIT o el Dado DOIT para reforzar o desarrollar actividades de reconocimiento de los colores. Dise\u00f1ado en aluminio y con nuestra tecnolog\u00eda DOITLink.<\/p>\n<p>Tira de leds de 2 metros de longitud montada sobre chasis de aluminio y con lente amplificadora de luz, esta tira de led va situada en el techo enfocando hacia el suelo e inunda toda la pared del color que selecciones a trav\u00e9s de cualquier comunicador DOIT, se pueden poner tantas tiras como metros tenga la pared.<\/p>\n","protected":false},"excerpt":{"rendered":"<h4><strong>ILUMINACI\u00d3N LED INTERACTIVA<\/strong><\/h4>\n","protected":false},"featured_media":7795,"template":"","meta":[],"product_brand":[],"product_cat":[60],"product_tag":[],"class_list":{"0":"post-7794","1":"product","2":"type-product","3":"status-publish","4":"has-post-thumbnail","6":"product_cat-iluminacion","8":"first","9":"instock","10":"shipping-taxable","11":"product-type-simple"},"_links":{"self":[{"href":"https:\/\/susistemapruebas.com\/grapi\/wp-json\/wp\/v2\/product\/7794","targetHints":{"allow":["GET"]}}],"collection":[{"href":"https:\/\/susistemapruebas.com\/grapi\/wp-json\/wp\/v2\/product"}],"about":[{"href":"https:\/\/susistemapruebas.com\/grapi\/wp-json\/wp\/v2\/types\/product"}],"wp:featuredmedia":[{"embeddable":true,"href":"https:\/\/susistemapruebas.com\/grapi\/wp-json\/wp\/v2\/media\/7795"}],"wp:attachment":[{"href":"https:\/\/susistemapruebas.com\/grapi\/wp-json\/wp\/v2\/media?parent=7794"}],"wp:term":[{"taxonomy":"product_brand","embeddable":true,"href":"https:\/\/susistemapruebas.com\/grapi\/wp-json\/wp\/v2\/product_brand?post=7794"},{"taxonomy":"product_cat","embeddable":true,"href":"https:\/\/susistemapruebas.com\/grapi\/wp-json\/wp\/v2\/product_cat?post=7794"},{"taxonomy":"product_tag","embeddable":true,"href":"https:\/\/susistemapruebas.com\/grapi\/wp-json\/wp\/v2\/product_tag?post=7794"}],"curies":[{"name":"wp","href":"https:\/\/api.w.org\/{rel}","templated":true}]}}