{"id":7790,"date":"2024-06-27T19:41:55","date_gmt":"2024-06-27T19:41:55","guid":{"rendered":"https:\/\/susistemapruebas.com\/grapi\/?post_type=product&#038;p=7790"},"modified":"2024-06-27T19:41:55","modified_gmt":"2024-06-27T19:41:55","slug":"fluorescente","status":"publish","type":"product","link":"https:\/\/susistemapruebas.com\/grapi\/producto\/fluorescente\/","title":{"rendered":"FLUORESCENTE"},"content":{"rendered":"<ol>\n<li><strong>BARRA DE LUZ NEGRA LED NE\u00d3N CON GABINETE.<\/strong>\u00a01 pza. que al ser encendida proyecta cambio de color, volviendo fluorescente los colores claros del cuarto.<\/li>\n<\/ol>\n<ul>\n<li>Colores de la luz Ultravioleta.<\/li>\n<li>Potencia de salida 30 W.<\/li>\n<li>Tipo de dispositivo Cabezal m\u00f3vil.<\/li>\n<li>Cantidad de LEDS: 9 X 3 W UV LEDS<\/li>\n<li>Voltaje: AC85-265V 50\/60 HZ<\/li>\n<li>Watts: 30w<\/li>\n<li>Angulo de Iluminaci\u00f3n: 120 grados, el \u00e1rea de Iluminaci\u00f3n puede variar seg\u00fan la altura y \u00e1ngulo a que se instale.<\/li>\n<li>Incluye 2 soportes para fijarse al techo o pared.<\/li>\n<li>Forma oblonga.<\/li>\n<li>Material: metal<\/li>\n<li>Conmutaci\u00f3n bidireccional<\/li>\n<li>Fuente de alimentaci\u00f3n con cable el\u00e9ctrico<\/li>\n<li>Medidas: 51 X 7 X 7 CMS.<\/li>\n<\/ul>\n","protected":false},"excerpt":{"rendered":"<p><strong>SET FLUORESCENTE<\/strong><\/p>\n","protected":false},"featured_media":7791,"template":"","meta":[],"product_brand":[],"product_cat":[60],"product_tag":[],"class_list":{"0":"post-7790","1":"product","2":"type-product","3":"status-publish","4":"has-post-thumbnail","6":"product_cat-iluminacion","8":"first","9":"instock","10":"shipping-taxable","11":"product-type-simple"},"_links":{"self":[{"href":"https:\/\/susistemapruebas.com\/grapi\/wp-json\/wp\/v2\/product\/7790","targetHints":{"allow":["GET"]}}],"collection":[{"href":"https:\/\/susistemapruebas.com\/grapi\/wp-json\/wp\/v2\/product"}],"about":[{"href":"https:\/\/susistemapruebas.com\/grapi\/wp-json\/wp\/v2\/types\/product"}],"wp:featuredmedia":[{"embeddable":true,"href":"https:\/\/susistemapruebas.com\/grapi\/wp-json\/wp\/v2\/media\/7791"}],"wp:attachment":[{"href":"https:\/\/susistemapruebas.com\/grapi\/wp-json\/wp\/v2\/media?parent=7790"}],"wp:term":[{"taxonomy":"product_brand","embeddable":true,"href":"https:\/\/susistemapruebas.com\/grapi\/wp-json\/wp\/v2\/product_brand?post=7790"},{"taxonomy":"product_cat","embeddable":true,"href":"https:\/\/susistemapruebas.com\/grapi\/wp-json\/wp\/v2\/product_cat?post=7790"},{"taxonomy":"product_tag","embeddable":true,"href":"https:\/\/susistemapruebas.com\/grapi\/wp-json\/wp\/v2\/product_tag?post=7790"}],"curies":[{"name":"wp","href":"https:\/\/api.w.org\/{rel}","templated":true}]}}