{"id":7787,"date":"2024-06-27T18:40:13","date_gmt":"2024-06-27T18:40:13","guid":{"rendered":"https:\/\/susistemapruebas.com\/grapi\/?post_type=product&#038;p=7787"},"modified":"2024-06-27T18:45:54","modified_gmt":"2024-06-27T18:45:54","slug":"figuras-captoras-de-luz","status":"publish","type":"product","link":"https:\/\/susistemapruebas.com\/grapi\/producto\/figuras-captoras-de-luz\/","title":{"rendered":"FIGURAS CAPTORAS DE LUZ"},"content":{"rendered":"<p>Crea una galaxia llena de color\u00a0\u00a0 en la obscuridad. Fabricadas de MATERIAL FLUORESCENTE QUE BRILLA EN LA OSCURIDAD: El material de estas estrellas, les permite absorber la luz directa UV, para poder brillar en la oscuridad y alumbrar tu cuarto. No requieren bater\u00edas ni corriente el\u00e9ctrica.<\/p>\n<p>Figuras de vinilo peque\u00f1as de distintos tama\u00f1os. \u00a1Vinilo Fotoluminiscencia No esta hechas de pl\u00e1stico r\u00edgido! \u00a1Vida \u00fatil de de hasta 5 a\u00f1os en interiores! Se adhieren a muchas superficies. Sin luz tienen un color verde claro y expuestas a la LAMPARA DE LUZ NEGRA UV tienen un color verde fosforescente.\u00a0 Se cargan con luz artificial con 15 minutos y brillan de 8 a 10 horas continuo (su brillo disminuye poco a poco). El lugar debe estar completamente obscuro y la luz no debe estar a m\u00e1s de 3 metros de distancia, de lo contrario no brillar\u00e1n mucho y no se apreciar\u00e1n.<\/p>\n","protected":false},"excerpt":{"rendered":"<p><strong>FIGURAS CAPTORAS DE LUZ.<\/strong><\/p>\n","protected":false},"featured_media":7788,"template":"","meta":[],"product_brand":[],"product_cat":[60],"product_tag":[],"class_list":{"0":"post-7787","1":"product","2":"type-product","3":"status-publish","4":"has-post-thumbnail","6":"product_cat-iluminacion","8":"first","9":"instock","10":"shipping-taxable","11":"product-type-simple"},"_links":{"self":[{"href":"https:\/\/susistemapruebas.com\/grapi\/wp-json\/wp\/v2\/product\/7787","targetHints":{"allow":["GET"]}}],"collection":[{"href":"https:\/\/susistemapruebas.com\/grapi\/wp-json\/wp\/v2\/product"}],"about":[{"href":"https:\/\/susistemapruebas.com\/grapi\/wp-json\/wp\/v2\/types\/product"}],"wp:featuredmedia":[{"embeddable":true,"href":"https:\/\/susistemapruebas.com\/grapi\/wp-json\/wp\/v2\/media\/7788"}],"wp:attachment":[{"href":"https:\/\/susistemapruebas.com\/grapi\/wp-json\/wp\/v2\/media?parent=7787"}],"wp:term":[{"taxonomy":"product_brand","embeddable":true,"href":"https:\/\/susistemapruebas.com\/grapi\/wp-json\/wp\/v2\/product_brand?post=7787"},{"taxonomy":"product_cat","embeddable":true,"href":"https:\/\/susistemapruebas.com\/grapi\/wp-json\/wp\/v2\/product_cat?post=7787"},{"taxonomy":"product_tag","embeddable":true,"href":"https:\/\/susistemapruebas.com\/grapi\/wp-json\/wp\/v2\/product_tag?post=7787"}],"curies":[{"name":"wp","href":"https:\/\/api.w.org\/{rel}","templated":true}]}}