{"id":7782,"date":"2024-06-27T17:55:06","date_gmt":"2024-06-27T17:55:06","guid":{"rendered":"https:\/\/susistemapruebas.com\/grapi\/?post_type=product&#038;p=7782"},"modified":"2024-06-27T17:55:06","modified_gmt":"2024-06-27T17:55:06","slug":"ramilletes-de-fibra-optica","status":"publish","type":"product","link":"https:\/\/susistemapruebas.com\/grapi\/producto\/ramilletes-de-fibra-optica\/","title":{"rendered":"RAMILLETES DE FIBRA \u00d3PTICA"},"content":{"rendered":"<h4><strong>HILOS CON FUNDAS DE PL\u00c1STICO Y TRANSFORMADOR<\/strong><\/h4>\n<p>Garantizamos un maravilloso estimulo visual y ofrecemos una poderosa experiencia t\u00e1ctil. Todas las fuentes de luz DOIT ofrecen una potente iluminaci\u00f3n para iluminar perfectamente cualquier dispositivo de fibra, tambi\u00e9n se separan en fuentes de luz\u00a0<strong>INTERACTIVAS<\/strong>\u00a0con nuestra tecnolog\u00eda DOITLink y que pueden funcionar con cualquiera de nuestros comunicadores y las\u00a0<strong>PASIVAS<\/strong>\u00a0que cambian de color autom\u00e1ticamente.<\/p>\n","protected":false},"excerpt":{"rendered":"<h4><strong>RAMILLETES DE FIBRA \u00d3PTICA<\/strong><\/h4>\n","protected":false},"featured_media":7783,"template":"","meta":[],"product_brand":[],"product_cat":[59],"product_tag":[],"class_list":{"0":"post-7782","1":"product","2":"type-product","3":"status-publish","4":"has-post-thumbnail","6":"product_cat-fibra-optica","8":"first","9":"instock","10":"shipping-taxable","11":"product-type-simple"},"_links":{"self":[{"href":"https:\/\/susistemapruebas.com\/grapi\/wp-json\/wp\/v2\/product\/7782","targetHints":{"allow":["GET"]}}],"collection":[{"href":"https:\/\/susistemapruebas.com\/grapi\/wp-json\/wp\/v2\/product"}],"about":[{"href":"https:\/\/susistemapruebas.com\/grapi\/wp-json\/wp\/v2\/types\/product"}],"wp:featuredmedia":[{"embeddable":true,"href":"https:\/\/susistemapruebas.com\/grapi\/wp-json\/wp\/v2\/media\/7783"}],"wp:attachment":[{"href":"https:\/\/susistemapruebas.com\/grapi\/wp-json\/wp\/v2\/media?parent=7782"}],"wp:term":[{"taxonomy":"product_brand","embeddable":true,"href":"https:\/\/susistemapruebas.com\/grapi\/wp-json\/wp\/v2\/product_brand?post=7782"},{"taxonomy":"product_cat","embeddable":true,"href":"https:\/\/susistemapruebas.com\/grapi\/wp-json\/wp\/v2\/product_cat?post=7782"},{"taxonomy":"product_tag","embeddable":true,"href":"https:\/\/susistemapruebas.com\/grapi\/wp-json\/wp\/v2\/product_tag?post=7782"}],"curies":[{"name":"wp","href":"https:\/\/api.w.org\/{rel}","templated":true}]}}