{"id":7780,"date":"2024-06-27T17:42:41","date_gmt":"2024-06-27T17:42:41","guid":{"rendered":"https:\/\/susistemapruebas.com\/grapi\/?post_type=product&#038;p=7780"},"modified":"2024-06-27T17:42:41","modified_gmt":"2024-06-27T17:42:41","slug":"cortina-de-fibra-optica","status":"publish","type":"product","link":"https:\/\/susistemapruebas.com\/grapi\/producto\/cortina-de-fibra-optica\/","title":{"rendered":"CORTINA DE FIBRA OPTICA"},"content":{"rendered":"<p><strong>FORMADA RAMILLETE DE\u00a0 FIBRA \u00d3PTICA. 78\u00bb\u00a0 ( 2.00 MTS. ) LARGO CON 200 HILOS CON FUNDAS DE PL\u00c1STICO Y TRANSFORMADOR.<\/strong><\/p>\n<p>Desarrollado por 110-115 voltios de corriente alterna. \u00a1Se controla el cambio de color al instante utilizando cubo m\u00e1gico interactivo sin cables!<\/p>\n<p>Colocada en base circular con perforaciones para el paso de la fibra \u00f3ptica de 80cm de di\u00e1metro color blanco. Con soporte de cadenas en 3 ejes para colgarse en gancho. Con perforaciones para fibra \u00f3ptica de 200 hilos, distribuidas. Fijaci\u00f3n en gancho de acero en forma de ganz\u00faa que sobre salga de la loza 15 a 20 cms hacia abajo.\u00a0 Asegurado a la trabe, lo suficiente para cargar hasta 150-200 kgs.<\/p>\n","protected":false},"excerpt":{"rendered":"<p><strong>LLUVIA DE FIBRA OPTICA<\/strong><\/p>\n","protected":false},"featured_media":6883,"template":"","meta":[],"product_brand":[],"product_cat":[59],"product_tag":[],"class_list":{"0":"post-7780","1":"product","2":"type-product","3":"status-publish","4":"has-post-thumbnail","6":"product_cat-fibra-optica","8":"first","9":"instock","10":"shipping-taxable","11":"product-type-simple"},"_links":{"self":[{"href":"https:\/\/susistemapruebas.com\/grapi\/wp-json\/wp\/v2\/product\/7780","targetHints":{"allow":["GET"]}}],"collection":[{"href":"https:\/\/susistemapruebas.com\/grapi\/wp-json\/wp\/v2\/product"}],"about":[{"href":"https:\/\/susistemapruebas.com\/grapi\/wp-json\/wp\/v2\/types\/product"}],"wp:featuredmedia":[{"embeddable":true,"href":"https:\/\/susistemapruebas.com\/grapi\/wp-json\/wp\/v2\/media\/6883"}],"wp:attachment":[{"href":"https:\/\/susistemapruebas.com\/grapi\/wp-json\/wp\/v2\/media?parent=7780"}],"wp:term":[{"taxonomy":"product_brand","embeddable":true,"href":"https:\/\/susistemapruebas.com\/grapi\/wp-json\/wp\/v2\/product_brand?post=7780"},{"taxonomy":"product_cat","embeddable":true,"href":"https:\/\/susistemapruebas.com\/grapi\/wp-json\/wp\/v2\/product_cat?post=7780"},{"taxonomy":"product_tag","embeddable":true,"href":"https:\/\/susistemapruebas.com\/grapi\/wp-json\/wp\/v2\/product_tag?post=7780"}],"curies":[{"name":"wp","href":"https:\/\/api.w.org\/{rel}","templated":true}]}}