{"id":7773,"date":"2024-06-26T00:12:54","date_gmt":"2024-06-26T00:12:54","guid":{"rendered":"https:\/\/susistemapruebas.com\/grapi\/?post_type=product&#038;p=7773"},"modified":"2024-06-26T00:12:54","modified_gmt":"2024-06-26T00:12:54","slug":"paneles-de-difraccion","status":"publish","type":"product","link":"https:\/\/susistemapruebas.com\/grapi\/producto\/paneles-de-difraccion\/","title":{"rendered":"PANELES DE DIFRACCI\u00d3N"},"content":{"rendered":"<p>Los paneles con cara de plata cada uno tiene un dise\u00f1o diferente que refleja la luz en \u00e1ngulos han grabado patrones que reflejan la luz en \u00e1ngulos diferentes. Cuando est\u00e1 iluminado por un foco con la rueda de color, se crea un efecto animado. Coloque al lado de las unidades de burbuja, etc para crear un despliegue atractivo.<\/p>\n<p>Tama\u00f1o: 43 x 43 cm cada uno.<\/p>\n<p>Paquete de 10 paneles plateados.<\/p>\n<p>43 CMS cuadrados.<\/p>\n<p>Cinco dise\u00f1os diferentes que difractan la luz en todas las direcciones.<\/p>\n","protected":false},"excerpt":{"rendered":"<p><strong><u>PANELES DE DIFRACCI\u00d3N<\/u><\/strong><\/p>\n","protected":false},"featured_media":7774,"template":"","meta":[],"product_brand":[],"product_cat":[58],"product_tag":[],"class_list":{"0":"post-7773","1":"product","2":"type-product","3":"status-publish","4":"has-post-thumbnail","6":"product_cat-elementos-de-pared","8":"first","9":"instock","10":"shipping-taxable","11":"product-type-simple"},"_links":{"self":[{"href":"https:\/\/susistemapruebas.com\/grapi\/wp-json\/wp\/v2\/product\/7773","targetHints":{"allow":["GET"]}}],"collection":[{"href":"https:\/\/susistemapruebas.com\/grapi\/wp-json\/wp\/v2\/product"}],"about":[{"href":"https:\/\/susistemapruebas.com\/grapi\/wp-json\/wp\/v2\/types\/product"}],"wp:featuredmedia":[{"embeddable":true,"href":"https:\/\/susistemapruebas.com\/grapi\/wp-json\/wp\/v2\/media\/7774"}],"wp:attachment":[{"href":"https:\/\/susistemapruebas.com\/grapi\/wp-json\/wp\/v2\/media?parent=7773"}],"wp:term":[{"taxonomy":"product_brand","embeddable":true,"href":"https:\/\/susistemapruebas.com\/grapi\/wp-json\/wp\/v2\/product_brand?post=7773"},{"taxonomy":"product_cat","embeddable":true,"href":"https:\/\/susistemapruebas.com\/grapi\/wp-json\/wp\/v2\/product_cat?post=7773"},{"taxonomy":"product_tag","embeddable":true,"href":"https:\/\/susistemapruebas.com\/grapi\/wp-json\/wp\/v2\/product_tag?post=7773"}],"curies":[{"name":"wp","href":"https:\/\/api.w.org\/{rel}","templated":true}]}}