{"id":7767,"date":"2024-06-25T23:19:15","date_gmt":"2024-06-25T23:19:15","guid":{"rendered":"https:\/\/susistemapruebas.com\/grapi\/?post_type=product&#038;p=7767"},"modified":"2024-06-25T23:19:15","modified_gmt":"2024-06-25T23:19:15","slug":"espejo-de-burbujas-diamante","status":"publish","type":"product","link":"https:\/\/susistemapruebas.com\/grapi\/producto\/espejo-de-burbujas-diamante\/","title":{"rendered":"ESPEJO DE BURBUJAS DIAMANTE"},"content":{"rendered":"<p>Peque\u00f1as y grandes burbujas de espejo convexo invitan a ni\u00f1os curiosos a espiar a s\u00ed mismos y a su entorno de nuevas maneras.\u00a0 Los espejos ayudan a los ni\u00f1os a aprender a enfocar, rastrear im\u00e1genes y experimentar sus propias expresiones faciales. Este espejo es un punto focal para las experiencias de percepci\u00f3n visual<\/p>\n<p>Espejos de 3 pzas. Tres diamantes conectados con m\u00faltiples espejos convexos. En forma de diamante, interpuestos con burbujas o medias esferas c\u00f3ncavas de diferentes di\u00e1metros en la superficie. Fabricado en resistente acr\u00edlico. Dimensiones totales: 1.35 mts. De alto x 2.25 mts. De ancho.<\/p>\n<p>Montado en base de hojas de mdf de 12 mm con marqueter\u00eda laqueada en color blanco. Sin acolchado. \u00a0Instalaci\u00f3n se coloca. Fijaciones apropiadas para este peso y para la construcci\u00f3n de la pared.<\/p>\n","protected":false},"excerpt":{"rendered":"<p><strong>ESPEJO DE BURBUJAS DIAMANTE<\/strong><\/p>\n","protected":false},"featured_media":7768,"template":"","meta":[],"product_brand":[],"product_cat":[58],"product_tag":[],"class_list":{"0":"post-7767","1":"product","2":"type-product","3":"status-publish","4":"has-post-thumbnail","6":"product_cat-elementos-de-pared","8":"first","9":"instock","10":"shipping-taxable","11":"product-type-simple"},"_links":{"self":[{"href":"https:\/\/susistemapruebas.com\/grapi\/wp-json\/wp\/v2\/product\/7767","targetHints":{"allow":["GET"]}}],"collection":[{"href":"https:\/\/susistemapruebas.com\/grapi\/wp-json\/wp\/v2\/product"}],"about":[{"href":"https:\/\/susistemapruebas.com\/grapi\/wp-json\/wp\/v2\/types\/product"}],"wp:featuredmedia":[{"embeddable":true,"href":"https:\/\/susistemapruebas.com\/grapi\/wp-json\/wp\/v2\/media\/7768"}],"wp:attachment":[{"href":"https:\/\/susistemapruebas.com\/grapi\/wp-json\/wp\/v2\/media?parent=7767"}],"wp:term":[{"taxonomy":"product_brand","embeddable":true,"href":"https:\/\/susistemapruebas.com\/grapi\/wp-json\/wp\/v2\/product_brand?post=7767"},{"taxonomy":"product_cat","embeddable":true,"href":"https:\/\/susistemapruebas.com\/grapi\/wp-json\/wp\/v2\/product_cat?post=7767"},{"taxonomy":"product_tag","embeddable":true,"href":"https:\/\/susistemapruebas.com\/grapi\/wp-json\/wp\/v2\/product_tag?post=7767"}],"curies":[{"name":"wp","href":"https:\/\/api.w.org\/{rel}","templated":true}]}}