{"id":7765,"date":"2024-06-25T22:55:04","date_gmt":"2024-06-25T22:55:04","guid":{"rendered":"https:\/\/susistemapruebas.com\/grapi\/?post_type=product&#038;p=7765"},"modified":"2024-06-25T22:55:04","modified_gmt":"2024-06-25T22:55:04","slug":"pantalla-controlador-doit","status":"publish","type":"product","link":"https:\/\/susistemapruebas.com\/grapi\/producto\/pantalla-controlador-doit\/","title":{"rendered":"PANTALLA CONTROLADOR DOIT"},"content":{"rendered":"<p>Toda la potencia de las actividades cognitivas en una gran pantalla de 42\u201d, con actividades de todo tipo desde la relaci\u00f3n de sonidos con im\u00e1genes hasta actividades de lectura. Actualmente se incluyen m\u00e1s de 30 ejercicios cognitivos. Gracias a sus actualizaciones se pueden incorporar nuevos ejercicios.\u00a0 Desde la relaci\u00f3n de im\u00e1genes con sonidos, sonidos con im\u00e1genes, identificaci\u00f3n de formas, b\u00fasqueda de objetos, juegos de parejas, juegos de memoria, ordenar de grande a peque\u00f1o y muchas otras m\u00e1s.<\/p>\n<p>Si dispone de dispositivos de la firma DOIT en su sala multisensorial al realizar correctamente los ejercicios se iluminar\u00e1n con el color verde o el color que quiera o si falla en su respuesta puede hacer que sus dispositivos se enciendan tambi\u00e9n.<\/p>\n<p>Un gran complemento para tu sala sensorial.<\/p>\n","protected":false},"excerpt":{"rendered":"<h4><strong>PANTALLA T\u00c1CTIL DE ACTIVIDADES COGNITIVAS DOIT<\/strong><\/h4>\n","protected":false},"featured_media":7318,"template":"","meta":[],"product_brand":[],"product_cat":[49],"product_tag":[],"class_list":{"0":"post-7765","1":"product","2":"type-product","3":"status-publish","4":"has-post-thumbnail","6":"product_cat-controladores","8":"first","9":"instock","10":"shipping-taxable","11":"product-type-simple"},"_links":{"self":[{"href":"https:\/\/susistemapruebas.com\/grapi\/wp-json\/wp\/v2\/product\/7765","targetHints":{"allow":["GET"]}}],"collection":[{"href":"https:\/\/susistemapruebas.com\/grapi\/wp-json\/wp\/v2\/product"}],"about":[{"href":"https:\/\/susistemapruebas.com\/grapi\/wp-json\/wp\/v2\/types\/product"}],"wp:featuredmedia":[{"embeddable":true,"href":"https:\/\/susistemapruebas.com\/grapi\/wp-json\/wp\/v2\/media\/7318"}],"wp:attachment":[{"href":"https:\/\/susistemapruebas.com\/grapi\/wp-json\/wp\/v2\/media?parent=7765"}],"wp:term":[{"taxonomy":"product_brand","embeddable":true,"href":"https:\/\/susistemapruebas.com\/grapi\/wp-json\/wp\/v2\/product_brand?post=7765"},{"taxonomy":"product_cat","embeddable":true,"href":"https:\/\/susistemapruebas.com\/grapi\/wp-json\/wp\/v2\/product_cat?post=7765"},{"taxonomy":"product_tag","embeddable":true,"href":"https:\/\/susistemapruebas.com\/grapi\/wp-json\/wp\/v2\/product_tag?post=7765"}],"curies":[{"name":"wp","href":"https:\/\/api.w.org\/{rel}","templated":true}]}}