{"id":7763,"date":"2024-06-25T22:48:00","date_gmt":"2024-06-25T22:48:00","guid":{"rendered":"https:\/\/susistemapruebas.com\/grapi\/?post_type=product&#038;p=7763"},"modified":"2024-06-25T22:48:01","modified_gmt":"2024-06-25T22:48:01","slug":"doit-voice-switch","status":"publish","type":"product","link":"https:\/\/susistemapruebas.com\/grapi\/producto\/doit-voice-switch\/","title":{"rendered":"DOIT VOICE SWITCH"},"content":{"rendered":"<p>Con este elemento podremos interactuar con el elemento DOIT que se encuentre activado, con nuestra voz ir\u00e1 cambiando y cuando no hablemos se quedara en la \u00faltima posici\u00f3n fijada. Perfecto para personas con movilidad muy limitada, este interruptor ultrasensible se puede activar con un aplauso o un susurro. en modo moment\u00e1neo, el dispositivo se activa mientras dura la detecci\u00f3n de sonido. El interruptor tambi\u00e9n se puede ajustar para la sensibilidad al sonido.<\/p>\n<p>DESCRIPCI\u00d3N DE CARACTER\u00cdSTICAS:<\/p>\n<p>CONTROL DE SENSIBILIDAD: CONTROL DE SENSIBILIDAD: Para ajustar la sensibilidad del interruptor activado por voz, gire la perilla marcada sensibilidad en sentido horario para aumente la sensibilidad y en sentido antihorario para disminuir.<\/p>\n<p>MICR\u00d3FONO: El micr\u00f3fono se encuentra en la parte superior p MICR\u00d3FONO:\u00a0 junto a la perilla de ajuste de sensibilidad. Aqu\u00ed es donde la salida de voz ser\u00a0 sentido.<\/p>\n<p>Este comunicador es ideal simplemente para interactuar con los dispositivos DOITLink a trav\u00e9s de la voz o sonido, diga cualquier cosa y los elementos DOITLink cambiaran de color.<\/p>\n<p>Simplemente aplauda o haga cualquier tipo de ruido cerca del Voice Switch y ver\u00e1 como los dispositivos DOITLink de la sala cambian. Puede ajustarse la sensibilidad mediante un regulador que incorpora. Cambie de color la columna de burbujas, o la fibra \u00f3ptica a trav\u00e9s de su voz.<\/p>\n","protected":false},"excerpt":{"rendered":"<h4><strong>DOIT VOICE SWITCH<\/strong><\/h4>\n","protected":false},"featured_media":7764,"template":"","meta":[],"product_brand":[],"product_cat":[49],"product_tag":[],"class_list":{"0":"post-7763","1":"product","2":"type-product","3":"status-publish","4":"has-post-thumbnail","6":"product_cat-controladores","8":"first","9":"instock","10":"shipping-taxable","11":"product-type-simple"},"_links":{"self":[{"href":"https:\/\/susistemapruebas.com\/grapi\/wp-json\/wp\/v2\/product\/7763","targetHints":{"allow":["GET"]}}],"collection":[{"href":"https:\/\/susistemapruebas.com\/grapi\/wp-json\/wp\/v2\/product"}],"about":[{"href":"https:\/\/susistemapruebas.com\/grapi\/wp-json\/wp\/v2\/types\/product"}],"wp:featuredmedia":[{"embeddable":true,"href":"https:\/\/susistemapruebas.com\/grapi\/wp-json\/wp\/v2\/media\/7764"}],"wp:attachment":[{"href":"https:\/\/susistemapruebas.com\/grapi\/wp-json\/wp\/v2\/media?parent=7763"}],"wp:term":[{"taxonomy":"product_brand","embeddable":true,"href":"https:\/\/susistemapruebas.com\/grapi\/wp-json\/wp\/v2\/product_brand?post=7763"},{"taxonomy":"product_cat","embeddable":true,"href":"https:\/\/susistemapruebas.com\/grapi\/wp-json\/wp\/v2\/product_cat?post=7763"},{"taxonomy":"product_tag","embeddable":true,"href":"https:\/\/susistemapruebas.com\/grapi\/wp-json\/wp\/v2\/product_tag?post=7763"}],"curies":[{"name":"wp","href":"https:\/\/api.w.org\/{rel}","templated":true}]}}