{"id":7750,"date":"2024-06-18T22:33:26","date_gmt":"2024-06-18T22:33:26","guid":{"rendered":"https:\/\/susistemapruebas.com\/grapi\/?post_type=product&#038;p=7750"},"modified":"2024-06-18T22:33:26","modified_gmt":"2024-06-18T22:33:26","slug":"difusor-ultrasonico","status":"publish","type":"product","link":"https:\/\/susistemapruebas.com\/grapi\/producto\/difusor-ultrasonico\/","title":{"rendered":"DIFUSOR ULTRAS\u00d3NICO"},"content":{"rendered":"<p>Utiliza la tecnolog\u00eda de ondas ultras\u00f3nicas para vaporizar la mezcla de aceites esenciales 100% puros solubles en agua y agua en el aire, produciendo una niebla fresca con fragancia para brindarle un ambiente c\u00f3modo.<\/p>\n<p>Un dise\u00f1o natural y compacto. El difusor de aceites esenciales de aromaterapia presenta un grano de madera s\u00faper moderno que se parece a un hermoso jarr\u00f3n de flores, que combinar\u00e1 perfectamente con cualquier decoraci\u00f3n, como una pieza decorativa, ideal para oficina, spa, sal\u00f3n, estudio de yoga, habitaci\u00f3n infantil, estudios de fisioterapia y cualquier habitaci\u00f3n que desee aromaterapia.<\/p>\n<p>Gran capacidad y gran salida de niebla. El difusor esencial ultras\u00f3nico contiene 300 mL de agua en el tanque para cubrir de aromaterapia 269 pies cuadrados y proporcione un \u00e1rea de humidificaci\u00f3n de hasta 215-269 pies cuadrados. Adem\u00e1s, puede producir una niebla fr\u00eda de 30-60 ml por hora con modos de nebulizaci\u00f3n alta o baja para refrescar el aire de su habitaci\u00f3n.<\/p>\n<p>Ajustable 7 luz LED suave. El humidificador de aroma tiene una luz LED de 7 colores que se puede cambiar o configurar en un color favorito para que coincida con su estado de \u00e1nimo. Adem\u00e1s, cada color tiene 2 modos de luz: tenue o brillante. \u00daselo en un escritorio o mesita de noche como luz de noche.<\/p>\n<p>Configuraci\u00f3n del temporizador y apagado autom\u00e1tico de seguridad. El difusor de aroma de grano de madera tiene 4 configuraciones de temporizador: 1H \/ 3H \/ 6H \/ ON. Elija uno adecuado y cree un ambiente tranquilo y confortable. Con un tiempo de trabajo de 7 a 10 horas, este difusor de aceite tiene un sistema de seguridad, que se apagar\u00e1 autom\u00e1ticamente cuando se agote el agua, sin preocuparse por quemarse.<\/p>\n","protected":false},"excerpt":{"rendered":"<p><strong>DIFUSOR DE ACEITES ESENCIALES ULTRAS\u00d3NICO 300ML + CONTROL<\/strong><\/p>\n","protected":false},"featured_media":7070,"template":"","meta":[],"product_brand":[],"product_cat":[48],"product_tag":[],"class_list":{"0":"post-7750","1":"product","2":"type-product","3":"status-publish","4":"has-post-thumbnail","6":"product_cat-aromaterapia","8":"first","9":"instock","10":"shipping-taxable","11":"product-type-simple"},"_links":{"self":[{"href":"https:\/\/susistemapruebas.com\/grapi\/wp-json\/wp\/v2\/product\/7750","targetHints":{"allow":["GET"]}}],"collection":[{"href":"https:\/\/susistemapruebas.com\/grapi\/wp-json\/wp\/v2\/product"}],"about":[{"href":"https:\/\/susistemapruebas.com\/grapi\/wp-json\/wp\/v2\/types\/product"}],"wp:featuredmedia":[{"embeddable":true,"href":"https:\/\/susistemapruebas.com\/grapi\/wp-json\/wp\/v2\/media\/7070"}],"wp:attachment":[{"href":"https:\/\/susistemapruebas.com\/grapi\/wp-json\/wp\/v2\/media?parent=7750"}],"wp:term":[{"taxonomy":"product_brand","embeddable":true,"href":"https:\/\/susistemapruebas.com\/grapi\/wp-json\/wp\/v2\/product_brand?post=7750"},{"taxonomy":"product_cat","embeddable":true,"href":"https:\/\/susistemapruebas.com\/grapi\/wp-json\/wp\/v2\/product_cat?post=7750"},{"taxonomy":"product_tag","embeddable":true,"href":"https:\/\/susistemapruebas.com\/grapi\/wp-json\/wp\/v2\/product_tag?post=7750"}],"curies":[{"name":"wp","href":"https:\/\/api.w.org\/{rel}","templated":true}]}}