{"id":7748,"date":"2024-06-18T22:22:56","date_gmt":"2024-06-18T22:22:56","guid":{"rendered":"https:\/\/susistemapruebas.com\/grapi\/?post_type=product&#038;p=7748"},"modified":"2024-06-18T22:22:56","modified_gmt":"2024-06-18T22:22:56","slug":"difusor-de-aromaterapia-superinteractivo-doit","status":"publish","type":"product","link":"https:\/\/susistemapruebas.com\/grapi\/producto\/difusor-de-aromaterapia-superinteractivo-doit\/","title":{"rendered":"DIFUSOR DE AROMATERAPIA SUPERINTERACTIVO DOIT"},"content":{"rendered":"<p>Una gran elecci\u00f3n para su entorno multisensorial es nuestro difusor de aromaterapia superinteractivo DOIT.<\/p>\n<p>Contiene 4 dep\u00f3sitos para almacenar 4 esencias. Puede encontrar nuestro kit de esencias AQU\u00ed.<\/p>\n<p>Gracias a sus LEDS cuando seleccionas un bot\u00f3n se ilumina todo su frontal del mismo color que el bot\u00f3n. A parte puede funcionar con cualquier comunicador DOIT o desde los pulsadores que incluye en la parte frontal.<\/p>\n<p>Por \u00faltimo gracias a la aplicaci\u00f3n que incluye la Tablet Interactiva a trav\u00e9s de la DOIT CONSOLE tiene la posibilidad de jugar a actividades cognitivas de reconocimiento de im\u00e1genes seg\u00fan su olor.<\/p>\n<p>El Difusor puede servir como una unidad port\u00e1til o puede instalarse en una pared usando las instrucciones correspondientes para el montaje. Dimensiones: (40x30x15)<\/p>\n<p>BENEFICIOS DEL DIFUSOR DE AROMATERAPIA SUPERINTERACTIVO DOIT:<\/p>\n<ul>\n<li>Mejor\u00eda en las alteraciones del sistema nervioso.<\/li>\n<li>Alivia el estr\u00e9s y promueve la relajaci\u00f3n.<\/li>\n<li>Ayuda a contrarrestar la depresi\u00f3n, la ansiedad y el insomnio.<\/li>\n<li>Depende que aceite esencial se use, podr\u00e1 obtener diferentes efectos beneficiosos.<\/li>\n<\/ul>\n","protected":false},"excerpt":{"rendered":"<p>DIFUSOR DE AROMATERAPIA<\/p>\n","protected":false},"featured_media":7013,"template":"","meta":[],"product_brand":[],"product_cat":[48],"product_tag":[],"class_list":{"0":"post-7748","1":"product","2":"type-product","3":"status-publish","4":"has-post-thumbnail","6":"product_cat-aromaterapia","8":"first","9":"instock","10":"shipping-taxable","11":"product-type-simple"},"_links":{"self":[{"href":"https:\/\/susistemapruebas.com\/grapi\/wp-json\/wp\/v2\/product\/7748","targetHints":{"allow":["GET"]}}],"collection":[{"href":"https:\/\/susistemapruebas.com\/grapi\/wp-json\/wp\/v2\/product"}],"about":[{"href":"https:\/\/susistemapruebas.com\/grapi\/wp-json\/wp\/v2\/types\/product"}],"wp:featuredmedia":[{"embeddable":true,"href":"https:\/\/susistemapruebas.com\/grapi\/wp-json\/wp\/v2\/media\/7013"}],"wp:attachment":[{"href":"https:\/\/susistemapruebas.com\/grapi\/wp-json\/wp\/v2\/media?parent=7748"}],"wp:term":[{"taxonomy":"product_brand","embeddable":true,"href":"https:\/\/susistemapruebas.com\/grapi\/wp-json\/wp\/v2\/product_brand?post=7748"},{"taxonomy":"product_cat","embeddable":true,"href":"https:\/\/susistemapruebas.com\/grapi\/wp-json\/wp\/v2\/product_cat?post=7748"},{"taxonomy":"product_tag","embeddable":true,"href":"https:\/\/susistemapruebas.com\/grapi\/wp-json\/wp\/v2\/product_tag?post=7748"}],"curies":[{"name":"wp","href":"https:\/\/api.w.org\/{rel}","templated":true}]}}