{"id":7743,"date":"2024-06-18T18:19:02","date_gmt":"2024-06-18T18:19:02","guid":{"rendered":"https:\/\/susistemapruebas.com\/grapi\/?post_type=product&#038;p=7743"},"modified":"2024-06-18T18:19:02","modified_gmt":"2024-06-18T18:19:02","slug":"aceites-esenciales","status":"publish","type":"product","link":"https:\/\/susistemapruebas.com\/grapi\/producto\/aceites-esenciales\/","title":{"rendered":"ACEITES ESENCIALES"},"content":{"rendered":"<p>En la Aromaterapia se utilizan aceites esenciales. Una mezcla de sustancias qu\u00edmicas extra\u00eddas de las plantas mediante destilaci\u00f3n. Para ello, se utilizan por ejemplo flores, hojas, semillas, cortezas, frutos, hierbas, especias, etc. De hecho, son las propias plantas las que le dan su olor caracter\u00edstico y sus propiedades.<\/p>\n<p><strong>KIT DE 10 ACEITES ESENCIALES DE 13 ML\u00a0<\/strong><\/p>\n<p><strong>DE ACEITES ESENCIALES PARA ESTIMULACION Y DE ACEITES ESENCIALES PARA RELAJACION:\u00a0<\/strong><\/p>\n<ol>\n<li>LAVANDA<\/li>\n<li>ROMERO<\/li>\n<li>EUCALIPTO<\/li>\n<li>YLANG-YLANG<\/li>\n<li>TEA TREE,<\/li>\n<li>ACEITE DE LIMON,<\/li>\n<li>MANDARINA<\/li>\n<li>AZAHAR<\/li>\n<li>CANELA<\/li>\n<li>JAZMIN<\/li>\n<\/ol>\n<p>Aceites esenciales \u2013 Efectos:<\/p>\n<ul>\n<li>RELAJANTES: ylang-ylang, mandarina, azahar, tea tree y lavanda.<\/li>\n<li>ESTIMULANTES: canela, eucalipto, lim\u00f3n, jazm\u00edn y romero.<\/li>\n<\/ul>\n","protected":false},"excerpt":{"rendered":"<h1 class=\"product_title entry-title\">ACEITES ESENCIALES<\/h1>\n","protected":false},"featured_media":7003,"template":"","meta":[],"product_brand":[],"product_cat":[48],"product_tag":[],"class_list":{"0":"post-7743","1":"product","2":"type-product","3":"status-publish","4":"has-post-thumbnail","6":"product_cat-aromaterapia","8":"first","9":"instock","10":"shipping-taxable","11":"product-type-simple"},"_links":{"self":[{"href":"https:\/\/susistemapruebas.com\/grapi\/wp-json\/wp\/v2\/product\/7743","targetHints":{"allow":["GET"]}}],"collection":[{"href":"https:\/\/susistemapruebas.com\/grapi\/wp-json\/wp\/v2\/product"}],"about":[{"href":"https:\/\/susistemapruebas.com\/grapi\/wp-json\/wp\/v2\/types\/product"}],"wp:featuredmedia":[{"embeddable":true,"href":"https:\/\/susistemapruebas.com\/grapi\/wp-json\/wp\/v2\/media\/7003"}],"wp:attachment":[{"href":"https:\/\/susistemapruebas.com\/grapi\/wp-json\/wp\/v2\/media?parent=7743"}],"wp:term":[{"taxonomy":"product_brand","embeddable":true,"href":"https:\/\/susistemapruebas.com\/grapi\/wp-json\/wp\/v2\/product_brand?post=7743"},{"taxonomy":"product_cat","embeddable":true,"href":"https:\/\/susistemapruebas.com\/grapi\/wp-json\/wp\/v2\/product_cat?post=7743"},{"taxonomy":"product_tag","embeddable":true,"href":"https:\/\/susistemapruebas.com\/grapi\/wp-json\/wp\/v2\/product_tag?post=7743"}],"curies":[{"name":"wp","href":"https:\/\/api.w.org\/{rel}","templated":true}]}}