{"id":6087,"date":"2024-06-14T16:49:47","date_gmt":"2024-06-14T16:49:47","guid":{"rendered":"https:\/\/susistemapruebas.com\/grapi\/?post_type=product&#038;p=6087"},"modified":"2025-05-14T00:32:06","modified_gmt":"2025-05-14T00:32:06","slug":"tablet","status":"publish","type":"product","link":"https:\/\/susistemapruebas.com\/grapi\/producto\/tablet\/","title":{"rendered":"Tablet"},"content":{"rendered":"<p>Con la Tablet tendr\u00e1s control de tu sala atreves de la DOIT CONSOLE<\/p>\n<p>La Tablet es un excelente elemento que complementa a la Consola DOIT, Con ella podr\u00e1s\u00a0 interactuar con la Consola y manejar sus m\u00faltiples actividades.<\/p>\n<div class=\"avia_textblock \">\n<p><strong>DOIT CONSOLE<\/strong>\u00a0 es una herramienta de gran valor ya que podr\u00e1 interactuar con los elementos de su sala y fomentar la comunicaci\u00f3n y relaci\u00f3n de una forma divertida y simple<\/p>\n<\/div>\n<p>Pueden trabajar con las actividades tantas personas como quieran utilizando cada una su dispositivo (tablets, smartpone, etc.).<\/p>\n<p>Con la DOIT CONSOLE usted podr\u00e1 controlar todos los elementos de la\u00a0<strong>sala multisensorial<\/strong>.<\/p>\n<p>Conectando la consola a un proyector de im\u00e1genes podr\u00e1 disfrutar de los v\u00eddeos relajantes que incorpora as\u00ed como m\u00fasica para la\u00a0<strong>sala multisensorial<\/strong>.<\/p>\n<p>Pero la consola no acaba aqu\u00ed, ya que igualmente cualquier usuario de la sala puede interactuar con los elementos a trav\u00e9s de una controlador, puesto que:<\/p>\n<p>Tambi\u00e9n posee un apartado de actividades sensoriales donde combinando cualquiera de nuestros comunicadores DOIT o una Tablet podemos realizar m\u00faltiples actividades a trav\u00e9s del proyector.<\/p>\n<div class=\"avia_textblock \">\n<p>M\u00c1S INFORMACI\u00d3N:<\/p>\n<p>Puedes pedir un presupuesto sin compromiso, en primer lugar, te rogamos que seas tan amable de llenar nuestro breve cuestionario en la secci\u00f3n de Contacto para que te enviemos la informaci\u00f3n necesaria.<\/p>\n<\/div>\n","protected":false},"excerpt":{"rendered":"<p>La Tablet es un excelente elemento que complementa a la Consola DOIT, Con ella podr\u00e1s\u00a0 interactuar con la Consola y manejar sus m\u00faltiples actividades.<\/p>\n","protected":false},"featured_media":5855,"template":"","meta":[],"product_brand":[],"product_cat":[46],"product_tag":[],"class_list":{"0":"post-6087","1":"product","2":"type-product","3":"status-publish","4":"has-post-thumbnail","6":"product_cat-consola-doit-y-accesorios","8":"first","9":"instock","10":"shipping-taxable","11":"product-type-simple"},"_links":{"self":[{"href":"https:\/\/susistemapruebas.com\/grapi\/wp-json\/wp\/v2\/product\/6087","targetHints":{"allow":["GET"]}}],"collection":[{"href":"https:\/\/susistemapruebas.com\/grapi\/wp-json\/wp\/v2\/product"}],"about":[{"href":"https:\/\/susistemapruebas.com\/grapi\/wp-json\/wp\/v2\/types\/product"}],"wp:featuredmedia":[{"embeddable":true,"href":"https:\/\/susistemapruebas.com\/grapi\/wp-json\/wp\/v2\/media\/5855"}],"wp:attachment":[{"href":"https:\/\/susistemapruebas.com\/grapi\/wp-json\/wp\/v2\/media?parent=6087"}],"wp:term":[{"taxonomy":"product_brand","embeddable":true,"href":"https:\/\/susistemapruebas.com\/grapi\/wp-json\/wp\/v2\/product_brand?post=6087"},{"taxonomy":"product_cat","embeddable":true,"href":"https:\/\/susistemapruebas.com\/grapi\/wp-json\/wp\/v2\/product_cat?post=6087"},{"taxonomy":"product_tag","embeddable":true,"href":"https:\/\/susistemapruebas.com\/grapi\/wp-json\/wp\/v2\/product_tag?post=6087"}],"curies":[{"name":"wp","href":"https:\/\/api.w.org\/{rel}","templated":true}]}}