{"id":6086,"date":"2024-06-14T16:42:53","date_gmt":"2024-06-14T16:42:53","guid":{"rendered":"https:\/\/susistemapruebas.com\/grapi\/?post_type=product&#038;p=6086"},"modified":"2025-06-20T21:39:20","modified_gmt":"2025-06-20T21:39:20","slug":"pantalla-tactil-doit","status":"publish","type":"product","link":"https:\/\/susistemapruebas.com\/grapi\/producto\/pantalla-tactil-doit\/","title":{"rendered":"Pantalla T\u00e1ctil DOIT"},"content":{"rendered":"<p>Actualmente se incluyen m\u00e1s de 30 ejercicios cognitivos. Gracias a sus actualizaciones se pueden incorporar nuevos ejercicios.<br \/>\nDesde la relaci\u00f3n de im\u00e1genes con sonidos, sonidos con im\u00e1genes, identificaci\u00f3n de formas, b\u00fasqueda de objetos, juegos de parejas, juegos de memoria, ordenar\u00a0 de grande a peque\u00f1o y muchas otras m\u00e1s.<br \/>\nSi dispone de dispositivos de la firma DOIT en su sala multisensorial al realizar\u00a0 correctamente los ejercicios se iluminar\u00e1n con el color verde o el color que quiera\u00a0 o si falla en su respuesta puede hacer que sus dispositivos se enciendan tambi\u00e9n.<\/p>\n<h4><strong>ACTIVIDADES:<\/strong><\/h4>\n<p>Actualmente se incluyen aproximadamente m\u00e1s de 30 ejercicios cognitivos. Sin embargo se siguen desarrollando m\u00e1s ejercicios constantemente.<\/p>\n<p>Adem\u00e1s de la relaci\u00f3n de im\u00e1genes, tambi\u00e9n hay identificaci\u00f3n de formas, adem\u00e1s de b\u00fasqueda de objetos, juegos de parejas, juegos de memoria, ordenar de grande a peque\u00f1o y muchas m\u00e1s.<\/p>\n<h3><strong>EJERCICIOS QUE INCLUYE:<\/strong><\/h3>\n<ul>\n<li><strong>COMUNICADOR ADAPTADO.<\/strong><\/li>\n<\/ul>\n<p>Formado por ocho grandes pulsadores digitales de color para cambiar de color cualquier dispositivo interactivo DOIT<\/p>\n<ul>\n<li><strong>ESTUDIO DE M\u00daSICA.<\/strong><\/li>\n<\/ul>\n<p>Varios instrumentos a escoger y con sonido<\/p>\n<ul>\n<li><strong>CARRUSEL DE IMAGEN Y SONIDO.<\/strong><\/li>\n<\/ul>\n<p>Asociaci\u00f3n de im\u00e1genes con sonidos<\/p>\n<ul>\n<li><strong>CARRUSEL DE FAMILIAS.<\/strong><\/li>\n<\/ul>\n<p>Im\u00e1genes variadas con cambio de imagen en funci\u00f3n al color del pulsador<\/p>\n<ul>\n<li><strong>ADIVINA EL SONIDO.<\/strong><\/li>\n<\/ul>\n<p>Suena un sonido y debemos escoger la imagen correspondiente a dicho sonido.<\/p>\n<ul>\n<li><strong>MU\u00c9VETE VISUAL Y AUDITIVO.<\/strong><\/li>\n<\/ul>\n<p>Esta es una de las aplicaciones m\u00e1s interactivas de la consola, seleccione esta actividad, seleccione un instrumento y empiece a mover la tablet, a trav\u00e9s del movimiento se empezar\u00e1n a reproducir notas musicales del instrumento seleccionado, realice esta actividad con m\u00e1s tablets a la vez seleccionando distintos instrumentos para crear una gran orquestra en el interior de la sala multisensorial y prep\u00e1rese para un momento de lo m\u00e1s divertido.<br \/>\nCon el mismo movimiento de la tablet los elementos interactivos DOIT que est\u00e9n activados cambiaran de color mientras exista el movimiento de la tablet, fomenta la interactuaci\u00f3n y la relaci\u00f3n causa-efecto.<\/p>\n<ul>\n<li><strong>ADIVINA EL AROMA.<\/strong><\/li>\n<\/ul>\n<p>Para esta actividad es necesario disponer de nuestro sistema de aromaterapia interactivo DOIT, introduzca en el equipo de aromaterapia las esencias correspondientes al ejercicio, el usuario desde una tablet o desde la pantalla t\u00e1ctil seleccionar\u00e1 la actividad y le aparecer\u00e1n cuatro frutas, el equipo de aromaterapia empezar\u00e1 a difundir uno de los cuatro aromas y el usuario deber\u00e1 adivinar cual de ellos \u00e9s.<\/p>\n<p>Adem\u00e1s contiene otras actividades como:<\/p>\n<ul>\n<li><strong>Adivina el nombre.<\/strong><\/li>\n<li><strong>Memoria de cartas.<\/strong><\/li>\n<li><strong>Adivina el aroma.<\/strong><\/li>\n<li><strong>Se\u00f1ala el diferente.<\/strong><\/li>\n<li><strong>Relaciona formas.<\/strong><\/li>\n<li><strong>Busca los objetos.<\/strong><\/li>\n<li><strong>Suma de objetos.<\/strong><\/li>\n<li><strong>Qu\u00e9 imagen has visto.<\/strong><\/li>\n<\/ul>\n<p>Y muchas m\u00e1s\u2026<\/p>\n<p>Es especialmente relevante la facilidad y r\u00e1pida adaptaci\u00f3n al manejo de la consola de actividades sensoriales.<\/p>\n<p>Ha sido dise\u00f1ada con men\u00fas f\u00e1ciles e intuitivos para facilitar su uso.<\/p>\n<p>Solic\u00edtenos una demostraci\u00f3n gratuita del funcionamiento de la consola DOIT, le podemos realizar una demostraci\u00f3n para que vea todo su potencial, contacte con nuestros expertos para que le ayuden y le contar\u00e1n su f\u00e1cil uso. Contacte con nosotros!<\/p>\n<h2><strong>REALICE DECENAS DE ACTIVIDADES COGNITIVAS CON NUESTRA GRAN PANTALLA T\u00c1CTIL<\/strong><\/h2>\n<p>&nbsp;<\/p>\n<div class=\"avia_textblock \">\n<p>M\u00c1S INFORMACI\u00d3N:<\/p>\n<p>Puedes pedir un presupuesto sin compromiso, en primer lugar, te rogamos que seas tan amable de llenar nuestro breve cuestionario en la secci\u00f3n de Contacto para que te enviemos la informaci\u00f3n necesaria.<\/p>\n<\/div>\n","protected":false},"excerpt":{"rendered":"<h2 class=\"cf-tweet-this cf-tt-target cf-tt-enabled cf-tt-element-attached-center cf-tt-target-attached-center cf-tt-element-attached-bottom cf-tt-target-attached-top\"><strong>PANTALLA SENSORIAL T\u00c1CTIL DE ACTIVIDADES DOIT<\/strong><\/h2>\n<p>Este potente monitor de 43 pulgadas incorpora todo el sistema operativo desarrollado por DOIT. Las actividades cognitivas pueden combinarse con las reacciones en otros elementos de la sala tales como un proyector, una columna de agua, fibras \u00f3pticas etc\u2026<\/p>\n","protected":false},"featured_media":5837,"template":"","meta":[],"product_brand":[],"product_cat":[46],"product_tag":[],"class_list":{"0":"post-6086","1":"product","2":"type-product","3":"status-publish","4":"has-post-thumbnail","6":"product_cat-consola-doit-y-accesorios","8":"first","9":"instock","10":"shipping-taxable","11":"product-type-simple"},"_links":{"self":[{"href":"https:\/\/susistemapruebas.com\/grapi\/wp-json\/wp\/v2\/product\/6086","targetHints":{"allow":["GET"]}}],"collection":[{"href":"https:\/\/susistemapruebas.com\/grapi\/wp-json\/wp\/v2\/product"}],"about":[{"href":"https:\/\/susistemapruebas.com\/grapi\/wp-json\/wp\/v2\/types\/product"}],"wp:featuredmedia":[{"embeddable":true,"href":"https:\/\/susistemapruebas.com\/grapi\/wp-json\/wp\/v2\/media\/5837"}],"wp:attachment":[{"href":"https:\/\/susistemapruebas.com\/grapi\/wp-json\/wp\/v2\/media?parent=6086"}],"wp:term":[{"taxonomy":"product_brand","embeddable":true,"href":"https:\/\/susistemapruebas.com\/grapi\/wp-json\/wp\/v2\/product_brand?post=6086"},{"taxonomy":"product_cat","embeddable":true,"href":"https:\/\/susistemapruebas.com\/grapi\/wp-json\/wp\/v2\/product_cat?post=6086"},{"taxonomy":"product_tag","embeddable":true,"href":"https:\/\/susistemapruebas.com\/grapi\/wp-json\/wp\/v2\/product_tag?post=6086"}],"curies":[{"name":"wp","href":"https:\/\/api.w.org\/{rel}","templated":true}]}}