{"id":6085,"date":"2024-06-13T21:47:01","date_gmt":"2024-06-13T21:47:01","guid":{"rendered":"https:\/\/susistemapruebas.com\/grapi\/?post_type=product&#038;p=6085"},"modified":"2025-06-04T20:27:29","modified_gmt":"2025-06-04T20:27:29","slug":"estimulacion-sensorial-en-ninos-con-sindrome-de-down","status":"publish","type":"product","link":"https:\/\/susistemapruebas.com\/grapi\/producto\/estimulacion-sensorial-en-ninos-con-sindrome-de-down\/","title":{"rendered":"Espacio Sensorial Para Adultos Mayores"},"content":{"rendered":"<p>Algunos aspectos para considerar en la Estimulaci\u00f3n Sensorial<\/p>\n<ul>\n<li>Con un buen diagn\u00f3stico se facilita la realizaci\u00f3n de ejercicios de estimulaci\u00f3n sensorial que ayuden al incremento de habilidades en todas las \u00e1reas del desarrollo del ni\u00f1o con s\u00edndrome de Down.<\/li>\n<li>La estimulaci\u00f3n sensorial es muy importante en el desarrollo psicomotriz de 0 a 1 a\u00f1o en el ni\u00f1o con s\u00edndrome de Down ya que los est\u00edmulos brindados actuaran a nivel de la corteza provocando una mayor mielinizaci\u00f3n y as\u00ed la madurez del sistema nervioso que se refleja en el resultado del pos test.<\/li>\n<li>La repetici\u00f3n de movimiento, el control del tono muscular, fuerza motriz por tanto la posici\u00f3n, el equilibrio, la atenci\u00f3n y el grado de afectividad son aspectos fundamentales para el desarrollo psicomotriz en el ni\u00f1o con s\u00edndrome de Down.<\/li>\n<li>La atenci\u00f3n es uno de los principales factores cognitivos del cual depende para que se d\u00e9 la adquisici\u00f3n de otras destrezas las cuales ir\u00e1n consolid\u00e1ndose desde el conocimiento del esquema corporal hacia el progreso de funciones b\u00e1sicas que permitan el desarrollo de funciones superiores<\/li>\n<li>Al dise\u00f1ar ejercicios de estimulaci\u00f3n sensorial enfocados a las necesidades, entorno y edades de desarrollo lograremos una mejor calidad de vida en los ni\u00f1os con s\u00edndrome de Down para que en edades posteriores incrementen su capacidad de aprendizaje y as\u00ed se inserte a la sociedad como un ente productivo.<\/li>\n<\/ul>\n","protected":false},"excerpt":{"rendered":"<p><strong>La estimulaci\u00f3n sensorial y sus Beneficios en la Educaci\u00f3n Infantil:<\/strong><\/p>\n<ul>\n<li>Aumenta la curiosidad, atenci\u00f3n, concentraci\u00f3n y el deseo por el aprendizaje.<\/li>\n<li>Promueve el pensamiento l\u00f3gico.<\/li>\n<li>Estimula la comunicaci\u00f3n no verbal.<\/li>\n<li>Desarrolla las relaciones positivas con otros ni\u00f1os y adultos.<\/li>\n<li>Mejora el aprendizaje en el futuro.<\/li>\n<\/ul>\n","protected":false},"featured_media":8721,"template":"","meta":[],"product_brand":[],"product_cat":[56],"product_tag":[],"class_list":{"0":"post-6085","1":"product","2":"type-product","3":"status-publish","4":"has-post-thumbnail","6":"product_cat-cuarto-sensorial","8":"first","9":"instock","10":"shipping-taxable","11":"product-type-simple"},"_links":{"self":[{"href":"https:\/\/susistemapruebas.com\/grapi\/wp-json\/wp\/v2\/product\/6085","targetHints":{"allow":["GET"]}}],"collection":[{"href":"https:\/\/susistemapruebas.com\/grapi\/wp-json\/wp\/v2\/product"}],"about":[{"href":"https:\/\/susistemapruebas.com\/grapi\/wp-json\/wp\/v2\/types\/product"}],"wp:featuredmedia":[{"embeddable":true,"href":"https:\/\/susistemapruebas.com\/grapi\/wp-json\/wp\/v2\/media\/8721"}],"wp:attachment":[{"href":"https:\/\/susistemapruebas.com\/grapi\/wp-json\/wp\/v2\/media?parent=6085"}],"wp:term":[{"taxonomy":"product_brand","embeddable":true,"href":"https:\/\/susistemapruebas.com\/grapi\/wp-json\/wp\/v2\/product_brand?post=6085"},{"taxonomy":"product_cat","embeddable":true,"href":"https:\/\/susistemapruebas.com\/grapi\/wp-json\/wp\/v2\/product_cat?post=6085"},{"taxonomy":"product_tag","embeddable":true,"href":"https:\/\/susistemapruebas.com\/grapi\/wp-json\/wp\/v2\/product_tag?post=6085"}],"curies":[{"name":"wp","href":"https:\/\/api.w.org\/{rel}","templated":true}]}}