{"id":6084,"date":"2024-06-13T21:44:45","date_gmt":"2024-06-13T21:44:45","guid":{"rendered":"https:\/\/susistemapruebas.com\/grapi\/?post_type=product&#038;p=6084"},"modified":"2025-06-18T17:20:18","modified_gmt":"2025-06-18T17:20:18","slug":"aula-multisensoriales","status":"publish","type":"product","link":"https:\/\/susistemapruebas.com\/grapi\/producto\/aula-multisensoriales\/","title":{"rendered":"Aula Sensorial"},"content":{"rendered":"<p>Un <b>aula sensorial<\/b> es un espacio especialmente dise\u00f1ado dentro de un CAM o una escuela para proporcionar estimulaci\u00f3n sensorial controlada. Estas aulas est\u00e1n equipadas con una variedad de elementos y dispositivos que permiten a los estudiantes explorar diferentes sensaciones y desarrollar habilidades cognitivas, motoras y emocionales.<\/p>\n<p>Las aulas sensoriales son especialmente beneficiosas para ni\u00f1os con autismo, discapacidades intelectuales, y otras condiciones que afectan el procesamiento sensorial.<\/p>\n<p>La adquisici\u00f3n de aprendizajes psicomotores es parte importante de los objetivos generales y de las finalidades y objetivos espec\u00edficos de algunos de los espacios dentro del\u00a0 AULA MULTISENSORIAL. Por una parte, dichos aprendizajes quedan incluidos en el \u00e1mbito del apoyo al aprendizaje con el \u00e1rea de Terapia y Estimulaci\u00f3n Psicomotrices y, por otra parte, pertenecen al \u00c1mbito de Aprendizajes B\u00e1sicos con el \u00c1rea de Educaci\u00f3n F\u00edsica y psicomotricidad\u00a0 de acuerdo al PROYECTO CURRICULAR dentro de un CAM de \u00e1reas Psicomotriz y el \u00c1rea de Integraci\u00f3n Sensorial.<\/p>\n","protected":false},"excerpt":{"rendered":"<p>Un aula multisensorial es un entorno educativo que utiliza recursos y tecnolog\u00edas dise\u00f1adas para activar m\u00faltiples sentidos de forma simult\u00e1nea, incluyendo la vista, el o\u00eddo, el tacto, el olfato e incluso el movimiento.<\/p>\n<p>El prop\u00f3sito principal de estas aulas es: Estimular el aprendizaje activo y experiencial.<\/p>\n","protected":false},"featured_media":5810,"template":"","meta":[],"product_brand":[],"product_cat":[56],"product_tag":[],"class_list":{"0":"post-6084","1":"product","2":"type-product","3":"status-publish","4":"has-post-thumbnail","6":"product_cat-cuarto-sensorial","8":"first","9":"instock","10":"shipping-taxable","11":"product-type-simple"},"_links":{"self":[{"href":"https:\/\/susistemapruebas.com\/grapi\/wp-json\/wp\/v2\/product\/6084","targetHints":{"allow":["GET"]}}],"collection":[{"href":"https:\/\/susistemapruebas.com\/grapi\/wp-json\/wp\/v2\/product"}],"about":[{"href":"https:\/\/susistemapruebas.com\/grapi\/wp-json\/wp\/v2\/types\/product"}],"wp:featuredmedia":[{"embeddable":true,"href":"https:\/\/susistemapruebas.com\/grapi\/wp-json\/wp\/v2\/media\/5810"}],"wp:attachment":[{"href":"https:\/\/susistemapruebas.com\/grapi\/wp-json\/wp\/v2\/media?parent=6084"}],"wp:term":[{"taxonomy":"product_brand","embeddable":true,"href":"https:\/\/susistemapruebas.com\/grapi\/wp-json\/wp\/v2\/product_brand?post=6084"},{"taxonomy":"product_cat","embeddable":true,"href":"https:\/\/susistemapruebas.com\/grapi\/wp-json\/wp\/v2\/product_cat?post=6084"},{"taxonomy":"product_tag","embeddable":true,"href":"https:\/\/susistemapruebas.com\/grapi\/wp-json\/wp\/v2\/product_tag?post=6084"}],"curies":[{"name":"wp","href":"https:\/\/api.w.org\/{rel}","templated":true}]}}