{"id":6083,"date":"2024-06-13T21:40:34","date_gmt":"2024-06-13T21:40:34","guid":{"rendered":"https:\/\/susistemapruebas.com\/grapi\/?post_type=product&#038;p=6083"},"modified":"2025-06-19T17:57:27","modified_gmt":"2025-06-19T17:57:27","slug":"espacios-multisensoriales","status":"publish","type":"product","link":"https:\/\/susistemapruebas.com\/grapi\/producto\/espacios-multisensoriales\/","title":{"rendered":"Rincon Sensorial Tipo 1"},"content":{"rendered":"<p>RINCON SENSORIAL BASICO DOIT # 1.<\/p>\n<p>INCLUYE:<\/p>\n<p>Este paquete incluye:<\/p>\n<ol>\n<li>1TUBO DE BURBUJAS de 15 CM. \u00d8 Y 1.80 CM. DE ALTURA DOIT, CON BASE o PLATAFORMA CURVA Y 1 PAR DE ESPEJOS ACR\u00cdLICOS.<\/li>\n<li>1 CONTROLADOR &#8211; COMUNICADOR DE 9 PULSADORES DOIT. INALAMBRICO-<\/li>\n<li>1 PAQUETE DE PROYECTOR, INCLUYE PROYECTOR LED AURA, Y 1 RUEDA DE EFECTOS.<\/li>\n<li>1 BOCINA BLUETOOTH PORT\u00c1TIL CON 1 USB CON SONIDOS CALMANTES, RELAJANTES Y ESTIMULANTES.<\/li>\n<li>RAMILLETE DE FIBRA \u00d3PTICA DOIT SUPER INTERACTIVA DE 3.00 MTS. \u00a1DE LARGO CON 200 HILOS!<\/li>\n<\/ol>\n","protected":false},"excerpt":{"rendered":"<p>Los RINCONES SENSORIALES DOIT tambi\u00e9n ayudan a crear una experiencia sensorial m\u00e1s \u00edntima, ya que suelen ser m\u00e1s peque\u00f1os, lo que permite una mayor concentraci\u00f3n de equipos sensoriales.<\/p>\n","protected":false},"featured_media":9161,"template":"","meta":[],"product_brand":[],"product_cat":[82],"product_tag":[],"class_list":{"0":"post-6083","1":"product","2":"type-product","3":"status-publish","4":"has-post-thumbnail","6":"product_cat-rincon-sensorial","8":"first","9":"instock","10":"shipping-taxable","11":"product-type-simple"},"_links":{"self":[{"href":"https:\/\/susistemapruebas.com\/grapi\/wp-json\/wp\/v2\/product\/6083","targetHints":{"allow":["GET"]}}],"collection":[{"href":"https:\/\/susistemapruebas.com\/grapi\/wp-json\/wp\/v2\/product"}],"about":[{"href":"https:\/\/susistemapruebas.com\/grapi\/wp-json\/wp\/v2\/types\/product"}],"wp:featuredmedia":[{"embeddable":true,"href":"https:\/\/susistemapruebas.com\/grapi\/wp-json\/wp\/v2\/media\/9161"}],"wp:attachment":[{"href":"https:\/\/susistemapruebas.com\/grapi\/wp-json\/wp\/v2\/media?parent=6083"}],"wp:term":[{"taxonomy":"product_brand","embeddable":true,"href":"https:\/\/susistemapruebas.com\/grapi\/wp-json\/wp\/v2\/product_brand?post=6083"},{"taxonomy":"product_cat","embeddable":true,"href":"https:\/\/susistemapruebas.com\/grapi\/wp-json\/wp\/v2\/product_cat?post=6083"},{"taxonomy":"product_tag","embeddable":true,"href":"https:\/\/susistemapruebas.com\/grapi\/wp-json\/wp\/v2\/product_tag?post=6083"}],"curies":[{"name":"wp","href":"https:\/\/api.w.org\/{rel}","templated":true}]}}