{"id":6082,"date":"2024-06-13T20:00:15","date_gmt":"2024-06-13T20:00:15","guid":{"rendered":"https:\/\/susistemapruebas.com\/grapi\/?post_type=product&#038;p=6082"},"modified":"2025-06-20T16:48:09","modified_gmt":"2025-06-20T16:48:09","slug":"cuarto-sensorial","status":"publish","type":"product","link":"https:\/\/susistemapruebas.com\/grapi\/producto\/cuarto-sensorial\/","title":{"rendered":"Cuarto Sensorial"},"content":{"rendered":"<p><span style=\"font-family: arial, helvetica, sans-serif;\">En estos espacios se pueden encontrar elementos como tubos de burbujas, fibras \u00f3pticas, camas de agua, piscinas de bolas y proyecciones visuales. Su objetivo es fomentar la relajaci\u00f3n, mejorar la concentraci\u00f3n y estimular la comunicaci\u00f3n y el desarrollo sensorial<\/span><\/p>\n<p><span style=\"font-family: arial, helvetica, sans-serif;\">Los <strong>cuartos sensoriales<\/strong> ofrecen una variedad de beneficios, especialmente para personas con discapacidades, trastornos del desarrollo o dificultades cognitivas. Algunos de sus principales beneficios incluyen:<\/span><\/p>\n<ul>\n<li><span style=\"font-family: arial, helvetica, sans-serif;\"><strong>Estimulaci\u00f3n sensorial:<\/strong> Ayudan a desarrollar los sentidos a trav\u00e9s de luces, sonidos, texturas y aromas.<\/span><\/li>\n<li><span style=\"font-family: arial, helvetica, sans-serif;\"><strong>Mejora de la concentraci\u00f3n:<\/strong> Favorecen la atenci\u00f3n y el enfoque, lo que es \u00fatil para ni\u00f1os con dificultades de aprendizaje.<\/span><\/li>\n<li><span style=\"font-family: arial, helvetica, sans-serif;\"><strong>Reducci\u00f3n del estr\u00e9s y la ansiedad:<\/strong> Crean un ambiente relajante que ayuda a disminuir la tensi\u00f3n emocional.<\/span><\/li>\n<li><span style=\"font-family: arial, helvetica, sans-serif;\"><strong>Fomento de la comunicaci\u00f3n:<\/strong> Facilitan la interacci\u00f3n social y el desarrollo del lenguaje.<\/span><\/li>\n<li><span style=\"font-family: arial, helvetica, sans-serif;\"><strong>Desarrollo cognitivo:<\/strong> Estimulan el pensamiento l\u00f3gico y la creatividad.<\/span><\/li>\n<li><span style=\"font-family: arial, helvetica, sans-serif;\"><strong>Mejora de la coordinaci\u00f3n motriz:<\/strong> Ayudan a desarrollar habilidades motoras finas y gruesas<\/span><\/li>\n<\/ul>\n<p><span style=\"font-family: arial, helvetica, sans-serif;\">Los cuartos sensoriales tambi\u00e9n son conocidos como:<\/span><\/p>\n<ul>\n<li><span style=\"font-family: arial, helvetica, sans-serif;\">C\u00c1MARA DE ESTIMULACI\u00d3N SNOEZELEN<\/span><\/li>\n<li><span style=\"font-family: arial, helvetica, sans-serif;\">SALA MULTISENSORIAL SNOEZELEN<\/span><\/li>\n<li><span style=\"font-family: arial, helvetica, sans-serif;\">CUARTOS DE ESTIMULACI\u00d3N SENSORIAL<\/span><\/li>\n<li><span style=\"font-family: arial, helvetica, sans-serif;\">SALA DE ESTIMULACI\u00d3N SENSORIAL Y NEUROL\u00d3GICA,<\/span><\/li>\n<li><span style=\"font-family: arial, helvetica, sans-serif;\">CUARTO MULTISENSORIAL<\/span><\/li>\n<li><span style=\"font-family: arial, helvetica, sans-serif;\">SALA SNOEZELEN<\/span><\/li>\n<\/ul>\n<p><span style=\"font-family: arial, helvetica, sans-serif;\"><strong><span style=\"font-size: 21px;\">Recuerda que en Grupo Comercial Orthos te asesoramos desde la planeacion hasta la implementacion de tus sala, tenemos 20 a\u00f1os experiencia aportando beneficios a la discapacidad.<\/span><\/strong><\/span><\/p>\n","protected":false},"excerpt":{"rendered":"<p><span style=\"font-family: 'arial black', sans-serif;\">Un <strong>cuarto sensorial<\/strong> es un espacio dise\u00f1ado para estimular los sentidos a trav\u00e9s de luces, sonidos, texturas y aromas. Estos ambientes, tambi\u00e9n llamados <strong>salas multisensoriales Snoezelen<\/strong>, se utilizan en terapias para mejorar la calidad de vida de personas con discapacidad, trastornos del desarrollo o deterioro cognitivo<\/span><\/p>\n","protected":false},"featured_media":8766,"template":"","meta":[],"product_brand":[],"product_cat":[56],"product_tag":[],"class_list":{"0":"post-6082","1":"product","2":"type-product","3":"status-publish","4":"has-post-thumbnail","6":"product_cat-cuarto-sensorial","8":"first","9":"instock","10":"shipping-taxable","11":"product-type-simple"},"_links":{"self":[{"href":"https:\/\/susistemapruebas.com\/grapi\/wp-json\/wp\/v2\/product\/6082","targetHints":{"allow":["GET"]}}],"collection":[{"href":"https:\/\/susistemapruebas.com\/grapi\/wp-json\/wp\/v2\/product"}],"about":[{"href":"https:\/\/susistemapruebas.com\/grapi\/wp-json\/wp\/v2\/types\/product"}],"wp:featuredmedia":[{"embeddable":true,"href":"https:\/\/susistemapruebas.com\/grapi\/wp-json\/wp\/v2\/media\/8766"}],"wp:attachment":[{"href":"https:\/\/susistemapruebas.com\/grapi\/wp-json\/wp\/v2\/media?parent=6082"}],"wp:term":[{"taxonomy":"product_brand","embeddable":true,"href":"https:\/\/susistemapruebas.com\/grapi\/wp-json\/wp\/v2\/product_brand?post=6082"},{"taxonomy":"product_cat","embeddable":true,"href":"https:\/\/susistemapruebas.com\/grapi\/wp-json\/wp\/v2\/product_cat?post=6082"},{"taxonomy":"product_tag","embeddable":true,"href":"https:\/\/susistemapruebas.com\/grapi\/wp-json\/wp\/v2\/product_tag?post=6082"}],"curies":[{"name":"wp","href":"https:\/\/api.w.org\/{rel}","templated":true}]}}