{"id":5951,"date":"2024-06-06T18:57:37","date_gmt":"2024-06-06T18:57:37","guid":{"rendered":"https:\/\/susistemapruebas.com\/grapi\/?post_type=product&#038;p=5951"},"modified":"2025-05-13T23:24:34","modified_gmt":"2025-05-13T23:24:34","slug":"alberca-de-pelotas-interactiva-doit","status":"publish","type":"product","link":"https:\/\/susistemapruebas.com\/grapi\/producto\/alberca-de-pelotas-interactiva-doit\/","title":{"rendered":"ALBERCA SENSORIAL INTERACTIVA \u201cDOIT\u201d CUADRADA"},"content":{"rendered":"<h3>ALBERCA SENSORIAL INTERACTIVA \u201cDOIT\u201d CUADRADA<\/h3>\n","protected":false},"excerpt":{"rendered":"<div id=\"tab-description\" class=\"woocommerce-Tabs-panel woocommerce-Tabs-panel--description panel entry-content wc-tab\" role=\"tabpanel\" aria-labelledby=\"tab-title-description\">\n<h3><strong>DOIT PISCINAS SUPERINTERACTIVAS DOIT.<\/strong><\/h3>\n<p>Piscinas de Bolas Iluminadas Las piscinas de bolas super interactivas pueden funcionar a trav\u00e9s de cualquier comunicador de la gama DOITLink. Con<\/p>\n<p>los comunicadores podr\u00e1n controlar el color de la iluminaci\u00f3n de su fondo que al pasar a trav\u00e9s de las bolas semitransparentes crea un efecto espectacular donde poder trabajar la propiocepci\u00f3n y la relaci\u00f3n causa-efecto.<\/p>\n<p>La piscina de bolas super interactiva NO INCLUYE EL COMUNICADOR.<\/p>\n<p>Funciona a 240v transformados a 12v<\/p>\n<p>OPCI\u00d3N VIBRO-AC\u00daSTICA. Los usuarios que se sumerjan en la piscina de bolas podr\u00e1n sentir la vibraci\u00f3n ac\u00fastica que incorpora en su base. La experiencia se combina con los colores que ofrece la piscina crean una atm\u00f3sfera muy agradable.<\/p>\n<\/div>\n<h3><strong>\u00a0<\/strong><\/h3>\n","protected":false},"featured_media":5877,"template":"","meta":[],"product_brand":[],"product_cat":[47],"product_tag":[],"class_list":{"0":"post-5951","1":"product","2":"type-product","3":"status-publish","4":"has-post-thumbnail","6":"product_cat-alberca-de-pelotas","8":"first","9":"instock","10":"shipping-taxable","11":"product-type-simple"},"_links":{"self":[{"href":"https:\/\/susistemapruebas.com\/grapi\/wp-json\/wp\/v2\/product\/5951","targetHints":{"allow":["GET"]}}],"collection":[{"href":"https:\/\/susistemapruebas.com\/grapi\/wp-json\/wp\/v2\/product"}],"about":[{"href":"https:\/\/susistemapruebas.com\/grapi\/wp-json\/wp\/v2\/types\/product"}],"wp:featuredmedia":[{"embeddable":true,"href":"https:\/\/susistemapruebas.com\/grapi\/wp-json\/wp\/v2\/media\/5877"}],"wp:attachment":[{"href":"https:\/\/susistemapruebas.com\/grapi\/wp-json\/wp\/v2\/media?parent=5951"}],"wp:term":[{"taxonomy":"product_brand","embeddable":true,"href":"https:\/\/susistemapruebas.com\/grapi\/wp-json\/wp\/v2\/product_brand?post=5951"},{"taxonomy":"product_cat","embeddable":true,"href":"https:\/\/susistemapruebas.com\/grapi\/wp-json\/wp\/v2\/product_cat?post=5951"},{"taxonomy":"product_tag","embeddable":true,"href":"https:\/\/susistemapruebas.com\/grapi\/wp-json\/wp\/v2\/product_tag?post=5951"}],"curies":[{"name":"wp","href":"https:\/\/api.w.org\/{rel}","templated":true}]}}