{"id":5932,"date":"2024-06-06T18:25:28","date_gmt":"2024-06-06T18:25:28","guid":{"rendered":"https:\/\/susistemapruebas.com\/grapi\/?post_type=product&#038;p=5932"},"modified":"2025-06-20T22:18:51","modified_gmt":"2025-06-20T22:18:51","slug":"consola-doit","status":"publish","type":"product","link":"https:\/\/susistemapruebas.com\/grapi\/producto\/consola-doit\/","title":{"rendered":"CONSOLA DOIT"},"content":{"rendered":"<p>Una de las funcionalidades m\u00e1s interesantes de la CONSOLA DOIT es poder crear m\u00fasica con el movimiento del usuario as\u00ed como reproducir v\u00eddeos multimedia integrados en su memoria.<\/p>\n<p>FUNCIONES DE LA CONSOLA DOIT:<\/p>\n<p>Automatizar sesiones en la sala multisensorial<\/p>\n<p>Crear ambientes interactivos en funci\u00f3n de la finalidad de la sesi\u00f3n (relajaci\u00f3n, activaci\u00f3n, etc.)<\/p>\n<p>Reproduce cuentos vivenciales controlando los elementos de la sala multisensorial como el proyector de v\u00eddeo y equipo de audio.<\/p>\n<p>Editar los cuentos vivenciales para que puedan recrear cualquier cuento o historia seg\u00fan los elementos multisensoriales que tengan en su sala multisensorial.<\/p>\n<p>Cambiar el color de cualquier elemento de la gama DOIT con el comunicador, un selector de color a pantalla completa para que los usuarios de la sala multisensorial puedan interactuar con los diferentes elementos de la sala.<\/p>\n<p>M\u00c1S INFORMACI\u00d3N:<\/p>\n<p>Puedes pedir un presupuesto sin compromiso, en primer lugar, te rogamos que seas tan amable de llenar nuestro breve cuestionario en la secci\u00f3n de Contacto para que te enviemos la informaci\u00f3n necesaria.<\/p>\n","protected":false},"excerpt":{"rendered":"<p>Nuestra \u00faltima gran herramienta DOIT CONSOLE controla todos los elementos de la sala multisensorial o snoezelen, a trav\u00e9s de ordenadores, tablets o smartphones.<\/p>\n<p>Gracias a la Consola Doit puede realizar actividades de desarrollo cognitivo, todo integrado en un dispositivo, que contiene decenas de actividades como relaci\u00f3n de im\u00e1genes con sonidos y viceversa, im\u00e1genes con aromas, juegos para la memoria, suma de objetos y muchos m\u00e1s.<\/p>\n","protected":false},"featured_media":9199,"template":"","meta":[],"product_brand":[],"product_cat":[46],"product_tag":[],"class_list":{"0":"post-5932","1":"product","2":"type-product","3":"status-publish","4":"has-post-thumbnail","6":"product_cat-consola-doit-y-accesorios","8":"first","9":"instock","10":"shipping-taxable","11":"product-type-simple"},"_links":{"self":[{"href":"https:\/\/susistemapruebas.com\/grapi\/wp-json\/wp\/v2\/product\/5932","targetHints":{"allow":["GET"]}}],"collection":[{"href":"https:\/\/susistemapruebas.com\/grapi\/wp-json\/wp\/v2\/product"}],"about":[{"href":"https:\/\/susistemapruebas.com\/grapi\/wp-json\/wp\/v2\/types\/product"}],"wp:featuredmedia":[{"embeddable":true,"href":"https:\/\/susistemapruebas.com\/grapi\/wp-json\/wp\/v2\/media\/9199"}],"wp:attachment":[{"href":"https:\/\/susistemapruebas.com\/grapi\/wp-json\/wp\/v2\/media?parent=5932"}],"wp:term":[{"taxonomy":"product_brand","embeddable":true,"href":"https:\/\/susistemapruebas.com\/grapi\/wp-json\/wp\/v2\/product_brand?post=5932"},{"taxonomy":"product_cat","embeddable":true,"href":"https:\/\/susistemapruebas.com\/grapi\/wp-json\/wp\/v2\/product_cat?post=5932"},{"taxonomy":"product_tag","embeddable":true,"href":"https:\/\/susistemapruebas.com\/grapi\/wp-json\/wp\/v2\/product_tag?post=5932"}],"curies":[{"name":"wp","href":"https:\/\/api.w.org\/{rel}","templated":true}]}}