{"id":951,"date":"2022-08-26T20:23:02","date_gmt":"2022-08-26T20:23:02","guid":{"rendered":"https:\/\/susistemapruebas.com\/grapi\/?page_id=951"},"modified":"2025-05-21T19:26:41","modified_gmt":"2025-05-21T19:26:41","slug":"contacto","status":"publish","type":"page","link":"https:\/\/susistemapruebas.com\/grapi\/contacto\/","title":{"rendered":"Contacto"},"content":{"rendered":"<p>[vc_row css=\u00bb.vc_custom_1717610396110{padding-top: 50px !important;padding-bottom: 50px !important;background-image: url(https:\/\/susistemapruebas.com\/grapi\/wp-content\/uploads\/2024\/06\/encabezados.webp?id=5470) !important;background-position: center !important;background-repeat: no-repeat !important;background-size: cover !important;}\u00bb][vc_column]<style>.ld_fancy_heading_69d72e01989c8 h1{color:rgb(255, 255, 255);}.ld_fancy_heading_69d72e01989c8 .lqd-highlight-inner{height:0.275em!important;bottom:0px!important;}<\/style><div class=\"ld-fancy-heading ld_fancy_heading_69d72e01989c8\">\n\t<h1 class=\"ld-fh-element lqd-highlight-underline lqd-highlight-grow-left text-decoration-default\"   >  Contacto<\/h1><\/div>[\/vc_column][\/vc_row][vc_row][vc_column]<style>.ld_spacer_69d72e0198bdd{height:50px;}<\/style>\n<div class=\"ld-empty-space ld_spacer_69d72e0198bdd\"><\/div>[\/vc_column][\/vc_row][vc_row content_placement=\u00bbmiddle\u00bb responsive_css=\u00bbpadding_top_medium:40px|padding_bottom_medium:80px|padding_bottom_small:50px\u00bb css=\u00bb.vc_custom_1658178667413{background-color: #ffffff !important;}\u00bb][vc_column enable_content_animation=\u00bbyes\u00bb ca_init_scale_x=\u00bb1&#8243; ca_init_scale_y=\u00bb1&#8243; ca_init_opacity=\u00bb0&#8243; ca_an_scale_x=\u00bb1&#8243; ca_an_scale_y=\u00bb1&#8243; ca_an_opacity=\u00bb1&#8243; align=\u00bbtext-center\u00bb offset=\u00bbvc_col-md-offset-3 vc_col-md-6&#8243; responsive_css=\u00bbpadding_right_medium:5%25|padding_left_medium:5%25&#8243; ca_duration=\u00bb1800&#8243; ca_delay=\u00bb180&#8243; ca_init_translate_y=\u00bb35&#8243; responsive_align=\u00bbtext-center\u00bb css=\u00bb.vc_custom_1658178845054{margin-top: 50px !important;}\u00bb]<style>.ld_fancy_heading_69d72e0198d06 h2{color:rgb(35, 46, 108);}@media (min-width: 768px) { .ld_fancy_heading_69d72e0198d06 h2 {font-size:43px; }  } .ld_fancy_heading_69d72e0198d06 h2 {margin-bottom:0.25em !important;  } .ld_fancy_heading_69d72e0198d06 .lqd-highlight-inner{height:0.275em!important;bottom:0px!important;}@media (min-width: 768px) { .ld_fancy_heading_69d72e0198d06 h2 {font-size:43px; }  } .ld_fancy_heading_69d72e0198d06 h2 {margin-bottom:0.25em !important;  } <\/style><div class=\"ld-fancy-heading ld_fancy_heading_69d72e0198d06\">\n\t<h2 class=\"ld-fh-element lqd-highlight-underline lqd-highlight-grow-left text-decoration-default\"   >  \u00bfTienes dudas?<\/p>\n<p>Tenemos 20 a\u00f1os de Experiencia en Salas Sensoriales.<\/h2><\/div>[\/vc_column][\/vc_row][vc_row][vc_column width=\u00bb1\/2&#8243; css=\u00bb.vc_custom_1658352345608{padding-right: 20px !important;padding-left: 20px !important;}\u00bb]<style>@media (min-width: 992px) { .ld_fancy_heading_69d72e0198ebc h2 {padding-right:14% !important;  }  } .ld_fancy_heading_69d72e0198ebc .lqd-highlight-inner{height:0.275em!important;bottom:0px!important;}@media (min-width: 992px) { .ld_fancy_heading_69d72e0198ebc h2 {padding-right:14% !important;  }  } <\/style><div class=\"ld-fancy-heading ld_fancy_heading_69d72e0198ebc\">\n\t<h2 class=\"ld-fh-element lqd-highlight-underline lqd-highlight-grow-left text-decoration-default\"   >  PONTE EN CONTACTO CON NOSOTROS<\/h2><\/div><style>.ld_fancy_heading_69d72e019906e .lqd-highlight-inner{height:0.275em!important;bottom:0px!important;}<\/style><div class=\"ld-fancy-heading ld_fancy_heading_69d72e019906e\">\n\t<p class=\"ld-fh-element lqd-highlight-underline lqd-highlight-grow-left text-decoration-default\"   >  E-mail:<br \/>\ninfo@grupoorthos.com.mx<br \/>\nMundo Sensorial, S.A. de C.V.<br \/>\nM\u00e9xico<\/p><\/div><style>.ld_spacer_69d72e019918d{height:32px;}<\/style>\n<div class=\"ld-empty-space ld_spacer_69d72e019918d\"><\/div>[vc_single_image image=\u00bb4785&#8243;][\/vc_column][vc_column width=\u00bb1\/2&#8243; css=\u00bb.vc_custom_1658352562590{padding-top: 10px !important;padding-right: 10px !important;padding-bottom: 10px !important;padding-left: 25px !important;background-color: #bef456 !important;border-radius: 5px !important;}\u00bb]<style>.ld_fancy_heading_69d72e01992aa h6 {margin-bottom:0.75em !important;  } .ld_fancy_heading_69d72e01992aa .lqd-highlight-inner{height:0.275em!important;bottom:0px!important;}.ld_fancy_heading_69d72e01992aa h6 {margin-bottom:0.75em !important;  } <\/style><div class=\"ld-fancy-heading ld_fancy_heading_69d72e01992aa\">\n\t<h6 class=\"ld-fh-element lqd-highlight-underline lqd-highlight-grow-left text-decoration-default\"   >  Llena el formulario<\/h6><\/div><style>.ld_cf7_69d72e01993fb input,.ld_cf7_69d72e01993fb textarea,.ld_cf7_69d72e01993fb .ui-button.ui-selectmenu-button{font-size:13px;}.ld_cf7_69d72e01993fb input[type=\"submit\"]{font-size:14px;}.ld_cf7_69d72e01993fb input, .ld_cf7_69d72e01993fb select, .ld_cf7_69d72e01993fb textarea, .ld_cf7_69d72e01993fb .ui-button.ui-selectmenu-button{background:rgb(247, 248, 248);}.ld_cf7_69d72e01993fb input, .ld_cf7_69d72e01993fb select, .ld_cf7_69d72e01993fb textarea, .ld_cf7_69d72e01993fb .ui-button.ui-selectmenu-button, .ld_cf7_69d72e01993fb .wpcf7-form-control-wrap > i, .ld_cf7_69d72e01993fb .wpcf7-radio{color:rgb(123, 131, 142);}.ld_cf7_69d72e01993fb input:focus, .ld_cf7_69d72e01993fb select:focus, .ld_cf7_69d72e01993fb textarea:focus, .ld_cf7_69d72e01993fb .ui-button.ui-selectmenu-button:hover, .wpcf7-acceptance .wpcf7-list-item-label:after{color:rgb(0, 0, 0);}<\/style><div id=\"ld_cf7_69d72e01993fb\" class=\"lqd-contact-form lqd-contact-form-inputs-filled lqd-contact-form-inputs-round lqd-contact-form-button-block lqd-contact-form-button-round ld_cf7_69d72e01993fb vc_custom_1661545639122\">\n\t\n<div class=\"wpcf7 no-js\" id=\"wpcf7-f735-o1\" lang=\"es-ES\" dir=\"ltr\" data-wpcf7-id=\"735\">\n<div class=\"screen-reader-response\"><p role=\"status\" aria-live=\"polite\" aria-atomic=\"true\"><\/p> <ul><\/ul><\/div>\n<form action=\"\/grapi\/wp-json\/wp\/v2\/pages\/951#wpcf7-f735-o1\" method=\"post\" class=\"wpcf7-form init\" aria-label=\"Formulario de contacto\" novalidate=\"novalidate\" data-status=\"init\">\n<fieldset class=\"hidden-fields-container\"><input type=\"hidden\" name=\"_wpcf7\" value=\"735\" \/><input type=\"hidden\" name=\"_wpcf7_version\" value=\"6.1.5\" \/><input type=\"hidden\" name=\"_wpcf7_locale\" value=\"es_ES\" \/><input type=\"hidden\" name=\"_wpcf7_unit_tag\" value=\"wpcf7-f735-o1\" \/><input type=\"hidden\" name=\"_wpcf7_container_post\" value=\"0\" \/><input type=\"hidden\" name=\"_wpcf7_posted_data_hash\" value=\"\" \/>\n<\/fieldset>\n<p><label> Tu nombre<br \/>\n<span class=\"wpcf7-form-control-wrap\" data-name=\"your-name\"><input size=\"40\" maxlength=\"400\" class=\"wpcf7-form-control wpcf7-text wpcf7-validates-as-required\" aria-required=\"true\" aria-invalid=\"false\" value=\"\" type=\"text\" name=\"your-name\" \/><\/span> <\/label>\n<\/p>\n<p><label> Tu correo electr\u00f3nico<br \/>\n<span class=\"wpcf7-form-control-wrap\" data-name=\"your-email\"><input size=\"40\" maxlength=\"400\" class=\"wpcf7-form-control wpcf7-email wpcf7-validates-as-required wpcf7-text wpcf7-validates-as-email\" aria-required=\"true\" aria-invalid=\"false\" value=\"\" type=\"email\" name=\"your-email\" \/><\/span> <\/label>\n<\/p>\n<p><label> Asunto<br \/>\n<span class=\"wpcf7-form-control-wrap\" data-name=\"your-subject\"><input size=\"40\" maxlength=\"400\" class=\"wpcf7-form-control wpcf7-text wpcf7-validates-as-required\" aria-required=\"true\" aria-invalid=\"false\" value=\"\" type=\"text\" name=\"your-subject\" \/><\/span> <\/label>\n<\/p>\n<p><label> Tu mensaje (opcional)<br \/>\n<span class=\"wpcf7-form-control-wrap\" data-name=\"your-message\"><textarea cols=\"40\" rows=\"10\" maxlength=\"2000\" class=\"wpcf7-form-control wpcf7-textarea\" aria-invalid=\"false\" name=\"your-message\"><\/textarea><\/span> <\/label>\n<\/p>\n<p><input class=\"wpcf7-form-control wpcf7-submit has-spinner\" type=\"submit\" value=\"Enviar\" \/>\n<\/p><div class=\"wpcf7-response-output\" aria-hidden=\"true\"><\/div>\n<\/form>\n<\/div>\n<\/div>[\/vc_column][\/vc_row][vc_row][vc_column]<style>.ld_spacer_69d72e0199bfa{height:32px;}<\/style>\n<div class=\"ld-empty-space ld_spacer_69d72e0199bfa\"><\/div>[\/vc_column][\/vc_row][vc_row css=\u00bb.vc_custom_1658331840407{background-color: #25008c !important;}\u00bb][vc_column]<style>.ld_spacer_69d72e0199c8d{height:32px;}<\/style>\n<div class=\"ld-empty-space ld_spacer_69d72e0199c8d\"><\/div>[vc_row_inner css=\u00bb.vc_custom_1658331508001{padding-right: 30px !important;padding-left: 30px !important;}\u00bb][vc_column_inner width=\u00bb1\/2&#8243;]<style>.ld_icon_box_69d72e0199df1 .iconbox-icon-container{color:rgb(255, 255, 255);border-radius:px;}.ld_icon_box_69d72e0199df1 .lqd-iconbox-title{color:rgb(255, 255, 255);margin-bottom:px;}<\/style>\n<div class=\"iconbox text-align-default iconbox-heading-xs ld_icon_box_69d72e0199df1\" id=\"ld_icon_box_69d72e0199df1\"  data-animate-icon=\"true\" data-plugin-options='{\"color\":\"rgb(255, 255, 255)\"}'  >\n\t\n\t\t\t\t\t\n\t\n\t<div class=\"iconbox-icon-wrap\"><span class=\"iconbox-icon-container\"><i class=\"fas fa-shipping-fast\"><\/i><\/span><\/div>\t\n\t\t\n\t\t\n\t\t\n\t<h3 class=\"lqd-iconbox-title \">ENV\u00cdOS GR\u00c1TIS EN LA CIUDAD DE M\u00c9XICO<\/h3>\t\t\t\n\t\t\n\t\n<\/div>\n[\/vc_column_inner][vc_column_inner width=\u00bb1\/2&#8243;]<style>.ld_icon_box_69d72e019a4df .iconbox-icon-container{color:rgb(255, 255, 255);border-radius:px;}.ld_icon_box_69d72e019a4df .lqd-iconbox-title{color:rgb(255, 255, 255);margin-bottom:px;}<\/style>\n<div class=\"iconbox text-align-default iconbox-heading-xs ld_icon_box_69d72e019a4df\" id=\"ld_icon_box_69d72e019a4df\"  data-animate-icon=\"true\" data-plugin-options='{\"color\":\"rgb(255, 255, 255)\"}'  >\n\t\n\t\t\t\t\t\n\t\n\t<div class=\"iconbox-icon-wrap\"><span class=\"iconbox-icon-container\"><i class=\"fas fa-umbrella\"><\/i><\/span><\/div>\t\n\t\t\n\t\t\n\t\t\n\t<h3 class=\"lqd-iconbox-title \">GARANT\u00cdA DE CALIDAD<\/h3>\t\t\t\n\t\t\n\t\n<\/div>\n[\/vc_column_inner][\/vc_row_inner][\/vc_column][\/vc_row]<\/p>\n","protected":false},"excerpt":{"rendered":"<p>[vc_row css=\u00bb.vc_custom_1717610396110{padding-top: 50px !important;padding-bottom: 50px !important;background-image: url(https:\/\/susistemapruebas.com\/grapi\/wp-content\/uploads\/2024\/06\/encabezados.webp?id=5470) !important;background-position: center !important;background-repeat: no-repeat !important;background-size: cover !important;}\u00bb][vc_column][\/vc_column][\/vc_row][vc_row][vc_column][\/vc_column][\/vc_row][vc_row content_placement=\u00bbmiddle\u00bb responsive_css=\u00bbpadding_top_medium:40px|padding_bottom_medium:80px|padding_bottom_small:50px\u00bb css=\u00bb.vc_custom_1658178667413{background-color: #ffffff !important;}\u00bb][vc_column enable_content_animation=\u00bbyes\u00bb ca_init_scale_x=\u00bb1&#8243; ca_init_scale_y=\u00bb1&#8243; ca_init_opacity=\u00bb0&#8243; ca_an_scale_x=\u00bb1&#8243; ca_an_scale_y=\u00bb1&#8243; ca_an_opacity=\u00bb1&#8243; align=\u00bbtext-center\u00bb offset=\u00bbvc_col-md-offset-3 vc_col-md-6&#8243; responsive_css=\u00bbpadding_right_medium:5%25|padding_left_medium:5%25&#8243; ca_duration=\u00bb1800&#8243; ca_delay=\u00bb180&#8243; ca_init_translate_y=\u00bb35&#8243; responsive_align=\u00bbtext-center\u00bb css=\u00bb.vc_custom_1658178845054{margin-top: 50px !important;}\u00bb][\/vc_column][\/vc_row][vc_row][vc_column width=\u00bb1\/2&#8243; css=\u00bb.vc_custom_1658352345608{padding-right: 20px !important;padding-left: 20px !important;}\u00bb][vc_single_image image=\u00bb4785&#8243;][\/vc_column][vc_column width=\u00bb1\/2&#8243; css=\u00bb.vc_custom_1658352562590{padding-top: 10px !important;padding-right: 10px !important;padding-bottom: 10px !important;padding-left: 25px !important;background-color: #bef456 [&hellip;]<\/p>\n","protected":false},"author":1,"featured_media":0,"parent":0,"menu_order":0,"comment_status":"closed","ping_status":"closed","template":"","meta":{"footnotes":""},"class_list":["post-951","page","type-page","status-publish","hentry"],"_links":{"self":[{"href":"https:\/\/susistemapruebas.com\/grapi\/wp-json\/wp\/v2\/pages\/951","targetHints":{"allow":["GET"]}}],"collection":[{"href":"https:\/\/susistemapruebas.com\/grapi\/wp-json\/wp\/v2\/pages"}],"about":[{"href":"https:\/\/susistemapruebas.com\/grapi\/wp-json\/wp\/v2\/types\/page"}],"author":[{"embeddable":true,"href":"https:\/\/susistemapruebas.com\/grapi\/wp-json\/wp\/v2\/users\/1"}],"replies":[{"embeddable":true,"href":"https:\/\/susistemapruebas.com\/grapi\/wp-json\/wp\/v2\/comments?post=951"}],"version-history":[{"count":14,"href":"https:\/\/susistemapruebas.com\/grapi\/wp-json\/wp\/v2\/pages\/951\/revisions"}],"predecessor-version":[{"id":8835,"href":"https:\/\/susistemapruebas.com\/grapi\/wp-json\/wp\/v2\/pages\/951\/revisions\/8835"}],"wp:attachment":[{"href":"https:\/\/susistemapruebas.com\/grapi\/wp-json\/wp\/v2\/media?parent=951"}],"curies":[{"name":"wp","href":"https:\/\/api.w.org\/{rel}","templated":true}]}}