{"id":8722,"date":"2025-04-28T19:00:06","date_gmt":"2025-04-28T19:00:06","guid":{"rendered":"https:\/\/susistemapruebas.com\/grapi\/?page_id=8722"},"modified":"2025-05-22T18:34:24","modified_gmt":"2025-05-22T18:34:24","slug":"aula-sensorial-autismo","status":"publish","type":"page","link":"https:\/\/susistemapruebas.com\/grapi\/aula-sensorial-autismo\/","title":{"rendered":"Aula Sensorial Para Autismo"},"content":{"rendered":"<p>[vc_row css=\u00bb.vc_custom_1717610396110{padding-top: 50px !important;padding-bottom: 50px !important;background-image: url(https:\/\/susistemapruebas.com\/grapi\/wp-content\/uploads\/2024\/06\/encabezados.webp?id=5470) !important;background-position: center !important;background-repeat: no-repeat !important;background-size: cover !important;}\u00bb][vc_column]<style>.ld_fancy_heading_69d742e93fe5c h1{color:rgb(255, 255, 255);}.ld_fancy_heading_69d742e93fe5c .lqd-highlight-inner{height:0.275em!important;bottom:0px!important;}<\/style><div class=\"ld-fancy-heading ld_fancy_heading_69d742e93fe5c\">\n\t<h1 class=\"ld-fh-element lqd-highlight-underline lqd-highlight-grow-left text-decoration-default\"   >  Aula Sensorial Para Autismo<\/h1><\/div>[\/vc_column][\/vc_row][vc_row css=\u00bb.vc_custom_1717722908045{padding-top: 50px !important;padding-bottom: 50px !important;background-color: #ffddc5 !important;}\u00bb][vc_column]<style>.ld_fancy_heading_69d742e940299 h3 {margin-top:30px !important; margin-bottom:30px !important;  } .ld_fancy_heading_69d742e940299 .lqd-highlight-inner{height:0.275em!important;bottom:0px!important;}.ld_fancy_heading_69d742e940299 h3 {margin-top:30px !important; margin-bottom:30px !important;  } <\/style><div class=\"ld-fancy-heading text-center ld_fancy_heading_69d742e940299\">\n\t<h3 class=\"ld-fh-element lqd-highlight-underline lqd-highlight-grow-left text-decoration-default\"   >  Aula Multisensorial<\/h3><\/div><style>.ld_spacer_69d742e9404bb{height:32px;}<\/style>\n<div class=\"ld-empty-space ld_spacer_69d742e9404bb\"><\/div>[vc_row_inner content_placement=\u00bbtop\u00bb][vc_column_inner width=\u00bb1\/2&#8243;][vc_column_text]Un <b>aula sensorial<\/b> es un espacio especialmente dise\u00f1ado dentro de un CAM o una escuela para proporcionar estimulaci\u00f3n sensorial controlada. Estas aulas est\u00e1n equipadas con una variedad de elementos y dispositivos que permiten a los estudiantes explorar diferentes sensaciones y desarrollar habilidades cognitivas, motoras y emocionales.<\/p>\n<p>Las aulas sensoriales son especialmente beneficiosas para ni\u00f1os con autismo, discapacidades intelectuales, y otras condiciones que afectan el procesamiento sensorial.[\/vc_column_text][\/vc_column_inner][vc_column_inner width=\u00bb1\/2&#8243;][vc_single_image image=\u00bb8723&#8243;][\/vc_column_inner][\/vc_row_inner][\/vc_column][\/vc_row][vc_row css=\u00bb.vc_custom_1717722347447{padding-top: 50px !important;padding-bottom: 50px !important;}\u00bb][vc_column][vc_row_inner content_placement=\u00bbmiddle\u00bb][vc_column_inner width=\u00bb1\/2&#8243;][vc_column_text]Los CAM y las aulas sensoriales son componentes clave en la educaci\u00f3n especial, proporcionando un entorno adaptado que promueve el aprendizaje y el bienestar de los estudiantes con necesidades especiales.<\/p>\n<p>Los\u00a0 CAM que trabajan con\u00a0<b>alumnos neurodivergentes<\/b>, adec\u00faan un espacio\u00a0especialmente dise\u00f1ado para que los ni\u00f1os o adolescentes con alg\u00fan tipo de necesidad educativa sensorial,\u00a0 conductual o neurol\u00f3gica, tengan la oportunidad de aprender a\u00a0interactuar con su medio.\u00a0 Mientras reconocen su entorno, pueden aprender a regularse, relajarse y estimular sus sentidos, por ello a estos espacios se les llama\u00a0<b>\u201caula multisensorial\u201d<\/b>.<\/p>\n<p>Algunos de los beneficios de un Aula Multisensorial<\/p>\n<p>\u2705Favorecen la integraci\u00f3n de los sentidos en ni\u00f1os que tienen alg\u00fan tipo de diagn\u00f3stico de tipo sensorial, neuronal o f\u00edsico.<\/p>\n<p>\u2705Mejoran la calidad de vida de los alumnos al recurrir al aprendizaje y al desarrollo de habilidades a trav\u00e9s de los est\u00edmulos.<\/p>\n<p>\u2705Son fant\u00e1sticas para los ni\u00f1os o adolescentes que requieren de un apoyo terap\u00e9utico, sobre todo para quienes tienen un Trastorno del Espectro Autista (TEA), debido a que estimulan la concentraci\u00f3n y mejoran la capacidad de atenci\u00f3n.<\/p>\n<p>\u2705Estimulan las relaciones sociales en un ambiente seguro y relajado.<\/p>\n<p>\u2705Recurren a actividades que se centran en mejorar la coordinaci\u00f3n de los ni\u00f1os y j\u00f3venes.<\/p>\n<p>\u2705Mejoran las habilidades de comunicaci\u00f3n de los alumnos. Esto ofrece diversidad de ventajas para todos los chicos, pero en especial para los ni\u00f1os con un diagn\u00f3stico de TEA<\/p>\n<p>\u2705Las aulas multisensoriales promueven la integraci\u00f3n de los sentidos, ayudando a los ni\u00f1os con discapacidad a procesar y organizar la informaci\u00f3n sensorial de manera m\u00e1s efectiva. Esto es especialmente beneficioso para las personas con trastornos del espectro autista (TEA), ya que mejora su capacidad de concentraci\u00f3n y atenci\u00f3n.<\/p>\n<p>En conclusi\u00f3n, un aula multisensorial ofrece un enfoque educativo integral que potencia el aprendizaje y desarrollo de los ni\u00f1os o adolescentes con necesidades especiales a trav\u00e9s de sus sentidos.[\/vc_column_text][\/vc_column_inner][vc_column_inner width=\u00bb1\/2&#8243;][vc_single_image image=\u00bb8641&#8243;][vc_single_image image=\u00bb8652&#8243;][vc_single_image image=\u00bb8728&#8243;][\/vc_column_inner][\/vc_row_inner][\/vc_column][\/vc_row][vc_row content_placement=\u00bbmiddle\u00bb row_scale_bg_onhover=\u00bbyes\u00bb enable_overlay=\u00bbyes\u00bb css=\u00bb.vc_custom_1745883071438{padding-top: 60px !important;padding-bottom: 60px !important;background-image: url(https:\/\/susistemapruebas.com\/grapi\/wp-content\/uploads\/2025\/04\/aula5.jpg?id=8730) !important;background-position: center !important;background-repeat: no-repeat !important;background-size: cover !important;}\u00bb overlay_bg=\u00bbrgba(0, 0, 0, 0.22)\u00bb hover_overlay_bg=\u00bbrgba(0, 0, 0, 0.4)\u00bb responsive_css=\u00bbpadding_top_medium:100px|padding_bottom_medium:80px|padding_top_small:60px|padding_bottom_small:60px\u00bb][vc_column align=\u00bbtext-center\u00bb responsive_align=\u00bbtext-md-left\u00bb css=\u00bb.vc_custom_1717722698798{margin-bottom: 45px !important;}\u00bb]<style>.ld_fancy_heading_69d742e94070c p{color:rgb(255, 255, 255);}.ld_fancy_heading_69d742e94070c p {font-size:25px; } @media (min-width: 768px) { .ld_fancy_heading_69d742e94070c p {font-size:35px; }  } .ld_fancy_heading_69d742e94070c p {letter-spacing:-0.01em; } .ld_fancy_heading_69d742e94070c p {margin-bottom:0px !important;  } .ld_fancy_heading_69d742e94070c .lqd-highlight-inner{height:0.275em!important;bottom:0px!important;}.ld_fancy_heading_69d742e94070c p {font-size:25px; } @media (min-width: 768px) { .ld_fancy_heading_69d742e94070c p {font-size:35px; }  } .ld_fancy_heading_69d742e94070c p {letter-spacing:-0.01em; } .ld_fancy_heading_69d742e94070c p {margin-bottom:0px !important;  } <\/style><div class=\"ld-fancy-heading mask-text text-center ld_fancy_heading_69d742e94070c\">\n\t<p class=\"ld-fh-element lqd-highlight-underline lqd-highlight-grow-left text-decoration-default lqd-split-lines\"   data-split-text=\"true\" data-split-options='{\"type\":\"lines\"}' data-custom-animations=\"true\" data-ca-options='{\"triggerHandler\":\"inview\",\"animationTarget\":\".lqd-lines > .split-inner\",\"duration\":\"1800\",\"delay\":\"180\",\"ease\":\"power4.out\",\"direction\":\"forward\",\"initValues\":{\"y\":90},\"animations\":{\"y\":0}}'>  <b>Dise\u00f1o Sensorial <\/b>El dise\u00f1o sensorial en las Aulas multisensoriales se centra en crear espacios que consideren y respondan a las diferentes formas en que las personas perciben y responden al entorno. En un contexto educativo, esto significa dise\u00f1ar aulas que reduzcan el estr\u00e9s sensorial y maximicen el confort y la atenci\u00f3n.<\/p><\/div><style>.ld_fancy_heading_69d742e940aa2 p{color:rgb(255, 255, 255);}.ld_fancy_heading_69d742e940aa2 p {font-size:25px; } @media (min-width: 768px) { .ld_fancy_heading_69d742e940aa2 p {font-size:35px; }  } .ld_fancy_heading_69d742e940aa2 p {letter-spacing:-0.01em; } .ld_fancy_heading_69d742e940aa2 p {margin-bottom:0px !important;  } .ld_fancy_heading_69d742e940aa2 .lqd-highlight-inner{height:0.275em!important;bottom:0px!important;}.ld_fancy_heading_69d742e940aa2 p {font-size:25px; } @media (min-width: 768px) { .ld_fancy_heading_69d742e940aa2 p {font-size:35px; }  } .ld_fancy_heading_69d742e940aa2 p {letter-spacing:-0.01em; } .ld_fancy_heading_69d742e940aa2 p {margin-bottom:0px !important;  } <\/style><div class=\"ld-fancy-heading mask-text text-center ld_fancy_heading_69d742e940aa2\">\n\t<p class=\"ld-fh-element lqd-highlight-underline lqd-highlight-grow-left text-decoration-default lqd-split-lines\"   data-split-text=\"true\" data-split-options='{\"type\":\"lines\"}' data-custom-animations=\"true\" data-ca-options='{\"triggerHandler\":\"inview\",\"animationTarget\":\".lqd-lines > .split-inner\",\"duration\":\"1800\",\"delay\":\"180\",\"ease\":\"power4.out\",\"direction\":\"forward\",\"initValues\":{\"y\":90},\"animations\":{\"y\":0}}'>  El dise\u00f1o del Aula sensorial no es solo una tendencia, sino\u00a0<b>una necesidad en la creaci\u00f3n de entornos educativos inclusivos y efectivos<\/b>. Adoptar estas estrategias puede marcar una gran diferencia en la vida de los estudiantes neurodivergentes, ayud\u00e1ndoles a alcanzar su m\u00e1ximo potencial.<\/p>\n<p>Tenemos grandes opciones solicita informaci\u00f3n a: info@grupoorthos.com.mx o env\u00edanos un WhatsApp : 773 139 2924<\/p><\/div>[\/vc_column][\/vc_row][vc_row css=\u00bb.vc_custom_1717722919938{padding-top: 50px !important;padding-bottom: 50px !important;background-color: #ffddc5 !important;}\u00bb][vc_column][vc_row_inner content_placement=\u00bbmiddle\u00bb][vc_column_inner width=\u00bb1\/2&#8243;][vc_column_text]Dise\u00f1o de Aulas sensoriales basado en la neuro arquitectura<\/p>\n<p>Esto resulta en espacios altamente funcionales y terap\u00e9uticos, donde cada elemento \u2013 desde la iluminaci\u00f3n hasta la distribuci\u00f3n del mobiliario \u2013 trabaja en sinergia para ofrecer un entorno estimulante y a la vez regulador.<\/p>\n<p>Al incorporar principios de la neuro arquitectura, podemos crear espacios sensoriales que:<\/p>\n<p>\u2705 Reduzcan el estr\u00e9s y la ansiedad<br \/>\n\u2705 Favorezcan el bienestar, la concentraci\u00f3n y la creatividad<br \/>\n\u2705 Ofrezcan entornos adaptables que respondan a las necesidades sensoriales individuales[\/vc_column_text][\/vc_column_inner][vc_column_inner width=\u00bb1\/2&#8243;][vc_single_image image=\u00bb8649&#8243;][vc_single_image image=\u00bb8648&#8243;][\/vc_column_inner][\/vc_row_inner][\/vc_column][\/vc_row][vc_row css=\u00bb.vc_custom_1717723217512{padding-top: 50px !important;padding-bottom: 50px !important;}\u00bb][vc_column][vc_row_inner content_placement=\u00bbmiddle\u00bb][vc_column_inner width=\u00bb1\/2&#8243;][vc_column_text]Dise\u00f1ar aulas sensoriales basadas en la neuro arquitectura significa crear espacios inteligentes que no solo sean est\u00e9ticamente agradables, sino tambi\u00e9n capaces de influir positivamente en el comportamiento, la atenci\u00f3n y el bienestar emocional. Este enfoque interdisciplinario, que une arquitectura, neurociencia y pedagog\u00eda, abre la puerta a entornos m\u00e1s humanizados y efectivos para el aprendizaje y la terapia.[\/vc_column_text][\/vc_column_inner][vc_column_inner width=\u00bb1\/2&#8243;][vc_single_image image=\u00bb8735&#8243;][\/vc_column_inner][\/vc_row_inner][\/vc_column][\/vc_row][vc_row content_placement=\u00bbmiddle\u00bb css=\u00bb.vc_custom_1717723322705{padding-top: 50px !important;padding-bottom: 50px !important;background-color: #dac9df !important;}\u00bb][vc_column][vc_row_inner content_placement=\u00bbtop\u00bb][vc_column_inner width=\u00bb1\/2&#8243;][vc_column_text]<\/p>\n<div class=\"azoom-text-details\">\n<h2><strong>ASESORIA CON 20 A\u00d1OS DE EXPERIENCIA<\/strong><\/h2>\n<p>Contamos con TERAPEUTAS SNOEZELEN certificadas por ISNA Espa\u00f1a, La asesor\u00eda que proporcionamos consiste proponerles y recomendar las mejores opciones en materia, informaci\u00f3n concreta sobre los EQUIPAMIENTOS SENSORIALES: dise\u00f1o, mediciones, reuniones, describiendo y desglosados todos los servicios y\/o productos que les ofrecemos adem\u00e1s de las ESPECIFICACIONES ESTRUCTURALES PARA LA INSTALACI\u00d3N DE ESPACIOS SENSORIALES de manera profesional por nuestra parte.<\/p>\n<\/div>\n<p>[\/vc_column_text]<style>.ld_button_69d742e940dc9.btn-icon-solid .btn-icon{background:rgb(255, 0, 0);}.ld_button_69d742e940dc9.btn-icon-circle.btn-icon-ripple .btn-icon:before{border-color:rgb(255, 0, 0);}.ld_button_69d742e940dc9{background-color:rgb(255, 0, 0);border-color:rgb(255, 0, 0);}.ld_button_69d742e940dc9 .btn-gradient-border defs stop:first-child{stop-color:rgb(255, 0, 0);}.ld_button_69d742e940dc9 .btn-gradient-border defs stop:last-child{stop-color:rgb(255, 0, 0);}<\/style><a href=\"https:\/\/susistemapruebas.com\/grapi\/contacto\/\" title=\"Contacto\" class=\"btn btn-solid border-thin btn-has-label ld_button_69d742e940dc9\" >\n\t<span>\n\t\t\n\t\t\t\t\t<span class=\"btn-txt\" data-text=\"Cont\u00e1ctanos\" >Cont\u00e1ctanos<\/span>\n\t\t\t\n\t\t\t\t\t<\/span>\n<\/a>\n[\/vc_column_inner][vc_column_inner width=\u00bb1\/2&#8243;]<style>.ld_spacer_69d742e94417d{height:60px;}<\/style>\n<div class=\"ld-empty-space ld_spacer_69d742e94417d\"><\/div>[vc_single_image image=\u00bb8737&#8243;][\/vc_column_inner][\/vc_row_inner][\/vc_column][\/vc_row]<\/p>\n","protected":false},"excerpt":{"rendered":"<p>[vc_row css=\u00bb.vc_custom_1717610396110{padding-top: 50px !important;padding-bottom: 50px !important;background-image: url(https:\/\/susistemapruebas.com\/grapi\/wp-content\/uploads\/2024\/06\/encabezados.webp?id=5470) !important;background-position: center !important;background-repeat: no-repeat !important;background-size: cover !important;}\u00bb][vc_column][\/vc_column][\/vc_row][vc_row css=\u00bb.vc_custom_1717722908045{padding-top: 50px !important;padding-bottom: 50px !important;background-color: #ffddc5 !important;}\u00bb][vc_column][vc_row_inner content_placement=\u00bbtop\u00bb][vc_column_inner width=\u00bb1\/2&#8243;][vc_column_text]Un aula sensorial es un espacio especialmente dise\u00f1ado dentro de un CAM o una escuela para proporcionar estimulaci\u00f3n sensorial controlada. Estas aulas est\u00e1n equipadas con una variedad de elementos y dispositivos que permiten [&hellip;]<\/p>\n","protected":false},"author":1,"featured_media":0,"parent":0,"menu_order":0,"comment_status":"closed","ping_status":"closed","template":"","meta":{"footnotes":""},"class_list":["post-8722","page","type-page","status-publish","hentry"],"_links":{"self":[{"href":"https:\/\/susistemapruebas.com\/grapi\/wp-json\/wp\/v2\/pages\/8722","targetHints":{"allow":["GET"]}}],"collection":[{"href":"https:\/\/susistemapruebas.com\/grapi\/wp-json\/wp\/v2\/pages"}],"about":[{"href":"https:\/\/susistemapruebas.com\/grapi\/wp-json\/wp\/v2\/types\/page"}],"author":[{"embeddable":true,"href":"https:\/\/susistemapruebas.com\/grapi\/wp-json\/wp\/v2\/users\/1"}],"replies":[{"embeddable":true,"href":"https:\/\/susistemapruebas.com\/grapi\/wp-json\/wp\/v2\/comments?post=8722"}],"version-history":[{"count":22,"href":"https:\/\/susistemapruebas.com\/grapi\/wp-json\/wp\/v2\/pages\/8722\/revisions"}],"predecessor-version":[{"id":8872,"href":"https:\/\/susistemapruebas.com\/grapi\/wp-json\/wp\/v2\/pages\/8722\/revisions\/8872"}],"wp:attachment":[{"href":"https:\/\/susistemapruebas.com\/grapi\/wp-json\/wp\/v2\/media?parent=8722"}],"curies":[{"name":"wp","href":"https:\/\/api.w.org\/{rel}","templated":true}]}}